{"id":150397,"date":"2024-03-06T16:51:29","date_gmt":"2025-06-07T11:00:06","guid":{"rendered":"https:\/\/kingarms.ee\/product\/makarovas-mp-654-baikalas\/"},"modified":"2025-06-07T14:00:06","modified_gmt":"2025-06-07T11:00:06","slug":"makarovas-mp-654-baikalas","status":"publish","type":"product","link":"https:\/\/kingarms.ee\/lt\/product\/makarovas-mp-654-baikalas\/","title":{"rendered":"Makarovas MP &#8211; 654 (Baikalas)"},"content":{"rendered":"<p><img loading=\"lazy\" decoding=\"async\" class=\"alignnone size-full wp-image-99452\" src=\"https:\/\/kingarms.ee\/wp-content\/uploads\/2024\/03\/MP654K-88_BAIKAL_00000.jpg\" alt=\"\" width=\"1861\" height=\"1460\" srcset=\"https:\/\/kingarms.ee\/wp-content\/uploads\/2024\/03\/MP654K-88_BAIKAL_00000.jpg 1861w, https:\/\/kingarms.ee\/wp-content\/uploads\/2024\/03\/MP654K-88_BAIKAL_00000-300x235.jpg 300w, https:\/\/kingarms.ee\/wp-content\/uploads\/2024\/03\/MP654K-88_BAIKAL_00000-1024x803.jpg 1024w, https:\/\/kingarms.ee\/wp-content\/uploads\/2024\/03\/MP654K-88_BAIKAL_00000-768x603.jpg 768w, https:\/\/kingarms.ee\/wp-content\/uploads\/2024\/03\/MP654K-88_BAIKAL_00000-1536x1205.jpg 1536w, https:\/\/kingarms.ee\/wp-content\/uploads\/2024\/03\/MP654K-88_BAIKAL_00000-500x392.jpg 500w, https:\/\/kingarms.ee\/wp-content\/uploads\/2024\/03\/MP654K-88_BAIKAL_00000-150x118.jpg 150w\" sizes=\"auto, (max-width: 1861px) 100vw, 1861px\" \/><\/p>\n","protected":false},"excerpt":{"rendered":"<p>Makarovas MP &#8211; 654 (Baikalas)<\/p>\n<p><b>Makarovo pistoletas<\/b> arba <b>PM<\/b> (rus. <span lang=\"ru\">\u041f\u0438\u0441\u0442\u043e\u043b\u0435\u0442 \u041c\u0430\u043a\u0430\u0440\u043e\u0432\u0430<\/span>, <i><b>pistoletas<\/b> <b>Makarova<\/b><\/i>) &#8211; i\u0161 prad\u017ei\u0173 rusi\u0161kas pusiau automatinis pistoletas. Pistoleto k\u016brimui vadovavo Nikolajus Fiodorovi\u010dius Makarovas, o 1951-1991 m. jis tapo standartiniu soviet\u0173 kariuomen\u0117s ir milicijos pistoletu. &#8220;KingArms&#8221; parduodamas ginklas &#8211; tai Co2 energija varoma 4,5 mm dvivamzd\u017eio pneumatinio \u0161autuvo versija, kuri yra tiksli garsiojo ginklo kopija.<\/p>\n<p>T\u00f6\u00f6re\u017eiim: poolautomaatne<br \/>\nKaliiber: 4,5 mm (.177)<br \/>\nKere materjal: metallisulam<br \/>\nKuulid: 4,5 mm terashaavlid<br \/>\nSalve maht: 15 kuuli<br \/>\nEnergia: &lt; 3,0 J<br \/>\nV\u00e4ljalaskekiirus: 127 m\/s<br \/>\nKaal: 780 g<\/p>\n","protected":false},"featured_media":134971,"template":"","meta":{"_acf_changed":false},"product_brand":[],"product_cat":[1143],"product_tag":[],"class_list":{"0":"post-150397","1":"product","2":"type-product","3":"status-publish","4":"has-post-thumbnail","6":"product_cat-rankinis-ginklas","8":"first","9":"instock","10":"sale","11":"taxable","12":"shipping-taxable","13":"purchasable","14":"product-type-simple"},"acf":[],"_links":{"self":[{"href":"https:\/\/kingarms.ee\/lt\/wp-json\/wp\/v2\/product\/150397","targetHints":{"allow":["GET"]}}],"collection":[{"href":"https:\/\/kingarms.ee\/lt\/wp-json\/wp\/v2\/product"}],"about":[{"href":"https:\/\/kingarms.ee\/lt\/wp-json\/wp\/v2\/types\/product"}],"wp:featuredmedia":[{"embeddable":true,"href":"https:\/\/kingarms.ee\/lt\/wp-json\/wp\/v2\/media\/134971"}],"wp:attachment":[{"href":"https:\/\/kingarms.ee\/lt\/wp-json\/wp\/v2\/media?parent=150397"}],"wp:term":[{"taxonomy":"product_brand","embeddable":true,"href":"https:\/\/kingarms.ee\/lt\/wp-json\/wp\/v2\/product_brand?post=150397"},{"taxonomy":"product_cat","embeddable":true,"href":"https:\/\/kingarms.ee\/lt\/wp-json\/wp\/v2\/product_cat?post=150397"},{"taxonomy":"product_tag","embeddable":true,"href":"https:\/\/kingarms.ee\/lt\/wp-json\/wp\/v2\/product_tag?post=150397"}],"curies":[{"name":"wp","href":"https:\/\/api.w.org\/{rel}","templated":true}]}}