{"id":150400,"date":"2024-03-05T13:50:16","date_gmt":"2025-06-07T11:09:29","guid":{"rendered":"https:\/\/kingarms.ee\/product\/sytong-naktinis-laikrodis-su-nuotolio-ieskikliu-ht-77-lrf\/"},"modified":"2025-06-07T14:09:29","modified_gmt":"2025-06-07T11:09:29","slug":"sytong-naktinis-laikrodis-su-nuotolio-ieskikliu-ht-77-lrf","status":"publish","type":"product","link":"https:\/\/kingarms.ee\/lt\/product\/sytong-naktinis-laikrodis-su-nuotolio-ieskikliu-ht-77-lrf\/","title":{"rendered":"Sytong Naktinis Laikrodis su nuotolio ie\u0161kikliu (HT-77 LRF)"},"content":{"rendered":"<p><img loading=\"lazy\" decoding=\"async\" class=\"alignnone size-full wp-image-99420\" src=\"https:\/\/kingarms.ee\/wp-content\/uploads\/2024\/03\/ht-77_5.png\" alt=\"\" width=\"1709\" height=\"1200\" srcset=\"https:\/\/kingarms.ee\/wp-content\/uploads\/2024\/03\/ht-77_5.png 1709w, https:\/\/kingarms.ee\/wp-content\/uploads\/2024\/03\/ht-77_5-300x211.png 300w, https:\/\/kingarms.ee\/wp-content\/uploads\/2024\/03\/ht-77_5-1024x719.png 1024w, https:\/\/kingarms.ee\/wp-content\/uploads\/2024\/03\/ht-77_5-768x539.png 768w, https:\/\/kingarms.ee\/wp-content\/uploads\/2024\/03\/ht-77_5-1536x1079.png 1536w, https:\/\/kingarms.ee\/wp-content\/uploads\/2024\/03\/ht-77_5-500x351.png 500w, https:\/\/kingarms.ee\/wp-content\/uploads\/2024\/03\/ht-77_5-150x105.png 150w\" sizes=\"auto, (max-width: 1709px) 100vw, 1709px\" \/><\/p>\n","protected":false},"excerpt":{"rendered":"<p>Sytong Naktinis Laikrodis su nuotolio ie\u0161kikliu (HT-77 LRF)<\/p>\n<p>Techniniai duomenys:<\/p>\n<p>Prek\u0117s numeris: HT-77 LRF<br \/>\nProdukto pavadinimas: sytong skaitmeninis naktinio matymo prietaisas su lazeriniu nuotolio ie\u0161kikliu<\/p>\n<p>Jutiklis: SONY HD CMOS<br \/>\nVaizdo skiriamoji geba (Pikseliai): 2608 1944 (5 megapikseliai)<br \/>\nVaizdo skiriamoji geba (pikseliai): 1920 ir 1080 (Full HD), 30 kadr\u0173 per sekund\u0119<br \/>\nOptinis priartinimas: 4 kartus<br \/>\nSkaitmeninis priartinimas: 1-3, 5 karto<br \/>\nOLED ekrano skiriamoji geba (Pikseliai): 1280 kart\u0173 960<br \/>\nTiesioginis vaizdo \u012fra\u0161as \u012f galin\u012f \u012frengin\u012f: taip<br \/>\nPip (paveiksl\u0117lis paveiksl\u0117lyje): taip<\/p>\n<p>Objektyvo skersmuo (mm): 16<br \/>\nMatymo laukas (100 m): apytiksliai. 32 m<br \/>\nFokusavimo diapazonas (cm): 3-Begalyb\u0117<br \/>\nDioptrij\u0173 reguliavimas: + 5 ~ -5 <\/p>\n<p>Integruotas nuotolio ie\u0161kiklis (LRF): taip<br \/>\nLRF diapazonas( m): 800 m-1000 m<br \/>\nRe\u017eimai: Diena + 2 Naktiniai re\u017eimai (\u0161v + \u017ealia)<\/p>\n<p>Atminties kortel\u0117: microSD 32 GB maks<br \/>\nM-Lan (bevielis internetas) s\u0105saja \/ programa: taip<\/p>\n<p>Baterijos tipas: 18650<br \/>\n\u012erenginys \u012fkraunamas: taip, \u012fmontuotas USB-C prievadas<\/p>\n<p>Tinka okuliaro skersmeniui (mm): 25-47 (su adapteriu)<br \/>\nPicatinny lizdas yra: taip<br \/>\nGalimas trikojo sriegis: taip<\/p>\n<p>Atsparumas oro s\u0105lygoms: IPS6<br \/>\nDarbin\u0117s temperat\u016bros diapazonas : &#8211; 20ulgc iki +50ulgc<br \/>\nAtsparumas sm\u016bgiams( atatrankos j\u0117ga): iki 6000 d\u017eauli\u0173<\/p>\n<p>Matmenys: 111 mm 62 mm 106 mm<br \/>\nGrynasis svoris (g): 330 g<\/p>\n","protected":false},"featured_media":134956,"template":"","meta":{"_acf_changed":false},"product_brand":[],"product_cat":[1176],"product_tag":[],"class_list":{"0":"post-150400","1":"product","2":"type-product","3":"status-publish","4":"has-post-thumbnail","6":"product_cat-naktinio-matymo-iranga","8":"first","9":"instock","10":"taxable","11":"shipping-taxable","12":"purchasable","13":"product-type-simple"},"acf":[],"_links":{"self":[{"href":"https:\/\/kingarms.ee\/lt\/wp-json\/wp\/v2\/product\/150400","targetHints":{"allow":["GET"]}}],"collection":[{"href":"https:\/\/kingarms.ee\/lt\/wp-json\/wp\/v2\/product"}],"about":[{"href":"https:\/\/kingarms.ee\/lt\/wp-json\/wp\/v2\/types\/product"}],"wp:featuredmedia":[{"embeddable":true,"href":"https:\/\/kingarms.ee\/lt\/wp-json\/wp\/v2\/media\/134956"}],"wp:attachment":[{"href":"https:\/\/kingarms.ee\/lt\/wp-json\/wp\/v2\/media?parent=150400"}],"wp:term":[{"taxonomy":"product_brand","embeddable":true,"href":"https:\/\/kingarms.ee\/lt\/wp-json\/wp\/v2\/product_brand?post=150400"},{"taxonomy":"product_cat","embeddable":true,"href":"https:\/\/kingarms.ee\/lt\/wp-json\/wp\/v2\/product_cat?post=150400"},{"taxonomy":"product_tag","embeddable":true,"href":"https:\/\/kingarms.ee\/lt\/wp-json\/wp\/v2\/product_tag?post=150400"}],"curies":[{"name":"wp","href":"https:\/\/api.w.org\/{rel}","templated":true}]}}