{"id":150402,"date":"2024-03-05T13:41:16","date_gmt":"2025-06-07T11:28:14","guid":{"rendered":"https:\/\/kingarms.ee\/product\/termovizorius-sytong-ss03-35mm\/"},"modified":"2025-06-07T14:28:14","modified_gmt":"2025-06-07T11:28:14","slug":"termovizorius-sytong-ss03-35mm","status":"publish","type":"product","link":"https:\/\/kingarms.ee\/lt\/product\/termovizorius-sytong-ss03-35mm\/","title":{"rendered":"Termovizorius SYTONG SS03 35MM"},"content":{"rendered":"<p><img loading=\"lazy\" decoding=\"async\" class=\"alignnone size-full wp-image-99402\" src=\"https:\/\/kingarms.ee\/wp-content\/uploads\/2024\/03\/Sytong-XS03-35-Handheld-Thermal-Camera-384x288-12um_1.jpg\" alt=\"\" width=\"1000\" height=\"1000\" srcset=\"https:\/\/kingarms.ee\/wp-content\/uploads\/2024\/03\/Sytong-XS03-35-Handheld-Thermal-Camera-384x288-12um_1.jpg 1000w, https:\/\/kingarms.ee\/wp-content\/uploads\/2024\/03\/Sytong-XS03-35-Handheld-Thermal-Camera-384x288-12um_1-300x300.jpg 300w, https:\/\/kingarms.ee\/wp-content\/uploads\/2024\/03\/Sytong-XS03-35-Handheld-Thermal-Camera-384x288-12um_1-150x150.jpg 150w, https:\/\/kingarms.ee\/wp-content\/uploads\/2024\/03\/Sytong-XS03-35-Handheld-Thermal-Camera-384x288-12um_1-768x768.jpg 768w, https:\/\/kingarms.ee\/wp-content\/uploads\/2024\/03\/Sytong-XS03-35-Handheld-Thermal-Camera-384x288-12um_1-500x500.jpg 500w\" sizes=\"auto, (max-width: 1000px) 100vw, 1000px\" \/><\/p>\n","protected":false},"excerpt":{"rendered":"<p>Sytong SS03-35 yra kompakti\u0161kas termovizinis monokuliaras. 2023. met\u0173 auk\u0161t\u0173j\u0173 technologij\u0173 naujov\u0117 sukurta ant modernaus IR jutiklio, kuris pateikia auk\u0161tos kokyb\u0117s vaizdus su itin didel\u0117mis detal\u0117mis. 3000 metr\u0173 aptikimo diapazonas buvo patvirtintas daugybe eksperiment\u0173. Optinio priartinimo diapazonas leid\u017eia priartinti ir i\u0161samiai i\u0161nagrin\u0117ti net labai toli esant\u012f objekt\u0105. Visk\u0105, k\u0105 matote termovizoriuje, galima \u012fra\u0161yti su garso \u012fra\u0161u vaizdo \u012fra\u0161e. Siekiant pagerinti kokyb\u0119, yra spalvot\u0173 ekran\u0173 schem\u0173 rinkinys, keli vaizdiniai efektai. Belaid\u017eio interneto modulis skirtas dirbti su Android ir iOS skaitmeniniais \u012frenginiais. Labiausiai teigiam\u0173 atsiliepim\u0173 i\u0161 savinink\u0173 sulauk\u0117 sytong SS03-35 \u0161ilumos kamera. Ki\u0161eninis monokul su geriausi\u0173 rinkos atstov\u0173 galimyb\u0117mis yra skirtas pla\u010diausiam program\u0173 spektrui. Jis gali b\u016bti vienodai gerai naudojamas ie\u0161kant gyv\u016bn\u0173, med\u017eiokl\u0117s, gelb\u0117jimo darb\u0173, patruliuojant teritorij\u0105 saugumo tikslais ir kt.        <\/p>\n<p>Techniniai duomenys:<\/p>\n<p>Jutiklis (karinis):<br \/>\nTipas nesekamas<br \/>\nRezoliucija pikselis. 384h288 padid\u0117j\u0119s jautrumas<br \/>\nKadr\u0173 Da\u017enis 50 Hz<br \/>\nUodegos Pikseliai 12-m<br \/>\nNETD &lt; 30mK <\/p>\n<p>Optin\u0117s savyb\u0117s:<br \/>\nObjektyvas f35mm, f\/1.0<br \/>\nPadidinimas 1,5 Karto\/2,0 Karto\/2,8 Karto<br \/>\nNuolatinis Skaitmeninis priartinimas 1 \/ 2 \/ 4 \/ 6 \/ 8<br \/>\nAki\u0173 reljefas 30 mm<br \/>\nDioptrij\u0173 reguliavimas + 5 \/ -5 dioptrijos<\/p>\n<p>Detektoriaus atstumas (auk\u0161tis 1,7 m, plotis 0,5 m): 1750 m<\/p>\n<p>Arti diapazonas 5m -,<\/p>\n<p>Ekranas:<br \/>\nSpalv\u0173 Palet\u0117s Juoda Kar\u0161ta, Balta Kar\u0161ta, Raudona Kar\u0161ta, Fusion, Defog<br \/>\nTipas \/ rezoliucija 0.39 coli\u0173 \/ AMOLED \/ 1024H768<\/p>\n<p>Eksploatacin\u0117s charakteristikos:<br \/>\n3D giroskopas ne<br \/>\nKar\u0161to steb\u0117jimo taip<br \/>\nMaitinimo \u0160altinis 3-4. 2 V<br \/>\nBaterija 18650\/3200 mAh<br \/>\nI\u0161orinis maitinimo \u0161altinis 5V (USB)<br \/>\nDarbo laikas (t=22ege) 4 valandos<br \/>\nMaksimali atsitraukimo j\u0117ga d\u017eauliais<br \/>\nAtsparus vandeniui IP66<br \/>\nDarbin\u0117 temperat\u016bra-20ege&#8230;50\u2103<br \/>\nMatmenys 156h54h75mm<br \/>\nSvoris 308 g<\/p>\n<p>Vaizdo \u012fra\u0161ymo \u012frenginys:<br \/>\nVaizdo \/ nuotrauk\u0173 rezoliucija 1024h768<br \/>\nVaizdo \u012fra\u0161as \/ nuotrauka .mp4\/.jpg formatas<br \/>\nAtminties tipas FAT32 TF kortel\u0117, maksimalus palaikymas 128G<\/p>\n","protected":false},"featured_media":134948,"template":"","meta":{"_acf_changed":false},"product_brand":[],"product_cat":[1182],"product_tag":[],"class_list":{"0":"post-150402","1":"product","2":"type-product","3":"status-publish","4":"has-post-thumbnail","6":"product_cat-silumines-kameros","8":"first","9":"instock","10":"sale","11":"taxable","12":"shipping-taxable","13":"purchasable","14":"product-type-simple"},"acf":[],"_links":{"self":[{"href":"https:\/\/kingarms.ee\/lt\/wp-json\/wp\/v2\/product\/150402","targetHints":{"allow":["GET"]}}],"collection":[{"href":"https:\/\/kingarms.ee\/lt\/wp-json\/wp\/v2\/product"}],"about":[{"href":"https:\/\/kingarms.ee\/lt\/wp-json\/wp\/v2\/types\/product"}],"wp:featuredmedia":[{"embeddable":true,"href":"https:\/\/kingarms.ee\/lt\/wp-json\/wp\/v2\/media\/134948"}],"wp:attachment":[{"href":"https:\/\/kingarms.ee\/lt\/wp-json\/wp\/v2\/media?parent=150402"}],"wp:term":[{"taxonomy":"product_brand","embeddable":true,"href":"https:\/\/kingarms.ee\/lt\/wp-json\/wp\/v2\/product_brand?post=150402"},{"taxonomy":"product_cat","embeddable":true,"href":"https:\/\/kingarms.ee\/lt\/wp-json\/wp\/v2\/product_cat?post=150402"},{"taxonomy":"product_tag","embeddable":true,"href":"https:\/\/kingarms.ee\/lt\/wp-json\/wp\/v2\/product_tag?post=150402"}],"curies":[{"name":"wp","href":"https:\/\/api.w.org\/{rel}","templated":true}]}}