{"id":150406,"date":"2024-03-05T13:12:52","date_gmt":"2025-06-07T11:39:44","guid":{"rendered":"https:\/\/kingarms.ee\/product\/sytong-naktinio-matymo-ht-88-naktinio-matymo-prietaisas\/"},"modified":"2025-06-07T14:39:44","modified_gmt":"2025-06-07T11:39:44","slug":"sytong-naktinio-matymo-ht-88-naktinio-matymo-prietaisas","status":"publish","type":"product","link":"https:\/\/kingarms.ee\/lt\/product\/sytong-naktinio-matymo-ht-88-naktinio-matymo-prietaisas\/","title":{"rendered":"Sytong naktinio matymo HT &#8211; 88 naktinio matymo prietaisas"},"content":{"rendered":"<p><img loading=\"lazy\" decoding=\"async\" class=\"alignnone size-full wp-image-99364\" src=\"https:\/\/kingarms.ee\/wp-content\/uploads\/2024\/03\/Sytong-Night-vision-device-HT-88-16mm-940nm-48mm-Eyepiece-German-Edition.jpg\" alt=\"\" width=\"800\" height=\"800\" srcset=\"https:\/\/kingarms.ee\/wp-content\/uploads\/2024\/03\/Sytong-Night-vision-device-HT-88-16mm-940nm-48mm-Eyepiece-German-Edition.jpg 800w, https:\/\/kingarms.ee\/wp-content\/uploads\/2024\/03\/Sytong-Night-vision-device-HT-88-16mm-940nm-48mm-Eyepiece-German-Edition-300x300.jpg 300w, https:\/\/kingarms.ee\/wp-content\/uploads\/2024\/03\/Sytong-Night-vision-device-HT-88-16mm-940nm-48mm-Eyepiece-German-Edition-150x150.jpg 150w, https:\/\/kingarms.ee\/wp-content\/uploads\/2024\/03\/Sytong-Night-vision-device-HT-88-16mm-940nm-48mm-Eyepiece-German-Edition-768x768.jpg 768w, https:\/\/kingarms.ee\/wp-content\/uploads\/2024\/03\/Sytong-Night-vision-device-HT-88-16mm-940nm-48mm-Eyepiece-German-Edition-500x500.jpg 500w\" sizes=\"auto, (max-width: 800px) 100vw, 800px\" \/><\/p>\n","protected":false},"excerpt":{"rendered":"<p>Sytong naktinio matymo HT &#8211; 88 naktinio matymo prietaisas<\/p>\n<p>SYTONG HT-88 HD dvejopo naudojimo nv850 Naktinis matymas su 16 mm objektyvu yra naujai sukurtas sytong naktinio matymo \u012frenginys, apr\u016bpintas naujausiu SONY FULL-HD (SONY HD CMOS) jutikliu ir naujojo SONY OLED \u012frenginio ekranu, kurio skiriamoji geba yra 1440 kart\u0173 1080 pikseli\u0173.<\/p>\n<p>Sytong ht-88 (16mm objektyvas) privalumai:<br \/>\n&#8211; privalumas taip pat yra reguliuoti fokusavim\u0105 i\u0161 \u012frenginio \u0161ono, prietaiso fokusavimas yra 2,5-8 cm<br \/>\n&#8211; Ht-88 balistinis atsparumas (atsparumas sm\u016bgiams) yra apie 6000 J<br \/>\n&#8211; pats prietaisas turi \u012fmontuot\u0105 girometro jutikl\u012f su sukimosi kampu ir pasvirimo kampu<br \/>\n&#8211; paveiksl\u0117lis paveiksl\u0117lyje funkcija<br \/>\n&#8211; Vaizdo ir vaizdo atk\u016brimo funkcija (MP4 Vaizdo formatas, AVI vaizdo tipas)<br \/>\n&#8211; tyl\u016bs mygtukai, esantys \u012frenginio \u0161one, supaprastintas \u012frenginio valdymas<br \/>\n&#8211; tinka naudoti dien\u0105 ir nakt\u012f (dienos re\u017eimai + 2 Naktiniai re\u017eimai (BV + \u017ealia)<br \/>\n&#8211; naudojant prietais\u0105 be papildomo padidinimo per optin\u012f taikikl\u012f, prietaisas su 2 kartus optiniu ir skaitmeniniu priartinimu (1-3, 5 karto) leid\u017eia ai\u0161kiai atpa\u017einti gyv\u016bnus ma\u017edaug 250 metr\u0173 atstumu.<br \/>\n&#8211; duomen\u0173 perdavimas per VLAN, \u012frenginyje telpa iki 32 GB atminties kortel\u0117<br \/>\n&#8211; prietaiso veikimas nuo 18650 \u012fkraunamos baterijos, veikimo laikas ma\u017edaug 6-8 valandos (akumuliatoriaus skyrius vir\u0161uje)<br \/>\n&#8211; \u012frenginio veikimas su 3,6 V \u012ftampa, C tipo USB jungties tipas<br \/>\n&#8211; prietaisas turi Picatinny ir trikojo laikikl\u012f<\/p>\n<p>Dydis (mm): 115h103h62<br \/>\nGrynasis svoris (g): 270<br \/>\nNuotraukos skiriamoji geba (Pikseliai): 2608-1944 (5 megapikseliai)<br \/>\nVaizdo rai\u0161ka (Pikseliai): 1920-1080 (Full HD)<br \/>\nKadr\u0173 da\u017enis (fps): 30 kadr\u0173 per sekund\u0119<br \/>\nTinka okuliarams (mm): 25-47<br \/>\nDioptrij\u0173 reguliavimas: +5 \/ -5<br \/>\nTemperat\u016bros diapazonas :- 20ulge C iki +50ulge C<br \/>\nRealaus laiko vaizdo perk\u0117limas \u012f galin\u012f \u012frengin\u012f: taip<br \/>\nMeniu keliomis kalbomis: taip<br \/>\n\u012emontuota infraraudon\u0173j\u0173 spinduli\u0173 lempa: taip, 850 nm<\/p>\n","protected":false},"featured_media":134959,"template":"","meta":{"_acf_changed":false},"product_brand":[],"product_cat":[1176],"product_tag":[],"class_list":{"0":"post-150406","1":"product","2":"type-product","3":"status-publish","4":"has-post-thumbnail","6":"product_cat-naktinio-matymo-iranga","8":"first","9":"instock","10":"taxable","11":"shipping-taxable","12":"purchasable","13":"product-type-simple"},"acf":[],"_links":{"self":[{"href":"https:\/\/kingarms.ee\/lt\/wp-json\/wp\/v2\/product\/150406","targetHints":{"allow":["GET"]}}],"collection":[{"href":"https:\/\/kingarms.ee\/lt\/wp-json\/wp\/v2\/product"}],"about":[{"href":"https:\/\/kingarms.ee\/lt\/wp-json\/wp\/v2\/types\/product"}],"wp:featuredmedia":[{"embeddable":true,"href":"https:\/\/kingarms.ee\/lt\/wp-json\/wp\/v2\/media\/134959"}],"wp:attachment":[{"href":"https:\/\/kingarms.ee\/lt\/wp-json\/wp\/v2\/media?parent=150406"}],"wp:term":[{"taxonomy":"product_brand","embeddable":true,"href":"https:\/\/kingarms.ee\/lt\/wp-json\/wp\/v2\/product_brand?post=150406"},{"taxonomy":"product_cat","embeddable":true,"href":"https:\/\/kingarms.ee\/lt\/wp-json\/wp\/v2\/product_cat?post=150406"},{"taxonomy":"product_tag","embeddable":true,"href":"https:\/\/kingarms.ee\/lt\/wp-json\/wp\/v2\/product_tag?post=150406"}],"curies":[{"name":"wp","href":"https:\/\/api.w.org\/{rel}","templated":true}]}}