{"id":150408,"date":"2024-03-05T13:06:19","date_gmt":"2025-06-07T11:53:13","guid":{"rendered":"https:\/\/kingarms.ee\/product\/termovizorius-sytong-gs03-25lrf\/"},"modified":"2025-06-07T14:53:13","modified_gmt":"2025-06-07T11:53:13","slug":"termovizorius-sytong-gs03-25lrf","status":"publish","type":"product","link":"https:\/\/kingarms.ee\/lt\/product\/termovizorius-sytong-gs03-25lrf\/","title":{"rendered":"Termovizorius Sytong GS03-25LRF"},"content":{"rendered":"<p><img loading=\"lazy\" decoding=\"async\" class=\"alignnone size-full wp-image-99344\" src=\"https:\/\/kingarms.ee\/wp-content\/uploads\/2024\/03\/08967f7c-b75e-11ed-b779-00155d65b408_5592cd3e-b75e-11ed-b779-00155d65b408-2.webp\" alt=\"\" width=\"760\" height=\"630\" srcset=\"https:\/\/kingarms.ee\/wp-content\/uploads\/2024\/03\/08967f7c-b75e-11ed-b779-00155d65b408_5592cd3e-b75e-11ed-b779-00155d65b408-2.webp 760w, https:\/\/kingarms.ee\/wp-content\/uploads\/2024\/03\/08967f7c-b75e-11ed-b779-00155d65b408_5592cd3e-b75e-11ed-b779-00155d65b408-2-300x249.webp 300w, https:\/\/kingarms.ee\/wp-content\/uploads\/2024\/03\/08967f7c-b75e-11ed-b779-00155d65b408_5592cd3e-b75e-11ed-b779-00155d65b408-2-500x414.webp 500w, https:\/\/kingarms.ee\/wp-content\/uploads\/2024\/03\/08967f7c-b75e-11ed-b779-00155d65b408_5592cd3e-b75e-11ed-b779-00155d65b408-2-150x124.webp 150w\" sizes=\"auto, (max-width: 760px) 100vw, 760px\" \/><\/p>\n","protected":false},"excerpt":{"rendered":"<p>Sytong nuotolio ie\u0161kiklio \u0161ilumin\u0117 kamera-monoklis gali b\u016bti naudojamas steb\u0117jimui ir fotografavimui\/filmavimui bet kokiu ap\u0161vietimo lygiu, temperat\u016bros diapazonu -20 &#8230; +50c. objektyvas-2 kartus, \u017didinio nuotolis 25 mm, Skaitmeninis priartinimas (1&#8230;8) leid\u017eia pakeisti pagrindin\u012f priartinim\u0105 nuo 2 iki 16 kart\u0173. Rankinis objektyvo fokusavimas, minimalus atstumas yra 5 m.  <\/p>\n<p>AMOLED tipo ekranas, kurio \u012fstri\u017eain\u0117 yra 0,39 &#8220;, o skiriamoji geba-1024arg 768. Turi 6 schemas: juoda kar\u0161ta, balta kar\u0161ta, raudona kar\u0161ta, sintez\u0117, tikslinis akcentas, kra\u0161tas. Yra galimyb\u0117 pagerinti vaizd\u0105: reguliavimas 5 ry\u0161kumo lygiai, 10 kontrasto lygi\u0173, 4 detali\u0173 re\u017eimai, 50 Hz kadr\u0173 atnaujinimo da\u017enis.  <\/p>\n<p>Jutiklis, kurio skiriamoji geba yra 384aig 288, i\u0161skiria ta\u0161kus, kuri\u0173 temperat\u016bros skirtumas yra 0,03 aig. 1,7 arba 0,5 M dyd\u017eio objekto aptikimo diapazonas yra 1250 m. Lazerinis nuotolio ie\u0161kiklis matuoja iki 1 km 1 m tikslumu.kar\u0161to sekimo re\u017eimas leid\u017eia sekti auk\u0161tos temperat\u016bros objektus.   <\/p>\n<p>Galima saugoti nuotraukas ir vaizdo \u012fra\u0161us, kuri\u0173 skiriamoji geba yra 1024arg 768, su garsu arba be jo, i\u0161imamoje atminties kortel\u0117je (nepridedama). Sytong GS03-25 LRF \u0161ilumin\u0117 kamera realiuoju laiku pateikia vaizdo i\u0161vest\u012f \u012f i\u0161orin\u012f ekran\u0105, kai prijungiama per belaid\u012f internet\u0105 arba TV OUT jungt\u012f. <\/p>\n<p>B-Pack 6000 mAh nei\u0161imama baterija u\u017etikrina iki 9 valand\u0173 naudojim\u0105 ir gali b\u016bti \u012fkraunama per USB. Galima sukonfig\u016bruoti automati\u0161kai i\u0161sijungti po 3 ar 5 minu\u010di\u0173 neveikimo. Prietaisas yra apsaugotas nuo dulki\u0173 ir dr\u0117gm\u0117s (IP65). Yra 1\/4 &#8221; lizdas, skirtas montuoti ant trikojo.   <\/p>\n<p>Ypatumas:<br \/>\n&#8211; Matrica-384didelis 288 (12 mikron\u0173, NETD &lt; 30MK);<br \/>\n-okuliaro fokusavimas i\u0161 naujo \u2013 -5&#8230; + 5 dioptrijos;<br \/>\n&#8211; objektyvas-F19 mm;<br \/>\n&#8211; i\u0161\u0117jimo \u0161uniuko pa\u0161alinimas-30 mm;<\/p>\n","protected":false},"featured_media":134912,"template":"","meta":{"_acf_changed":false},"product_brand":[],"product_cat":[1182],"product_tag":[],"class_list":{"0":"post-150408","1":"product","2":"type-product","3":"status-publish","4":"has-post-thumbnail","6":"product_cat-silumines-kameros","8":"first","9":"instock","10":"sale","11":"taxable","12":"shipping-taxable","13":"purchasable","14":"product-type-simple"},"acf":[],"_links":{"self":[{"href":"https:\/\/kingarms.ee\/lt\/wp-json\/wp\/v2\/product\/150408","targetHints":{"allow":["GET"]}}],"collection":[{"href":"https:\/\/kingarms.ee\/lt\/wp-json\/wp\/v2\/product"}],"about":[{"href":"https:\/\/kingarms.ee\/lt\/wp-json\/wp\/v2\/types\/product"}],"wp:featuredmedia":[{"embeddable":true,"href":"https:\/\/kingarms.ee\/lt\/wp-json\/wp\/v2\/media\/134912"}],"wp:attachment":[{"href":"https:\/\/kingarms.ee\/lt\/wp-json\/wp\/v2\/media?parent=150408"}],"wp:term":[{"taxonomy":"product_brand","embeddable":true,"href":"https:\/\/kingarms.ee\/lt\/wp-json\/wp\/v2\/product_brand?post=150408"},{"taxonomy":"product_cat","embeddable":true,"href":"https:\/\/kingarms.ee\/lt\/wp-json\/wp\/v2\/product_cat?post=150408"},{"taxonomy":"product_tag","embeddable":true,"href":"https:\/\/kingarms.ee\/lt\/wp-json\/wp\/v2\/product_tag?post=150408"}],"curies":[{"name":"wp","href":"https:\/\/api.w.org\/{rel}","templated":true}]}}