{"id":150410,"date":"2024-03-05T13:02:57","date_gmt":"2025-06-07T12:02:37","guid":{"rendered":"https:\/\/kingarms.ee\/product\/termovizorius-sytong-gs06-25lrf\/"},"modified":"2025-06-07T15:02:37","modified_gmt":"2025-06-07T12:02:37","slug":"termovizorius-sytong-gs06-25lrf","status":"publish","type":"product","link":"https:\/\/kingarms.ee\/lt\/product\/termovizorius-sytong-gs06-25lrf\/","title":{"rendered":"Termovizorius Sytong GS06-25LRF"},"content":{"rendered":"<p><img loading=\"lazy\" decoding=\"async\" class=\"alignnone size-full wp-image-99329\" src=\"https:\/\/kingarms.ee\/wp-content\/uploads\/2024\/03\/2d214336-b763-11ed-b779-00155d65b408_908f3171-bc08-11ed-b779-00155d65b408-2.webp\" alt=\"\" width=\"961\" height=\"963\" srcset=\"https:\/\/kingarms.ee\/wp-content\/uploads\/2024\/03\/2d214336-b763-11ed-b779-00155d65b408_908f3171-bc08-11ed-b779-00155d65b408-2.webp 961w, https:\/\/kingarms.ee\/wp-content\/uploads\/2024\/03\/2d214336-b763-11ed-b779-00155d65b408_908f3171-bc08-11ed-b779-00155d65b408-2-300x300.webp 300w, https:\/\/kingarms.ee\/wp-content\/uploads\/2024\/03\/2d214336-b763-11ed-b779-00155d65b408_908f3171-bc08-11ed-b779-00155d65b408-2-150x150.webp 150w, https:\/\/kingarms.ee\/wp-content\/uploads\/2024\/03\/2d214336-b763-11ed-b779-00155d65b408_908f3171-bc08-11ed-b779-00155d65b408-2-768x770.webp 768w, https:\/\/kingarms.ee\/wp-content\/uploads\/2024\/03\/2d214336-b763-11ed-b779-00155d65b408_908f3171-bc08-11ed-b779-00155d65b408-2-500x501.webp 500w\" sizes=\"auto, (max-width: 961px) 100vw, 961px\" \/><\/p>\n","protected":false},"excerpt":{"rendered":"<p>Nuotolio ie\u0161kiklis ir 640. kompakti\u0161kas termovizorius Sytong gs06-25lrf (1,2 karto) su matrica yra skirtas steb\u0117ti mieste ir gamtoje skirtingomis oro s\u0105lygomis. Prietaisas &#8220;mato&#8221; per r\u016bk\u0105 ir d\u016bmus, suteikia vartotojui ai\u0161k\u0173 ir informatyv\u0173 vaizd\u0105 sniege ir lietuje, atlieka linijinius matavimus 1000 m spinduliu ir gali atpa\u017einti asmen\u012f i\u0161 1250 m atstumo plan\u0161etinis kompiuteris (belaidis internetas) arba televizorius (TV out).  <\/p>\n<p>Jutiklis 640-480 (12-ulgm, NETD &lt; 30MK). 6 spalv\u0173 schemos.<br \/>\nPadidinimas 1,2-9,6 karto, aptikimo diapazonas &#8211; 1,25 km.<br \/>\nLazerinis nuotolio ie\u0161kiklis, lazerinis \u017eymeklis, &#8220;kar\u0161t\u0173&#8221; ta\u0161k\u0173 sekimas.<br \/>\nKalibravimas su u\u017euol&lt;ikmatis.<br \/>\nGreita prad\u017eia ( 3 s), Miego re\u017eimas, Automatinis i\u0161jungimas.<br \/>\nNei\u0161imama baterija, USB jungtis, 9 valandos veikimo laiko.<br \/>\nBelaidis internetas, vaizdo i\u0161vestis, nuotrauk\u0173 \/ vaizdo \u012fra\u0161ymas i\u0161imamoje TF kortel\u0117je.<br \/>\nKompakti\u0161kas dizainas su apsauga nuo lietaus ir dulki\u0173 (IP65), veikia \u0161altu ir kar\u0161tu oru (-20 miesto C\/+50 miesto C).<br \/>\nRankinis arba trikojis (1, 4&#8243;) steb\u0117jimai. Dir\u017eas \u012ftrauktas.  <\/p>\n<p>Ma\u017eas optinis padidinimas 1,2 karto derinamas su geru matymo lauku ir aptikimo diapazonu iki 1,25 km. D\u0117l 640-480 pikseli\u0173 matricos \u0161ilumin\u0117 kamera mato i\u0161samesn\u012f ir sodresn\u012f vaizd\u0105 nakt\u012f ir visi\u0161koje tamsoje, o jautrumas auk\u0161tai temperat\u016brai (NETD) leid\u017eia atskirti temperat\u016bros kontrastus 0,003 laipsni\u0173 lygiu ir u\u017etikrinti efektyvi\u0105 vizualizacij\u0105. <\/p>\n<p>Lazerinis nuotolio ie\u0161kiklis veikia bet kokioje \u0161viesoje ir matuoja iki 1000 m tikslumu iki metro; 905 nm lazerio spindulys yra nematomas plika akimi (ir neatskleid\u017eia steb\u0117tojo pad\u0117ties), o matuojant spindulio kryptis atitinka AMOLED ekrano centr\u0105.<\/p>\n<p>Galingas 8 kart\u0173 skaitmeninis priartinimas padidina pagrindin\u012f priartinim\u0105 iki 9,6 karto, pagerindamas detalum\u0105 ir aptikim\u0105 nepakenkdamas vaizdo kokybei. Lazerio \u017eym\u0117jimas (LCD) veikia tamsoje kaip lazerinis \u017eymeklis ir yra ai\u0161kiai matomas dideliu atstumu. <\/p>\n<p>\u012ekraunamos baterijos nereikia keisti ir ji \u012fkraunama per USB \u012f kompiuter\u012f, maitinimo tinkl\u0105 arba maitinimo blok\u0105 (5V2A). &#8220;Miegas&#8221; leid\u017eia taupyti akumuliatoriaus energij\u0105 ir greitai gr\u012f\u017eti \u012f darb\u0105. <\/p>\n<p>Nuotrauk\u0173\/vaizdo \u012fra\u0161\u0173 fotografavimo m\u0117g\u0117jams \u012frenginyje yra \u012fra\u0161ymo \u012frenginys ir mikrofonas. Infraraudon\u0173j\u0173 spinduli\u0173 vaizdas, kurio skiriamoji geba yra 1024arg 768, \u012fra\u0161omas \u012f i\u0161imam\u0105 atminties kortel\u0119 (kortel\u0117 perkama atskirai). Termovizorius taip pat gali b\u016bti naudojamas kaip nuotolin\u0117, autonomin\u0117 steb\u0117jimo kamera su realaus laiko vaizdo i\u0161vestimi \u012f i\u0161orin\u012f ekran\u0105 \u2013 tiesiog prijunkite \u012frengin\u012f prie i\u0161maniojo telefono\/plan\u0161etinio kompiuterio (belaid\u017eio interneto) arba televizoriaus (TV out).  <\/p>\n","protected":false},"featured_media":134904,"template":"","meta":{"_acf_changed":false},"product_brand":[],"product_cat":[1182],"product_tag":[],"class_list":{"0":"post-150410","1":"product","2":"type-product","3":"status-publish","4":"has-post-thumbnail","6":"product_cat-silumines-kameros","8":"first","9":"instock","10":"sale","11":"taxable","12":"shipping-taxable","13":"purchasable","14":"product-type-simple"},"acf":[],"_links":{"self":[{"href":"https:\/\/kingarms.ee\/lt\/wp-json\/wp\/v2\/product\/150410","targetHints":{"allow":["GET"]}}],"collection":[{"href":"https:\/\/kingarms.ee\/lt\/wp-json\/wp\/v2\/product"}],"about":[{"href":"https:\/\/kingarms.ee\/lt\/wp-json\/wp\/v2\/types\/product"}],"wp:featuredmedia":[{"embeddable":true,"href":"https:\/\/kingarms.ee\/lt\/wp-json\/wp\/v2\/media\/134904"}],"wp:attachment":[{"href":"https:\/\/kingarms.ee\/lt\/wp-json\/wp\/v2\/media?parent=150410"}],"wp:term":[{"taxonomy":"product_brand","embeddable":true,"href":"https:\/\/kingarms.ee\/lt\/wp-json\/wp\/v2\/product_brand?post=150410"},{"taxonomy":"product_cat","embeddable":true,"href":"https:\/\/kingarms.ee\/lt\/wp-json\/wp\/v2\/product_cat?post=150410"},{"taxonomy":"product_tag","embeddable":true,"href":"https:\/\/kingarms.ee\/lt\/wp-json\/wp\/v2\/product_tag?post=150410"}],"curies":[{"name":"wp","href":"https:\/\/api.w.org\/{rel}","templated":true}]}}