{"id":150411,"date":"2024-03-05T12:53:16","date_gmt":"2025-06-07T12:18:46","guid":{"rendered":"https:\/\/kingarms.ee\/product\/termovizorius-sytong-ys03-25\/"},"modified":"2025-06-07T15:18:46","modified_gmt":"2025-06-07T12:18:46","slug":"termovizorius-sytong-ys03-25","status":"publish","type":"product","link":"https:\/\/kingarms.ee\/lt\/product\/termovizorius-sytong-ys03-25\/","title":{"rendered":"Termovizorius Sytong YS03-25"},"content":{"rendered":"<p><img loading=\"lazy\" decoding=\"async\" class=\"alignnone size-full wp-image-99314\" src=\"https:\/\/kingarms.ee\/wp-content\/uploads\/2024\/03\/624bd350-b804-11ed-b779-00155d65b408_515a84aa-bc26-11ed-b779-00155d65b408-2.jpg\" alt=\"\" width=\"944\" height=\"944\" srcset=\"https:\/\/kingarms.ee\/wp-content\/uploads\/2024\/03\/624bd350-b804-11ed-b779-00155d65b408_515a84aa-bc26-11ed-b779-00155d65b408-2.jpg 944w, https:\/\/kingarms.ee\/wp-content\/uploads\/2024\/03\/624bd350-b804-11ed-b779-00155d65b408_515a84aa-bc26-11ed-b779-00155d65b408-2-300x300.jpg 300w, https:\/\/kingarms.ee\/wp-content\/uploads\/2024\/03\/624bd350-b804-11ed-b779-00155d65b408_515a84aa-bc26-11ed-b779-00155d65b408-2-150x150.jpg 150w, https:\/\/kingarms.ee\/wp-content\/uploads\/2024\/03\/624bd350-b804-11ed-b779-00155d65b408_515a84aa-bc26-11ed-b779-00155d65b408-2-768x768.jpg 768w, https:\/\/kingarms.ee\/wp-content\/uploads\/2024\/03\/624bd350-b804-11ed-b779-00155d65b408_515a84aa-bc26-11ed-b779-00155d65b408-2-500x500.jpg 500w\" sizes=\"auto, (max-width: 944px) 100vw, 944px\" \/><\/p>\n","protected":false},"excerpt":{"rendered":"<p>Ne\u0161iojamas termovizorius-sytong ys03-25 monoklis (2 kartus, F25) su belaid\u017eiu internetu, \u012fra\u0161ymo \u012frenginiu ir 8 kart\u0173 priartinimu yra skirtas steb\u0117ti vis\u0105 par\u0105 ir fotografuoti infraraudon\u0173j\u0173 spinduli\u0173 nuotraukas\/vaizdo \u012fra\u0161us mieste ir gamtoje, o termini\u0173 taikini\u0173 aptikimo diapazonas tamsoje yra apie 1,25 km.<\/p>\n<p>Matrica 384 apkrova 288 (12 apkrova, NETD&lt;30MK) ir f25mm objektyvas.<br \/>\nDidinimas 2 kartus&#8230;16 kart\u0173. aptikimo diapazonas-iki 1250 m.<br \/>\nSkaitmeninis priartinimas 1 &#8230; 8, LCC (Lazeris), &#8220;kar\u0161t\u0173&#8221; ta\u0161k\u0173 aptikimas.<br \/>\nI\u0161saugokite nuotrauk\u0105 \/ vaizdo \u012fra\u0161\u0105 \u012f i\u0161imam\u0105 atminties kortel\u0119 su garsu.<br \/>\nBelaidis internetas (Sytong programa), vaizdo i\u0161vestis (TV jungtis).<br \/>\n9 valandos nepertraukiamo darbo. Integruota baterija. USB-C<br \/>\n2 kalibravimo tipai (su u\u017eraktu). Automatinis i\u0161jungimas<br \/>\nAMOLED 1280p ekranas, 6 palet\u0117s, miego re\u017eimas.<br \/>\nApsaugotas nuo dulki\u0173 ir lietaus (IP65), darbin\u0117 temperat\u016bra-20aver\u0173 C \/ + 50aver\u0173 C. montavimas ant trikojo (1, 4&#8243;).     <\/p>\n<p>Labai jautrus IR jutiklis i\u0161skiria ir fiksuoja temperat\u016bros kontrastus 0,03 laipsnio (NETD &lt;30 mK), o prietaisas taip pat rodo ai\u0161kesn\u012f ir informatyvesn\u012f vaizd\u0105 esant blogam orui nei pana\u0161\u016bs ne\u0161iojamieji termovizoriai. Su NETD&lt;40 mK . <\/p>\n<p>Gali suaktyvinti \u012fra\u0161ymo \u012frengin\u012f ir mikrofon\u0105. Failai, kuri\u0173 skiriamoji geba yra 1024arg 768, \u012fra\u0161omi \u012f i\u0161imam\u0105 atminties kortel\u0119 (\u012fsigyjama atskirai), o vaizduose n\u0117ra informacijos apie paslaug\u0105, i\u0161skyrus \u012fra\u0161ymo dat\u0105 ir laik\u0105. <\/p>\n","protected":false},"featured_media":134896,"template":"","meta":{"_acf_changed":false},"product_brand":[],"product_cat":[1182],"product_tag":[],"class_list":{"0":"post-150411","1":"product","2":"type-product","3":"status-publish","4":"has-post-thumbnail","6":"product_cat-silumines-kameros","8":"first","9":"instock","10":"sale","11":"taxable","12":"shipping-taxable","13":"purchasable","14":"product-type-simple"},"acf":[],"_links":{"self":[{"href":"https:\/\/kingarms.ee\/lt\/wp-json\/wp\/v2\/product\/150411","targetHints":{"allow":["GET"]}}],"collection":[{"href":"https:\/\/kingarms.ee\/lt\/wp-json\/wp\/v2\/product"}],"about":[{"href":"https:\/\/kingarms.ee\/lt\/wp-json\/wp\/v2\/types\/product"}],"wp:featuredmedia":[{"embeddable":true,"href":"https:\/\/kingarms.ee\/lt\/wp-json\/wp\/v2\/media\/134896"}],"wp:attachment":[{"href":"https:\/\/kingarms.ee\/lt\/wp-json\/wp\/v2\/media?parent=150411"}],"wp:term":[{"taxonomy":"product_brand","embeddable":true,"href":"https:\/\/kingarms.ee\/lt\/wp-json\/wp\/v2\/product_brand?post=150411"},{"taxonomy":"product_cat","embeddable":true,"href":"https:\/\/kingarms.ee\/lt\/wp-json\/wp\/v2\/product_cat?post=150411"},{"taxonomy":"product_tag","embeddable":true,"href":"https:\/\/kingarms.ee\/lt\/wp-json\/wp\/v2\/product_tag?post=150411"}],"curies":[{"name":"wp","href":"https:\/\/api.w.org\/{rel}","templated":true}]}}