{"id":150413,"date":"2024-03-01T18:20:39","date_gmt":"2025-06-07T12:20:48","guid":{"rendered":"https:\/\/kingarms.ee\/product\/vyras-kung-blokkabch-175lbs-black-mk-xb25b\/"},"modified":"2025-06-07T15:20:48","modified_gmt":"2025-06-07T12:20:48","slug":"vyras-kung-blokkabch-175lbs-black-mk-xb25b","status":"publish","type":"product","link":"https:\/\/kingarms.ee\/lt\/product\/vyras-kung-blokkabch-175lbs-black-mk-xb25b\/","title":{"rendered":"Vyras Kung Blokkabch 175lbs Black (Mk-xb25b)"},"content":{"rendered":"<p><img loading=\"lazy\" decoding=\"async\" class=\"alignnone size-full wp-image-98902\" src=\"https:\/\/kingarms.ee\/wp-content\/uploads\/2024\/03\/man-kung-pre-strung-recurve-crossbow-specter-175-lbs-black-mk-xb25b.jpg\" alt=\"\" width=\"600\" height=\"600\" srcset=\"https:\/\/kingarms.ee\/wp-content\/uploads\/2024\/03\/man-kung-pre-strung-recurve-crossbow-specter-175-lbs-black-mk-xb25b.jpg 600w, https:\/\/kingarms.ee\/wp-content\/uploads\/2024\/03\/man-kung-pre-strung-recurve-crossbow-specter-175-lbs-black-mk-xb25b-300x300.jpg 300w, https:\/\/kingarms.ee\/wp-content\/uploads\/2024\/03\/man-kung-pre-strung-recurve-crossbow-specter-175-lbs-black-mk-xb25b-150x150.jpg 150w, https:\/\/kingarms.ee\/wp-content\/uploads\/2024\/03\/man-kung-pre-strung-recurve-crossbow-specter-175-lbs-black-mk-xb25b-500x500.jpg 500w\" sizes=\"auto, (max-width: 600px) 100vw, 600px\" \/><\/p>\n","protected":false},"excerpt":{"rendered":"<p>Vyras Kung Blokkabch 175lbs Black (Mk-xb25b)<\/p>\n<p>Techniniai duomenys:<\/p>\n<p>Compund amb \u0161m\u0117kla vyras kung gamyba.<br \/>\n175 Svarai.<br \/>\n260 kadr\u0173 per sekund\u0119.<br \/>\npavara 12 coli\u0173.<br \/>\nStiklo pluo\u0161to gal\u016bn\u0117s.<br \/>\nRaudonas ta\u0161kas su trigubu raudonu ta\u0161ku, 11 intensyvumo lygi\u0173, reguliuojamas auk\u0161tyn ir CR2032 baterija.<br \/>\nAliuminio strypas ir skriemuliai.<br \/>\nSusitraukianti polimerin\u0117 med\u017eiaga su reguliuojamo auk\u0161\u010dio skruost\u0173 pagalv\u0117le ir gumuota pe\u010di\u0173 pagalv\u0117le.<br \/>\nSauso ugnies inhibitoriaus technologija, apsauganti nuo \u012fbr\u0117\u017eim\u0173.<br \/>\nPristatymas 20 mm.<br \/>\nGuminiai vibracijos slopintuvai.<br \/>\nAteina su 4 18 &#8221; rodykl\u0117s rodykl\u0117s laikikliu.<br \/>\nAteina su krautuvu.<br \/>\nPridedamas ne\u0161iojimo dir\u017eelis ir va\u0161kas.<br \/>\nIlgis 81-86 cm.<br \/>\nSvoris 2600 g.<\/p>\n","protected":false},"featured_media":134849,"template":"","meta":{"_acf_changed":false},"product_brand":[],"product_cat":[1152],"product_tag":[],"class_list":{"0":"post-150413","1":"product","2":"type-product","3":"status-publish","4":"has-post-thumbnail","6":"product_cat-skersiniai","8":"first","9":"instock","10":"taxable","11":"shipping-taxable","12":"purchasable","13":"product-type-simple"},"acf":[],"_links":{"self":[{"href":"https:\/\/kingarms.ee\/lt\/wp-json\/wp\/v2\/product\/150413","targetHints":{"allow":["GET"]}}],"collection":[{"href":"https:\/\/kingarms.ee\/lt\/wp-json\/wp\/v2\/product"}],"about":[{"href":"https:\/\/kingarms.ee\/lt\/wp-json\/wp\/v2\/types\/product"}],"wp:featuredmedia":[{"embeddable":true,"href":"https:\/\/kingarms.ee\/lt\/wp-json\/wp\/v2\/media\/134849"}],"wp:attachment":[{"href":"https:\/\/kingarms.ee\/lt\/wp-json\/wp\/v2\/media?parent=150413"}],"wp:term":[{"taxonomy":"product_brand","embeddable":true,"href":"https:\/\/kingarms.ee\/lt\/wp-json\/wp\/v2\/product_brand?post=150413"},{"taxonomy":"product_cat","embeddable":true,"href":"https:\/\/kingarms.ee\/lt\/wp-json\/wp\/v2\/product_cat?post=150413"},{"taxonomy":"product_tag","embeddable":true,"href":"https:\/\/kingarms.ee\/lt\/wp-json\/wp\/v2\/product_tag?post=150413"}],"curies":[{"name":"wp","href":"https:\/\/api.w.org\/{rel}","templated":true}]}}