{"id":150416,"date":"2024-01-31T13:51:32","date_gmt":"2024-01-31T10:51:32","guid":{"rendered":"https:\/\/kingarms.ee\/product\/pepper-spray-defense-50ml\/"},"modified":"2025-06-07T15:35:56","modified_gmt":"2025-06-07T12:35:56","slug":"pepper-spray-defense-50ml","status":"publish","type":"product","link":"https:\/\/kingarms.ee\/lt\/product\/pepper-spray-defense-50ml\/","title":{"rendered":"Pepper spray Defense-50ml"},"content":{"rendered":"<p><img loading=\"lazy\" decoding=\"async\" class=\"alignnone size-full wp-image-97647\" src=\"https:\/\/kingarms.ee\/wp-content\/uploads\/2024\/01\/%D0%91%D0%B5%D0%B7-%D0%B8%D0%BC%D0%B5%D0%BD%D0%B8-1.jpg\" alt=\"\" width=\"500\" height=\"375\"><\/p>\n","protected":false},"excerpt":{"rendered":"<p>Pepper spray Defense-50ml<\/p>\n<p><b>Funkcija:<\/p>\n<p><\/b><\/p>\n<p><span style=\"font-weight: 400;\">Pipir\u0173 pur\u0161kimo gelis<\/span><\/p>\n<p><span style=\"font-weight: 400;\">Ma\u017eiau jautr\u016bs v\u0117jo g\u016bsiams.<\/span><\/p>\n<p><span style=\"font-weight: 400;\">Antgalis i\u0161stumia med\u017eiag\u0105 debesies pavidalu.<\/span><\/p>\n<p><span style=\"font-weight: 400;\">Geriau praturtinta formul\u0117 (2 000 000 SHU).<\/span><\/p>\n<p><span style=\"font-weight: 400;\">Greitas blasterio naudojimas, apsaugo nuo atsitiktinio naudojimo.<\/span><\/p>\n<p><span style=\"font-weight: 400;\">Akimirksniu i\u0161sklaido paraly\u017eiuojan\u010di\u0105 med\u017eiag\u0105.<\/span><\/p>\n<p><span style=\"font-weight: 400;\">Tam nereikia tikslaus nukreipimo \u012f agresori\u0173, kaip srauto atveju.<\/span><\/p>\n<p><span style=\"font-weight: 400;\">Veiksminga apsauga nuo u\u017epuolik\u0173 grupi\u0173 ir pavojing\u0173 gyv\u016bn\u0173.<\/span><\/p>\n<p><span style=\"font-weight: 400;\">Profesionali galva suteikia maksimal\u0173 diapazon\u0105 iki 5 metr\u0173.<\/span><\/p>\n<p><span style=\"font-weight: 400;\">Daugkartinis naudojimas ir apsauga nuo keli\u0173 u\u017epuolik\u0173.<\/span><\/p>\n<p><span style=\"font-weight: 400;\">Veikliosios med\u017eiagos sukibimas u\u017etikrina ilgesn\u012f duj\u0173 poveik\u012f.<\/span><\/p>\n<p><span style=\"font-weight: 400;\">Duj\u0173 srauto pakartojamumas ir jo taikymo sritis.<\/span><\/p>\n<p><span style=\"font-weight: 400;\">Galva yra atspari mechaniniams pa\u017eeidimams.<\/span><\/p>\n<p>&nbsp;<\/p>\n<p><b>Techniniai duomenys:<\/b><\/p>\n<p>&nbsp;<\/p>\n<p><span style=\"font-weight: 400;\">Veikliosios med\u017eiagos tipas: Gelis<\/span><\/p>\n<p><span style=\"font-weight: 400;\">Duj\u0173 tipas: pipirai<\/span><\/p>\n<p><span style=\"font-weight: 400;\">Purk\u0161tuko tipas: Pur\u0161kimas<\/span><\/p>\n<p><span style=\"font-weight: 400;\">Galvos Tipas: Klasikinis<\/span><\/p>\n<p><span style=\"font-weight: 400;\">Talpa: 2 000 000 SHU<\/span><\/p>\n<p><span style=\"font-weight: 400;\">Oleoresin Capsicum: 10% OC<\/span><\/p>\n<p><span style=\"font-weight: 400;\">Talpa: 50 ml<\/span><\/p>\n<p><span style=\"font-weight: 400;\">Matmenys: 112 mm ir 35 mm<\/span><\/p>\n<p><span style=\"font-weight: 400;\">Efektyvus diapazonas: 4-5 m<\/span><\/p>\n<p><span style=\"font-weight: 400;\">Gamybos \u0160alis: Vokietija<\/span><\/p>\n<p><span style=\"font-weight: 400;\">Gamintojas: Sharg<\/span><\/p>\n<p><span style=\"font-weight: 400;\">Tinkamumo laikas: 12\/2025<\/span><\/p>\n","protected":false},"featured_media":134716,"template":"","meta":{"_acf_changed":false},"product_brand":[],"product_cat":[1254],"product_tag":[],"class_list":{"0":"post-150416","1":"product","2":"type-product","3":"status-publish","4":"has-post-thumbnail","6":"product_cat-pipiru-purskiklis","8":"first","9":"instock","10":"taxable","11":"shipping-taxable","12":"purchasable","13":"product-type-simple"},"acf":[],"_links":{"self":[{"href":"https:\/\/kingarms.ee\/lt\/wp-json\/wp\/v2\/product\/150416","targetHints":{"allow":["GET"]}}],"collection":[{"href":"https:\/\/kingarms.ee\/lt\/wp-json\/wp\/v2\/product"}],"about":[{"href":"https:\/\/kingarms.ee\/lt\/wp-json\/wp\/v2\/types\/product"}],"wp:featuredmedia":[{"embeddable":true,"href":"https:\/\/kingarms.ee\/lt\/wp-json\/wp\/v2\/media\/134716"}],"wp:attachment":[{"href":"https:\/\/kingarms.ee\/lt\/wp-json\/wp\/v2\/media?parent=150416"}],"wp:term":[{"taxonomy":"product_brand","embeddable":true,"href":"https:\/\/kingarms.ee\/lt\/wp-json\/wp\/v2\/product_brand?post=150416"},{"taxonomy":"product_cat","embeddable":true,"href":"https:\/\/kingarms.ee\/lt\/wp-json\/wp\/v2\/product_cat?post=150416"},{"taxonomy":"product_tag","embeddable":true,"href":"https:\/\/kingarms.ee\/lt\/wp-json\/wp\/v2\/product_tag?post=150416"}],"curies":[{"name":"wp","href":"https:\/\/api.w.org\/{rel}","templated":true}]}}