{"id":150418,"date":"2024-01-18T14:49:20","date_gmt":"2025-06-07T12:44:40","guid":{"rendered":"https:\/\/kingarms.ee\/product\/tiross-multifunktsionaalne-lempa-40-smd-led-340lm-ts-1982\/"},"modified":"2025-06-07T15:44:40","modified_gmt":"2025-06-07T12:44:40","slug":"tiross-multifunktsionaalne-lempa-40-smd-led-340lm-ts-1982","status":"publish","type":"product","link":"https:\/\/kingarms.ee\/lt\/product\/tiross-multifunktsionaalne-lempa-40-smd-led-340lm-ts-1982\/","title":{"rendered":"Tiross multifunktsionaalne lempa 40 SMD LED 340LM TS-1982<br><br>"},"content":{"rendered":"","protected":false},"excerpt":{"rendered":"<p>Tiross multifunktsionaalne lempa 40 SMD LED 340LM TS-1982<\/p>\n<p><strong>Tiross<\/strong> daugiafunkcin\u0117 lempa. Puikiai tinka pasiimti \u012f kelion\u0119.<br \/>\nRy\u0161ki \u0161viesa, patvari ir kompakti\u0161ka lempa. Tai galima naudoti lemp\u0105<br \/>\ntaip pat kaip baterij\u0173 bankas.<\/p>\n<ul>\n<li>\u0160viesos \u0161altinis: 40 SMD LED<\/li>\n<li>\u0160viesos intensyvumas: 340lm<\/li>\n<li>\u012ekraunama baterija: 2400 mAh<\/li>\n<li>Pritemdomas \u0161viesos intensyvumas<\/li>\n<li>Galima naudoti kaip akumuliatori\u0173 bank\u0105<\/li>\n<li>USB kabelis \u012ftrauktas<\/li>\n<li>\u012ekrovimo laikas: 5h<\/li>\n<li>\u012ekrovimo metu lemput\u0117 turi b\u016bti i\u0161jungta<\/li>\n<\/ul>\n","protected":false},"featured_media":134017,"template":"","meta":{"_acf_changed":false},"product_brand":[],"product_cat":[1263],"product_tag":[],"class_list":{"0":"post-150418","1":"product","2":"type-product","3":"status-publish","4":"has-post-thumbnail","6":"product_cat-kelioniu-prekes","8":"first","9":"instock","10":"taxable","11":"shipping-taxable","12":"purchasable","13":"product-type-simple"},"acf":[],"_links":{"self":[{"href":"https:\/\/kingarms.ee\/lt\/wp-json\/wp\/v2\/product\/150418","targetHints":{"allow":["GET"]}}],"collection":[{"href":"https:\/\/kingarms.ee\/lt\/wp-json\/wp\/v2\/product"}],"about":[{"href":"https:\/\/kingarms.ee\/lt\/wp-json\/wp\/v2\/types\/product"}],"wp:featuredmedia":[{"embeddable":true,"href":"https:\/\/kingarms.ee\/lt\/wp-json\/wp\/v2\/media\/134017"}],"wp:attachment":[{"href":"https:\/\/kingarms.ee\/lt\/wp-json\/wp\/v2\/media?parent=150418"}],"wp:term":[{"taxonomy":"product_brand","embeddable":true,"href":"https:\/\/kingarms.ee\/lt\/wp-json\/wp\/v2\/product_brand?post=150418"},{"taxonomy":"product_cat","embeddable":true,"href":"https:\/\/kingarms.ee\/lt\/wp-json\/wp\/v2\/product_cat?post=150418"},{"taxonomy":"product_tag","embeddable":true,"href":"https:\/\/kingarms.ee\/lt\/wp-json\/wp\/v2\/product_tag?post=150418"}],"curies":[{"name":"wp","href":"https:\/\/api.w.org\/{rel}","templated":true}]}}