{"id":150431,"date":"2019-05-06T16:04:56","date_gmt":"2025-06-07T13:27:53","guid":{"rendered":"https:\/\/kingarms.ee\/product\/tappet-plokste-v3-guarder\/"},"modified":"2025-06-07T16:27:53","modified_gmt":"2025-06-07T13:27:53","slug":"tappet-plokste-v3-guarder","status":"publish","type":"product","link":"https:\/\/kingarms.ee\/lt\/product\/tappet-plokste-v3-guarder\/","title":{"rendered":"Tappet Plok\u0161t\u0117 V3 (Guarder)<br><br>"},"content":{"rendered":"<p><a href=\"https:\/\/kingarms.ee\/wp-content\/uploads\/2019\/05\/51d2fnzPhL._SL1100_-300x300.jpg\"><img loading=\"lazy\" decoding=\"async\" class=\"alignnone size-medium wp-image-14908\" src=\"https:\/\/kingarms.ee\/wp-content\/uploads\/2019\/05\/51d2fnzPhL._SL1100_-300x300.jpg\" alt=\"\" width=\"300\" height=\"300\" srcset=\"https:\/\/kingarms.ee\/wp-content\/uploads\/2019\/05\/51d2fnzPhL._SL1100_-300x300.jpg 300w, https:\/\/kingarms.ee\/wp-content\/uploads\/2019\/05\/51d2fnzPhL._SL1100_-150x150.jpg 150w, https:\/\/kingarms.ee\/wp-content\/uploads\/2019\/05\/51d2fnzPhL._SL1100_-500x500.jpg 500w, https:\/\/kingarms.ee\/wp-content\/uploads\/2019\/05\/51d2fnzPhL._SL1100_-768x768.jpg 768w, https:\/\/kingarms.ee\/wp-content\/uploads\/2019\/05\/51d2fnzPhL._SL1100_.jpg 1024w\" sizes=\"auto, (max-width: 300px) 100vw, 300px\" \/><\/a><\/p>\n","protected":false},"excerpt":{"rendered":"<p>Tappet Plok\u0161t\u0117 V3 (Guarder)<\/p>\n<p>V3 pavar\u0173 d\u0117\u017e\u0117 tappet plok\u0161t\u0117s tootjalt Guarder.<\/p>\n","protected":false},"featured_media":109757,"template":"","meta":{"_acf_changed":false},"product_brand":[],"product_cat":[1273],"product_tag":[],"class_list":{"0":"post-150431","1":"product","2":"type-product","3":"status-publish","4":"has-post-thumbnail","6":"product_cat-atsargines-dalys","8":"first","9":"instock","10":"taxable","11":"shipping-taxable","12":"purchasable","13":"product-type-simple"},"acf":[],"_links":{"self":[{"href":"https:\/\/kingarms.ee\/lt\/wp-json\/wp\/v2\/product\/150431","targetHints":{"allow":["GET"]}}],"collection":[{"href":"https:\/\/kingarms.ee\/lt\/wp-json\/wp\/v2\/product"}],"about":[{"href":"https:\/\/kingarms.ee\/lt\/wp-json\/wp\/v2\/types\/product"}],"wp:featuredmedia":[{"embeddable":true,"href":"https:\/\/kingarms.ee\/lt\/wp-json\/wp\/v2\/media\/109757"}],"wp:attachment":[{"href":"https:\/\/kingarms.ee\/lt\/wp-json\/wp\/v2\/media?parent=150431"}],"wp:term":[{"taxonomy":"product_brand","embeddable":true,"href":"https:\/\/kingarms.ee\/lt\/wp-json\/wp\/v2\/product_brand?post=150431"},{"taxonomy":"product_cat","embeddable":true,"href":"https:\/\/kingarms.ee\/lt\/wp-json\/wp\/v2\/product_cat?post=150431"},{"taxonomy":"product_tag","embeddable":true,"href":"https:\/\/kingarms.ee\/lt\/wp-json\/wp\/v2\/product_tag?post=150431"}],"curies":[{"name":"wp","href":"https:\/\/api.w.org\/{rel}","templated":true}]}}