{"id":150432,"date":"2022-05-06T20:47:58","date_gmt":"2025-06-07T13:28:09","guid":{"rendered":"https:\/\/kingarms.ee\/product\/254-mm-vidutinio-ziedo-rinkinys\/"},"modified":"2025-06-07T16:28:09","modified_gmt":"2025-06-07T13:28:09","slug":"254-mm-vidutinio-ziedo-rinkinys","status":"publish","type":"product","link":"https:\/\/kingarms.ee\/lt\/product\/254-mm-vidutinio-ziedo-rinkinys\/","title":{"rendered":"25,4 mm vidutinio \u017eiedo rinkinys"},"content":{"rendered":"","protected":false},"excerpt":{"rendered":"<p>25,4 mm vidutinio \u017eiedo rinkinys<\/p>\n<p>Trinity Force tikslas yra suteikti klientams puiki\u0105 \u0161aunamojo ginklo optik\u0105 ir priedus u\u017e prieinam\u0105 kain\u0105. Jie skirti nuolatiniam naujovi\u0173 ir projektavimo proceso tobulinimui, siekiant u\u017etikrinti auk\u0161tos kokyb\u0117s standartus. Trejyb\u0117s paj\u0117g\u0173 pasi\u016blymas apima \u0161aunamojo ginklo optik\u0105, b\u0117gi\u0173 sistemas, rankenas, lazerius ir plat\u0173 ar-15 ir AK-47 \u0161autuv\u0173 dali\u0173 asortiment\u0105.  <\/p>\n","protected":false},"featured_media":118607,"template":"","meta":{"_acf_changed":false},"product_brand":[],"product_cat":[1171],"product_tag":[],"class_list":{"0":"post-150432","1":"product","2":"type-product","3":"status-publish","4":"has-post-thumbnail","6":"product_cat-ziedai","8":"first","9":"instock","10":"taxable","11":"shipping-taxable","12":"purchasable","13":"product-type-simple"},"acf":[],"_links":{"self":[{"href":"https:\/\/kingarms.ee\/lt\/wp-json\/wp\/v2\/product\/150432","targetHints":{"allow":["GET"]}}],"collection":[{"href":"https:\/\/kingarms.ee\/lt\/wp-json\/wp\/v2\/product"}],"about":[{"href":"https:\/\/kingarms.ee\/lt\/wp-json\/wp\/v2\/types\/product"}],"wp:featuredmedia":[{"embeddable":true,"href":"https:\/\/kingarms.ee\/lt\/wp-json\/wp\/v2\/media\/118607"}],"wp:attachment":[{"href":"https:\/\/kingarms.ee\/lt\/wp-json\/wp\/v2\/media?parent=150432"}],"wp:term":[{"taxonomy":"product_brand","embeddable":true,"href":"https:\/\/kingarms.ee\/lt\/wp-json\/wp\/v2\/product_brand?post=150432"},{"taxonomy":"product_cat","embeddable":true,"href":"https:\/\/kingarms.ee\/lt\/wp-json\/wp\/v2\/product_cat?post=150432"},{"taxonomy":"product_tag","embeddable":true,"href":"https:\/\/kingarms.ee\/lt\/wp-json\/wp\/v2\/product_tag?post=150432"}],"curies":[{"name":"wp","href":"https:\/\/api.w.org\/{rel}","templated":true}]}}