{"id":150436,"date":"2022-10-17T15:47:21","date_gmt":"2025-06-07T13:29:34","guid":{"rendered":"https:\/\/kingarms.ee\/product\/monokulinis-solo-8h36-r-t-sukurys\/"},"modified":"2025-06-07T16:29:34","modified_gmt":"2025-06-07T13:29:34","slug":"monokulinis-solo-8h36-r-t-sukurys","status":"publish","type":"product","link":"https:\/\/kingarms.ee\/lt\/product\/monokulinis-solo-8h36-r-t-sukurys\/","title":{"rendered":"Monokulinis Solo 8h36 R\/T s\u016bkurys"},"content":{"rendered":"","protected":false},"excerpt":{"rendered":"<p>Monokulinis Solo 8h36 R\/T s\u016bkurys<\/p>\n<p>Solo Taktinis R \/ T 8h36 monokuliaras i\u0161 s\u016bkurio si\u016blo plat\u0173 393 p\u0117d\u0173 matymo lauk\u0105, kuris yra ry\u0161kus, ai\u0161kus ir ai\u0161kus. Sukurtas kaip visur naudojama optika, Solo Tactical R \/ T 8h36 yra kompakti\u0161kas ir lengvai valdomas.<br \/>\n\u0160is monokuliaras yra su R \/ T diapazono tinkleliu, kad b\u016bt\u0173 galima tiksliai \u012fvertinti taikinio diapazon\u0105. Jame yra mrad (miliradianas) pagr\u012fstos subtensijos ir apima antrin\u0119 greito diapazono sistem\u0105 su siluetais. \u0160ie kampiniai matavimai leid\u017eia vartotojui apskai\u010diuoti diapazonus lyginant tinklel\u012f su \u017einomo matmens objektais. Tinklelio fokusavimas u\u017etikrina ry\u0161k\u0173 tinklelio vaizd\u0105 visais atstumais.<br \/>\nSolo optin\u0117je sistemoje yra auk\u0161\u010diausios kokyb\u0117s stogo prizm\u0117 ir visi\u0161kai daugiasluoksniai l\u0119\u0161iai. Tvirtas korpusas yra atsparus vandeniui, r\u016bkui ir padengtas apsauginiu guminiu \u0161arvu. Naudingumo klipas leid\u017eia monokuliar\u0105 Lengvai pritvirtinti prie dir\u017eo, dir\u017eo ar juostos.      <\/p>\n","protected":false},"featured_media":124604,"template":"","meta":{"_acf_changed":false},"product_brand":[],"product_cat":[1186],"product_tag":[],"class_list":{"0":"post-150436","1":"product","2":"type-product","3":"status-publish","4":"has-post-thumbnail","6":"product_cat-monokuline","8":"first","9":"instock","10":"purchasable","11":"product-type-simple"},"acf":[],"_links":{"self":[{"href":"https:\/\/kingarms.ee\/lt\/wp-json\/wp\/v2\/product\/150436","targetHints":{"allow":["GET"]}}],"collection":[{"href":"https:\/\/kingarms.ee\/lt\/wp-json\/wp\/v2\/product"}],"about":[{"href":"https:\/\/kingarms.ee\/lt\/wp-json\/wp\/v2\/types\/product"}],"wp:featuredmedia":[{"embeddable":true,"href":"https:\/\/kingarms.ee\/lt\/wp-json\/wp\/v2\/media\/124604"}],"wp:attachment":[{"href":"https:\/\/kingarms.ee\/lt\/wp-json\/wp\/v2\/media?parent=150436"}],"wp:term":[{"taxonomy":"product_brand","embeddable":true,"href":"https:\/\/kingarms.ee\/lt\/wp-json\/wp\/v2\/product_brand?post=150436"},{"taxonomy":"product_cat","embeddable":true,"href":"https:\/\/kingarms.ee\/lt\/wp-json\/wp\/v2\/product_cat?post=150436"},{"taxonomy":"product_tag","embeddable":true,"href":"https:\/\/kingarms.ee\/lt\/wp-json\/wp\/v2\/product_tag?post=150436"}],"curies":[{"name":"wp","href":"https:\/\/api.w.org\/{rel}","templated":true}]}}