{"id":150440,"date":"2019-05-02T17:40:26","date_gmt":"2025-06-07T13:31:15","guid":{"rendered":"https:\/\/kingarms.ee\/product\/pazastu-deklas-karaliskas\/"},"modified":"2025-06-07T16:31:15","modified_gmt":"2025-06-07T13:31:15","slug":"pazastu-deklas-karaliskas","status":"publish","type":"product","link":"https:\/\/kingarms.ee\/lt\/product\/pazastu-deklas-karaliskas\/","title":{"rendered":"Pa\u017east\u0173 d\u0117klas (karali\u0161kas)"},"content":{"rendered":"<p>Pa\u017east\u0173 d\u0117klas (karali\u0161kas)<\/p>\n<p>Universalus d\u0117klas. Tinka daugeliui ginkl\u0173 (i\u0161skyrus dykumos erel\u012f)<\/p>\n<p>&nbsp;<\/p>\n","protected":false},"excerpt":{"rendered":"<p>Kaenlaalune salv (Kuninglik)<\/p>\n<p>Universalus digklas. Daugeliui ginklalete (ishskyrus dykumos erelalete)<\/p>\n<p>&nbsp;<\/p>\n","protected":false},"featured_media":128388,"template":"","meta":{"_acf_changed":false},"product_brand":[],"product_cat":[1163],"product_tag":[],"class_list":{"0":"post-150440","1":"product","2":"type-product","3":"status-publish","4":"has-post-thumbnail","6":"product_cat-kabur","8":"first","9":"instock","10":"taxable","11":"shipping-taxable","12":"purchasable","13":"product-type-simple"},"acf":[],"_links":{"self":[{"href":"https:\/\/kingarms.ee\/lt\/wp-json\/wp\/v2\/product\/150440","targetHints":{"allow":["GET"]}}],"collection":[{"href":"https:\/\/kingarms.ee\/lt\/wp-json\/wp\/v2\/product"}],"about":[{"href":"https:\/\/kingarms.ee\/lt\/wp-json\/wp\/v2\/types\/product"}],"wp:featuredmedia":[{"embeddable":true,"href":"https:\/\/kingarms.ee\/lt\/wp-json\/wp\/v2\/media\/128388"}],"wp:attachment":[{"href":"https:\/\/kingarms.ee\/lt\/wp-json\/wp\/v2\/media?parent=150440"}],"wp:term":[{"taxonomy":"product_brand","embeddable":true,"href":"https:\/\/kingarms.ee\/lt\/wp-json\/wp\/v2\/product_brand?post=150440"},{"taxonomy":"product_cat","embeddable":true,"href":"https:\/\/kingarms.ee\/lt\/wp-json\/wp\/v2\/product_cat?post=150440"},{"taxonomy":"product_tag","embeddable":true,"href":"https:\/\/kingarms.ee\/lt\/wp-json\/wp\/v2\/product_tag?post=150440"}],"curies":[{"name":"wp","href":"https:\/\/api.w.org\/{rel}","templated":true}]}}