{"id":150449,"date":"2022-02-03T14:47:48","date_gmt":"2025-06-07T13:35:29","guid":{"rendered":"https:\/\/kingarms.ee\/product\/mesos-sriuba-90g\/"},"modified":"2025-06-07T16:35:29","modified_gmt":"2025-06-07T13:35:29","slug":"mesos-sriuba-90g","status":"publish","type":"product","link":"https:\/\/kingarms.ee\/lt\/product\/mesos-sriuba-90g\/","title":{"rendered":"M\u0117sos sriuba 90g"},"content":{"rendered":"<p><img loading=\"lazy\" decoding=\"async\" class=\"alignnone size-medium wp-image-36509\" src=\"https:\/\/kingarms.ee\/wp-content\/uploads\/2022\/02\/MeatSoup-300x239.png\" alt=\"\" width=\"300\" height=\"239\" srcset=\"https:\/\/kingarms.ee\/wp-content\/uploads\/2022\/02\/MeatSoup-300x239.png 300w, https:\/\/kingarms.ee\/wp-content\/uploads\/2022\/02\/MeatSoup-150x120.png 150w, https:\/\/kingarms.ee\/wp-content\/uploads\/2022\/02\/MeatSoup-500x399.png 500w, https:\/\/kingarms.ee\/wp-content\/uploads\/2022\/02\/MeatSoup-1024x817.png 1024w, https:\/\/kingarms.ee\/wp-content\/uploads\/2022\/02\/MeatSoup-768x613.png 768w, https:\/\/kingarms.ee\/wp-content\/uploads\/2022\/02\/MeatSoup.png 1354w\" sizes=\"auto, (max-width: 300px) 100vw, 300px\" \/><\/p>\n","protected":false},"excerpt":{"rendered":"<ul>\n<li>Klasikin\u0117 m\u0117sos sriuba yra puikus pokytis nuo kit\u0173 taktini\u0173 maisto pakuo\u010di\u0173 pagrindini\u0173 patiekal\u0173<\/li>\n<li>Greitas ir k\u016bno \u017evalumo pilv\u0105<\/li>\n<li>Priklausomai nuo to, ar norima tir\u0161tesn\u0117s, ar skystesn\u0117s sriubos, kiekvienas gali \u012fpilti vandens pagal pageidavim\u0105 &#8211; m\u016bs\u0173 rekomendacija yra 400 ml.<\/li>\n<li><span lang=\"ET\">Nat\u016bralus ir pagaminas estijoJe <\/span><\/li>\n<li><span lang=\"ET\">N\u0117ra Konservant\u0173 ir pried\u0173<\/span><\/li>\n<li><span lang=\"ET\">Vienos porcijos energin\u0117 vert\u0117 yra 440 kcal<\/span><\/li>\n<li>Geriausias iki: 8 met\u0173<\/li>\n<\/ul>\n<p><strong>Koostisosad:<\/strong><\/p>\n<p><strong>Marinuoti agurkai, gumbasvog\u016bniai, kiauliena (20%), pomidor\u0173 pasta (pomidorai 30% vandens), raps\u0173 aliejus, cukrus, kvietiniai miltai, druska, prieskoniai. D\u0117l gamybos linijos produkte gali b\u016bti nedidelis kiekis salier\u0173, garsty\u010di\u0173 ir pieno. <\/strong><\/p>\n","protected":false},"featured_media":115281,"template":"","meta":{"_acf_changed":false},"product_brand":[],"product_cat":[1272],"product_tag":[],"class_list":{"0":"post-150449","1":"product","2":"type-product","3":"status-publish","4":"has-post-thumbnail","6":"product_cat-taktine-maisto-pakuote","8":"first","9":"onbackorder","10":"taxable","11":"shipping-taxable","12":"product-type-simple"},"acf":[],"_links":{"self":[{"href":"https:\/\/kingarms.ee\/lt\/wp-json\/wp\/v2\/product\/150449","targetHints":{"allow":["GET"]}}],"collection":[{"href":"https:\/\/kingarms.ee\/lt\/wp-json\/wp\/v2\/product"}],"about":[{"href":"https:\/\/kingarms.ee\/lt\/wp-json\/wp\/v2\/types\/product"}],"wp:featuredmedia":[{"embeddable":true,"href":"https:\/\/kingarms.ee\/lt\/wp-json\/wp\/v2\/media\/115281"}],"wp:attachment":[{"href":"https:\/\/kingarms.ee\/lt\/wp-json\/wp\/v2\/media?parent=150449"}],"wp:term":[{"taxonomy":"product_brand","embeddable":true,"href":"https:\/\/kingarms.ee\/lt\/wp-json\/wp\/v2\/product_brand?post=150449"},{"taxonomy":"product_cat","embeddable":true,"href":"https:\/\/kingarms.ee\/lt\/wp-json\/wp\/v2\/product_cat?post=150449"},{"taxonomy":"product_tag","embeddable":true,"href":"https:\/\/kingarms.ee\/lt\/wp-json\/wp\/v2\/product_tag?post=150449"}],"curies":[{"name":"wp","href":"https:\/\/api.w.org\/{rel}","templated":true}]}}