{"id":150451,"date":"2022-10-17T15:47:10","date_gmt":"2025-06-07T13:36:38","guid":{"rendered":"https:\/\/kingarms.ee\/product\/monokulinis-solo-8x25-sukurys\/"},"modified":"2025-06-07T16:36:38","modified_gmt":"2025-06-07T13:36:38","slug":"monokulinis-solo-8x25-sukurys","status":"publish","type":"product","link":"https:\/\/kingarms.ee\/lt\/product\/monokulinis-solo-8x25-sukurys\/","title":{"rendered":"Monokulinis solo 8&#215;25 s\u016bkurys"},"content":{"rendered":"","protected":false},"excerpt":{"rendered":"<p>Monokulinis solo 8&#215;25 s\u016bkurys<\/p>\n<p>Su galingu padidinimu, daugiasluoksniu stiklu ir korpusu, suprojektuotu atlaikyti elementus, 8h25 Solo monokuliaras i\u0161 s\u016bkurio tinka pauk\u0161\u010diams, \u017eygiams p\u0117s\u010diomis, med\u017eioklei, kelion\u0117ms, ekskursijoms, koncertams, sportui, teatrui \u2013 visur, kur norite gerai pa\u017evelgti \u012f tolimas detales. Jo 8 kart\u0173 padidinimas u\u017etikrina pastov\u0173 vaizd\u0105, o tik 16,4 artimo fokusavimo atstumas daro Solo universali\u0105 optik\u0105, galin\u010di\u0105 steb\u0117ti netoliese esan\u010dius ir toli esan\u010dius objektus. Jo Guminis \u0161arvuotas korpusas yra u\u017esandarintas sandarinimo \u017eiedu, kad nepatekt\u0173 vandens ir dulki\u0173, ir i\u0161valytas azotu, kad b\u016bt\u0173 i\u0161vengta vidinio r\u016bko, nesvarbu, kokios s\u0105lygos. Deimantinis knurlingas i\u0161or\u0117je suteikia malon\u0173 ir saug\u0173 sukibim\u0105, o pasukamas aki\u0173 dangtelis ir 15 mm aki\u0173 reljefas leid\u017eia monokuliar\u0105 patogiai naudoti \u017emon\u0117ms, ne\u0161iojantiems akinius. 4,4 karto 2,2&#8243; ir ma\u017eiau nei 6 uncijos, j\u012f lengva supakuoti \u012f ki\u0161en\u0119, pinigin\u0119, krep\u0161\u012f ar pir\u0161tini\u0173 d\u0117\u017eut\u0119.    <\/p>\n","protected":false},"featured_media":124621,"template":"","meta":{"_acf_changed":false},"product_brand":[],"product_cat":[1186],"product_tag":[],"class_list":{"0":"post-150451","1":"product","2":"type-product","3":"status-publish","4":"has-post-thumbnail","6":"product_cat-monokuline","8":"first","9":"instock","10":"purchasable","11":"product-type-simple"},"acf":[],"_links":{"self":[{"href":"https:\/\/kingarms.ee\/lt\/wp-json\/wp\/v2\/product\/150451","targetHints":{"allow":["GET"]}}],"collection":[{"href":"https:\/\/kingarms.ee\/lt\/wp-json\/wp\/v2\/product"}],"about":[{"href":"https:\/\/kingarms.ee\/lt\/wp-json\/wp\/v2\/types\/product"}],"wp:featuredmedia":[{"embeddable":true,"href":"https:\/\/kingarms.ee\/lt\/wp-json\/wp\/v2\/media\/124621"}],"wp:attachment":[{"href":"https:\/\/kingarms.ee\/lt\/wp-json\/wp\/v2\/media?parent=150451"}],"wp:term":[{"taxonomy":"product_brand","embeddable":true,"href":"https:\/\/kingarms.ee\/lt\/wp-json\/wp\/v2\/product_brand?post=150451"},{"taxonomy":"product_cat","embeddable":true,"href":"https:\/\/kingarms.ee\/lt\/wp-json\/wp\/v2\/product_cat?post=150451"},{"taxonomy":"product_tag","embeddable":true,"href":"https:\/\/kingarms.ee\/lt\/wp-json\/wp\/v2\/product_tag?post=150451"}],"curies":[{"name":"wp","href":"https:\/\/api.w.org\/{rel}","templated":true}]}}