{"id":150459,"date":"2022-05-05T13:02:00","date_gmt":"2025-06-07T13:41:25","guid":{"rendered":"https:\/\/kingarms.ee\/product\/crossbow-2x-kit-ess\/"},"modified":"2025-06-07T16:41:25","modified_gmt":"2025-06-07T13:41:25","slug":"crossbow-2x-kit-ess","status":"publish","type":"product","link":"https:\/\/kingarms.ee\/lt\/product\/crossbow-2x-kit-ess\/","title":{"rendered":"\u201eCrossbow 2x Kit Ess\u201c"},"content":{"rendered":"","protected":false},"excerpt":{"rendered":"<p>\u201eCrossbow 2x Kit Ess\u201c<\/p>\n<p>Kai bandysite ant arbaleto, pamatysite, kad jis nepana\u0161us \u012f jok\u012f kit\u0105 balistin\u012f aki\u0173 lauk\u0105. Patirkite Tri-Tech Fit r\u0117m\u0105, kuris pasiekia nuostab\u0173 universal\u0173 pritaikym\u0105 su maksimaliu komfortu ir nuliniais sl\u0117gio ta\u0161kais. Tada atkreipkite d\u0117mes\u012f \u012f l\u0119\u0161ius. Jie nebus r\u016bko. Taip yra d\u0117l novatori\u0161kos ClearZone srauto dangos technologijos, sukurtos taip, kad pa\u0161alint\u0173 r\u016bk\u0105 viduje ir i\u0161vengt\u0173 \u012fbr\u0117\u017eim\u0173 lauke.    <\/p>\n<p>\u017di\u016br\u0117dami \u012f savo tiksl\u0105 per esoptik\u0105 be i\u0161kraipym\u0173, pamatysite, koks opti\u0161kai tikslus gali b\u016bti reg\u0117jimas. Kai b\u016bsite pasiruo\u0161\u0119 perjungti atspalvius, novatori\u0161kas DedBolt objektyvo u\u017eraktas pasisuka, kad b\u016bt\u0173 lengva j\u012f atleisti, tada suspaud\u017eiamas, kad b\u016bt\u0173 i\u0161laikytas kietas akmuo. <\/p>\n","protected":false},"featured_media":118597,"template":"","meta":{"_acf_changed":false},"product_brand":[],"product_cat":[1212],"product_tag":[],"class_list":{"0":"post-150459","1":"product","2":"type-product","3":"status-publish","4":"has-post-thumbnail","6":"product_cat-balistiniai-akiniai","8":"first","9":"onbackorder","10":"sale","11":"taxable","12":"shipping-taxable","13":"product-type-simple"},"acf":[],"_links":{"self":[{"href":"https:\/\/kingarms.ee\/lt\/wp-json\/wp\/v2\/product\/150459","targetHints":{"allow":["GET"]}}],"collection":[{"href":"https:\/\/kingarms.ee\/lt\/wp-json\/wp\/v2\/product"}],"about":[{"href":"https:\/\/kingarms.ee\/lt\/wp-json\/wp\/v2\/types\/product"}],"wp:featuredmedia":[{"embeddable":true,"href":"https:\/\/kingarms.ee\/lt\/wp-json\/wp\/v2\/media\/118597"}],"wp:attachment":[{"href":"https:\/\/kingarms.ee\/lt\/wp-json\/wp\/v2\/media?parent=150459"}],"wp:term":[{"taxonomy":"product_brand","embeddable":true,"href":"https:\/\/kingarms.ee\/lt\/wp-json\/wp\/v2\/product_brand?post=150459"},{"taxonomy":"product_cat","embeddable":true,"href":"https:\/\/kingarms.ee\/lt\/wp-json\/wp\/v2\/product_cat?post=150459"},{"taxonomy":"product_tag","embeddable":true,"href":"https:\/\/kingarms.ee\/lt\/wp-json\/wp\/v2\/product_tag?post=150459"}],"curies":[{"name":"wp","href":"https:\/\/api.w.org\/{rel}","templated":true}]}}