{"id":150467,"date":"2022-10-17T15:47:10","date_gmt":"2025-06-07T13:45:59","guid":{"rendered":"https:\/\/kingarms.ee\/product\/raudonas-taskas-spitfire-ar-1-sukurys\/"},"modified":"2025-06-07T16:45:59","modified_gmt":"2025-06-07T13:45:59","slug":"raudonas-taskas-spitfire-ar-1-sukurys","status":"publish","type":"product","link":"https:\/\/kingarms.ee\/lt\/product\/raudonas-taskas-spitfire-ar-1-sukurys\/","title":{"rendered":"Raudonas ta\u0161kas Spitfire ar 1 [s\u016bkurys ]"},"content":{"rendered":"","protected":false},"excerpt":{"rendered":"<p>Red dot Spitfire ar 1 kartas [s\u016bkurys ]kai \u0161auliai reikalauja greito raudono ta\u0161ko valdymo savybi\u0173, ta\u010diau d\u0117l \u012fprasto astigmatizmo raudonuose ta\u0161kuose patiria \u017evaig\u017ed\u017ei\u0173 pli\u016bpsn\u012f, Spitfire AR yra puikus pasirinkimas. Stiklu i\u0161graviruotas DRT (dvigubo \u017eiedo Taktinis) tinklelis gali b\u016bti naudojamas su raudonu\/\u017ealiu ap\u0161vietimu arba be jo, kaip tradicinis \u0161autuvas, tod\u0117l taikinio ir tinklelio \u012fsigijimas i\u0161 arti yra greitas. Unikalus Spitfire AR, \u012ftrauktas 5.56 BDC bok\u0161telis leid\u017eia \u0161auliams surinkti populiarias ar\u201415 konfig\u016bracijas iki 700 jard\u0173-puikiai tinka riboto 3 skyriaus ginkl\u0173 konkurentams ar nuotolio lankytojams, norintiems nukreipti taikinius nuo tu\u0161\u010dio ta\u0161ko iki i\u0161pl\u0117stinio nuotolio.  <\/p>\n<p>TECHNINIAI DUOMENYS<\/p>\n<p>Atstumas nuo akies [mm] 96,5<br \/>\nDuj\u0173 azoto u\u017epildymas<br \/>\nLinijinis matymo laukas esant 100 m [m]. 26,3<br \/>\nDidinimas [\u00d7]. 1<br \/>\nTaikinio tipas kry\u017eeliai (tinkleliai) DRT MOA<br \/>\nMaitinimas<br \/>\nL\u0105steli\u0173 maitinimo \u0161altinis AAA oma 1<br \/>\nPapildomi duomenys<br \/>\nLaipsni\u0161kas koregavimas [MOA]. 1\/2<br \/>\nKorpuso med\u017eiaga MIL-SPEC anoduotas duraluminas<br \/>\nMaksimalus vertikalus (auk\u0161\u010dio) reguliavimas [MOA]. 120<br \/>\nMax. horizontalus (tiekimo) reguliavimas [MOA]. 120<br \/>\nMatmenys<br \/>\nObjektyvo skersmuo [mm]. 25<br \/>\nBendras ilgis [mm]. 109<br \/>\nSvoris [g] 346       <\/p>\n","protected":false},"featured_media":124682,"template":"","meta":{"_acf_changed":false},"product_brand":[],"product_cat":[1167,1164],"product_tag":[],"class_list":{"0":"post-150467","1":"product","2":"type-product","3":"status-publish","4":"has-post-thumbnail","6":"product_cat-raudoni-taskiniai-taikiniai","7":"product_cat-vaizdai","9":"first","10":"instock","11":"purchasable","12":"product-type-simple"},"acf":[],"_links":{"self":[{"href":"https:\/\/kingarms.ee\/lt\/wp-json\/wp\/v2\/product\/150467","targetHints":{"allow":["GET"]}}],"collection":[{"href":"https:\/\/kingarms.ee\/lt\/wp-json\/wp\/v2\/product"}],"about":[{"href":"https:\/\/kingarms.ee\/lt\/wp-json\/wp\/v2\/types\/product"}],"wp:featuredmedia":[{"embeddable":true,"href":"https:\/\/kingarms.ee\/lt\/wp-json\/wp\/v2\/media\/124682"}],"wp:attachment":[{"href":"https:\/\/kingarms.ee\/lt\/wp-json\/wp\/v2\/media?parent=150467"}],"wp:term":[{"taxonomy":"product_brand","embeddable":true,"href":"https:\/\/kingarms.ee\/lt\/wp-json\/wp\/v2\/product_brand?post=150467"},{"taxonomy":"product_cat","embeddable":true,"href":"https:\/\/kingarms.ee\/lt\/wp-json\/wp\/v2\/product_cat?post=150467"},{"taxonomy":"product_tag","embeddable":true,"href":"https:\/\/kingarms.ee\/lt\/wp-json\/wp\/v2\/product_tag?post=150467"}],"curies":[{"name":"wp","href":"https:\/\/api.w.org\/{rel}","templated":true}]}}