{"id":150470,"date":"2022-02-03T14:26:10","date_gmt":"2025-06-07T13:48:00","guid":{"rendered":"https:\/\/kingarms.ee\/product\/bulviu-kose-su-sonine-110g\/"},"modified":"2025-06-07T16:48:00","modified_gmt":"2025-06-07T13:48:00","slug":"bulviu-kose-su-sonine-110g","status":"publish","type":"product","link":"https:\/\/kingarms.ee\/lt\/product\/bulviu-kose-su-sonine-110g\/","title":{"rendered":"Bulvi\u0173 ko\u0161\u0117 su \u0161onine 110g"},"content":{"rendered":"<p><img loading=\"lazy\" decoding=\"async\" class=\"alignnone size-medium wp-image-36395\" src=\"https:\/\/kingarms.ee\/wp-content\/uploads\/2022\/02\/Mashed_potatoes_and_bacon-300x239.png\" alt=\"\" width=\"300\" height=\"239\" srcset=\"https:\/\/kingarms.ee\/wp-content\/uploads\/2022\/02\/Mashed_potatoes_and_bacon-300x239.png 300w, https:\/\/kingarms.ee\/wp-content\/uploads\/2022\/02\/Mashed_potatoes_and_bacon-150x120.png 150w, https:\/\/kingarms.ee\/wp-content\/uploads\/2022\/02\/Mashed_potatoes_and_bacon-500x399.png 500w, https:\/\/kingarms.ee\/wp-content\/uploads\/2022\/02\/Mashed_potatoes_and_bacon-1024x817.png 1024w, https:\/\/kingarms.ee\/wp-content\/uploads\/2022\/02\/Mashed_potatoes_and_bacon-768x613.png 768w, https:\/\/kingarms.ee\/wp-content\/uploads\/2022\/02\/Mashed_potatoes_and_bacon.png 1354w\" sizes=\"auto, (max-width: 300px) 100vw, 300px\" \/><\/p>\n","protected":false},"excerpt":{"rendered":"<ul>\n<li>Namin\u0117s bulvi\u0173 ko\u0161\u0117s su tra\u0161kia \u0161onine i\u0161 gana tinkam\u0173 bulvi\u0173 ir pieno.<\/li>\n<li>Populiariausias pagrindinis patiekalas m\u016bs\u0173 asortimente<\/li>\n<li><span lang=\"ET\">Nat\u016bralus ir pagaminas estijoJe <\/span><\/li>\n<li><span lang=\"ET\">N\u0117ra Konservant\u0173 ir pried\u0173<\/span><\/li>\n<li><span lang=\"ET\">Vienos porcijos energin\u0117 vert\u0117 yra 601 kcal<\/span><\/li>\n<li>Geriausias iki: 8 met\u0173<\/li>\n<\/ul>\n<p><strong>Koostisosad:<\/strong><\/p>\n<p><strong>Bulv\u0117s (66%), r\u016bkyta \u0161onin\u0117 (20%), pienas, svog\u016bnai, morkos, druska. D\u0117l gamybos linijos produkte gali b\u016bti nedidelis salier\u0173 ir garsty\u010di\u0173 kiekis. <\/strong><\/p>\n","protected":false},"featured_media":115229,"template":"","meta":{"_acf_changed":false},"product_brand":[],"product_cat":[1272],"product_tag":[],"class_list":{"0":"post-150470","1":"product","2":"type-product","3":"status-publish","4":"has-post-thumbnail","6":"product_cat-taktine-maisto-pakuote","8":"first","9":"instock","10":"taxable","11":"shipping-taxable","12":"purchasable","13":"product-type-simple"},"acf":[],"_links":{"self":[{"href":"https:\/\/kingarms.ee\/lt\/wp-json\/wp\/v2\/product\/150470","targetHints":{"allow":["GET"]}}],"collection":[{"href":"https:\/\/kingarms.ee\/lt\/wp-json\/wp\/v2\/product"}],"about":[{"href":"https:\/\/kingarms.ee\/lt\/wp-json\/wp\/v2\/types\/product"}],"wp:featuredmedia":[{"embeddable":true,"href":"https:\/\/kingarms.ee\/lt\/wp-json\/wp\/v2\/media\/115229"}],"wp:attachment":[{"href":"https:\/\/kingarms.ee\/lt\/wp-json\/wp\/v2\/media?parent=150470"}],"wp:term":[{"taxonomy":"product_brand","embeddable":true,"href":"https:\/\/kingarms.ee\/lt\/wp-json\/wp\/v2\/product_brand?post=150470"},{"taxonomy":"product_cat","embeddable":true,"href":"https:\/\/kingarms.ee\/lt\/wp-json\/wp\/v2\/product_cat?post=150470"},{"taxonomy":"product_tag","embeddable":true,"href":"https:\/\/kingarms.ee\/lt\/wp-json\/wp\/v2\/product_tag?post=150470"}],"curies":[{"name":"wp","href":"https:\/\/api.w.org\/{rel}","templated":true}]}}