{"id":150473,"date":"2022-04-30T09:41:36","date_gmt":"2025-06-07T13:49:49","guid":{"rendered":"https:\/\/kingarms.ee\/product\/g-g-dujinis-sautuvas-smc-9-juodas\/"},"modified":"2025-06-07T16:49:49","modified_gmt":"2025-06-07T13:49:49","slug":"g-g-dujinis-sautuvas-smc-9-juodas","status":"publish","type":"product","link":"https:\/\/kingarms.ee\/lt\/product\/g-g-dujinis-sautuvas-smc-9-juodas\/","title":{"rendered":"G &amp; G DUJINIS \u0160AUTUVAS SMC 9 JUODAS"},"content":{"rendered":"","protected":false},"excerpt":{"rendered":"<p>G &amp; G DUJINIS \u0160AUTUVAS SMC 9 JUODAS<\/p>\n<p>Dujinis \u0161autuvas smc-9<br \/>\nKomplekte yra smc-9 konversijos rinkinys i\u0161 pistoleto \u012f karabin\u0105 ir ktp 9 dujinis pistoletas be skaidr\u0117s<br \/>\nHi-cap 50 raund\u0173 duj\u0173 \u017eurnalas<br \/>\nSm\u016bgis atgal<br \/>\nAliuminio rank\u0173 apsauga<br \/>\nSulankstomos polimer\u0173 atsargos<br \/>\nApver\u010diami ajdustable taikikliai<br \/>\nGreitas reguliuojamas \u0160uolis su reguliavimo \u012frankiu (pridedamas)<br \/>\nStandartinis 20 mm vir\u0161utinis b\u0117gis<br \/>\nBicurious \u012fkrovimo rankena<br \/>\nGaisro re\u017eimas: saugus, vienas \u0161\u016bvis ir sprogimas<br \/>\nSling mount<br \/>\nIlgis 415mm-620mm<br \/>\nSvoris 2100g<\/p>\n","protected":false},"featured_media":118535,"template":"","meta":{"_acf_changed":false},"product_brand":[],"product_cat":[1139],"product_tag":[],"class_list":{"0":"post-150473","1":"product","2":"type-product","3":"status-publish","4":"has-post-thumbnail","6":"product_cat-elektro-pneumatiniai-ginklai","8":"first","9":"onbackorder","10":"taxable","11":"shipping-taxable","12":"product-type-simple"},"acf":[],"_links":{"self":[{"href":"https:\/\/kingarms.ee\/lt\/wp-json\/wp\/v2\/product\/150473","targetHints":{"allow":["GET"]}}],"collection":[{"href":"https:\/\/kingarms.ee\/lt\/wp-json\/wp\/v2\/product"}],"about":[{"href":"https:\/\/kingarms.ee\/lt\/wp-json\/wp\/v2\/types\/product"}],"wp:featuredmedia":[{"embeddable":true,"href":"https:\/\/kingarms.ee\/lt\/wp-json\/wp\/v2\/media\/118535"}],"wp:attachment":[{"href":"https:\/\/kingarms.ee\/lt\/wp-json\/wp\/v2\/media?parent=150473"}],"wp:term":[{"taxonomy":"product_brand","embeddable":true,"href":"https:\/\/kingarms.ee\/lt\/wp-json\/wp\/v2\/product_brand?post=150473"},{"taxonomy":"product_cat","embeddable":true,"href":"https:\/\/kingarms.ee\/lt\/wp-json\/wp\/v2\/product_cat?post=150473"},{"taxonomy":"product_tag","embeddable":true,"href":"https:\/\/kingarms.ee\/lt\/wp-json\/wp\/v2\/product_tag?post=150473"}],"curies":[{"name":"wp","href":"https:\/\/api.w.org\/{rel}","templated":true}]}}