{"id":150474,"date":"2022-02-03T14:14:55","date_gmt":"2025-06-07T13:50:38","guid":{"rendered":"https:\/\/kingarms.ee\/product\/darzoviu-vokelis-su-makaronais-100g\/"},"modified":"2025-06-07T16:50:38","modified_gmt":"2025-06-07T13:50:38","slug":"darzoviu-vokelis-su-makaronais-100g","status":"publish","type":"product","link":"https:\/\/kingarms.ee\/lt\/product\/darzoviu-vokelis-su-makaronais-100g\/","title":{"rendered":"Dar\u017eovi\u0173 vokelis su makaronais 100g"},"content":{"rendered":"<p><img loading=\"lazy\" decoding=\"async\" class=\"alignnone size-medium wp-image-36369\" src=\"https:\/\/kingarms.ee\/wp-content\/uploads\/2022\/02\/Veggie_wok_and_noodles-300x239.png\" alt=\"\" width=\"300\" height=\"239\" srcset=\"https:\/\/kingarms.ee\/wp-content\/uploads\/2022\/02\/Veggie_wok_and_noodles-300x239.png 300w, https:\/\/kingarms.ee\/wp-content\/uploads\/2022\/02\/Veggie_wok_and_noodles-150x120.png 150w, https:\/\/kingarms.ee\/wp-content\/uploads\/2022\/02\/Veggie_wok_and_noodles-500x399.png 500w, https:\/\/kingarms.ee\/wp-content\/uploads\/2022\/02\/Veggie_wok_and_noodles-1024x817.png 1024w, https:\/\/kingarms.ee\/wp-content\/uploads\/2022\/02\/Veggie_wok_and_noodles-768x613.png 768w, https:\/\/kingarms.ee\/wp-content\/uploads\/2022\/02\/Veggie_wok_and_noodles-1536x1225.png 1536w, https:\/\/kingarms.ee\/wp-content\/uploads\/2022\/02\/Veggie_wok_and_noodles.png 1798w\" sizes=\"auto, (max-width: 300px) 100vw, 300px\" \/><\/p>\n","protected":false},"excerpt":{"rendered":"<ul>\n<li>Puikus vegani\u0161kas patiekalas<\/li>\n<li>Sukurta specialiai veganams<\/li>\n<li>Neabejotinai skonis ir m\u0117sos myl\u0117tojui<\/li>\n<li><span lang=\"ET\">Nat\u016bralus ir pagaminas estijoJe <\/span><\/li>\n<li><span lang=\"ET\">N\u0117ra Konservant\u0173 ir pried\u0173<\/span><\/li>\n<li><span lang=\"ET\">Vienos porcijos energin\u0117 vert\u0117 yra 503 kcal<\/span><\/li>\n<\/ul>\n<p><strong>Sudedam\u0173j\u0173: <\/strong><\/p>\n<p>Spage\u010diai (42%) (k<strong>vietiniai milta<\/strong>i, vanduo, ciber\u017eol\u0117), dar\u017eovi\u0173 sultinys, raps\u0173 aliejus, paprikos (11,3%), morkos (11,3%), pupel\u0117s (7,5%), svog\u016bnai (7,5%), pomidorai, (7,5%), alyvuog\u0117s, \u010desnakai, prieskoniai, \u017eolel\u0117s, druska. <strong>D\u0117l gamybos linijos produkte gali b\u016bti nedidelis kiekis salier\u0173, garsty\u010di\u0173 ir pieno.<\/strong><\/p>\n","protected":false},"featured_media":115217,"template":"","meta":{"_acf_changed":false},"product_brand":[],"product_cat":[1272],"product_tag":[],"class_list":{"0":"post-150474","1":"product","2":"type-product","3":"status-publish","4":"has-post-thumbnail","6":"product_cat-taktine-maisto-pakuote","8":"first","9":"instock","10":"taxable","11":"shipping-taxable","12":"purchasable","13":"product-type-simple"},"acf":[],"_links":{"self":[{"href":"https:\/\/kingarms.ee\/lt\/wp-json\/wp\/v2\/product\/150474","targetHints":{"allow":["GET"]}}],"collection":[{"href":"https:\/\/kingarms.ee\/lt\/wp-json\/wp\/v2\/product"}],"about":[{"href":"https:\/\/kingarms.ee\/lt\/wp-json\/wp\/v2\/types\/product"}],"wp:featuredmedia":[{"embeddable":true,"href":"https:\/\/kingarms.ee\/lt\/wp-json\/wp\/v2\/media\/115217"}],"wp:attachment":[{"href":"https:\/\/kingarms.ee\/lt\/wp-json\/wp\/v2\/media?parent=150474"}],"wp:term":[{"taxonomy":"product_brand","embeddable":true,"href":"https:\/\/kingarms.ee\/lt\/wp-json\/wp\/v2\/product_brand?post=150474"},{"taxonomy":"product_cat","embeddable":true,"href":"https:\/\/kingarms.ee\/lt\/wp-json\/wp\/v2\/product_cat?post=150474"},{"taxonomy":"product_tag","embeddable":true,"href":"https:\/\/kingarms.ee\/lt\/wp-json\/wp\/v2\/product_tag?post=150474"}],"curies":[{"name":"wp","href":"https:\/\/api.w.org\/{rel}","templated":true}]}}