{"id":150477,"date":"2022-10-17T15:47:10","date_gmt":"2025-06-07T13:52:31","guid":{"rendered":"https:\/\/kingarms.ee\/product\/adapterio-laikiklis-leapes\/"},"modified":"2025-06-07T16:52:31","modified_gmt":"2025-06-07T13:52:31","slug":"adapterio-laikiklis-leapes","status":"publish","type":"product","link":"https:\/\/kingarms.ee\/lt\/product\/adapterio-laikiklis-leapes\/","title":{"rendered":"Adapterio laikiklis [Leapes]"},"content":{"rendered":"","protected":false},"excerpt":{"rendered":"<p>Adapterio laikiklis [Leapes]<\/p>\n<p>Suderinamas su dauguma 9mm-11mm, plok\u0161ti arba suapvalinti, airgun \/ shotgun dovetail b\u0117giai<br \/>\nAtatrankai atsparios stabdymo priemon\u0117s papildomai sulaiko nul\u012f nuo dvikrypt\u0117s atatrankos j\u0117gos, b\u016bdingos spyruokliniams pneumatiniams ginklams<br \/>\nTiksliai apdirbtas i\u0161 orlaivio klas\u0117s aliuminio ir baigtas matiniu juodu kietu sluoksniu anoduoti<\/p>\n","protected":false},"featured_media":124705,"template":"","meta":{"_acf_changed":false},"product_brand":[],"product_cat":[1169],"product_tag":[],"class_list":{"0":"post-150477","1":"product","2":"type-product","3":"status-publish","4":"has-post-thumbnail","6":"product_cat-tvirtinimo-elementai","8":"first","9":"onbackorder","10":"product-type-simple"},"acf":[],"_links":{"self":[{"href":"https:\/\/kingarms.ee\/lt\/wp-json\/wp\/v2\/product\/150477","targetHints":{"allow":["GET"]}}],"collection":[{"href":"https:\/\/kingarms.ee\/lt\/wp-json\/wp\/v2\/product"}],"about":[{"href":"https:\/\/kingarms.ee\/lt\/wp-json\/wp\/v2\/types\/product"}],"wp:featuredmedia":[{"embeddable":true,"href":"https:\/\/kingarms.ee\/lt\/wp-json\/wp\/v2\/media\/124705"}],"wp:attachment":[{"href":"https:\/\/kingarms.ee\/lt\/wp-json\/wp\/v2\/media?parent=150477"}],"wp:term":[{"taxonomy":"product_brand","embeddable":true,"href":"https:\/\/kingarms.ee\/lt\/wp-json\/wp\/v2\/product_brand?post=150477"},{"taxonomy":"product_cat","embeddable":true,"href":"https:\/\/kingarms.ee\/lt\/wp-json\/wp\/v2\/product_cat?post=150477"},{"taxonomy":"product_tag","embeddable":true,"href":"https:\/\/kingarms.ee\/lt\/wp-json\/wp\/v2\/product_tag?post=150477"}],"curies":[{"name":"wp","href":"https:\/\/api.w.org\/{rel}","templated":true}]}}