{"id":150483,"date":"2022-04-30T09:26:30","date_gmt":"2025-06-07T13:56:27","guid":{"rendered":"https:\/\/kingarms.ee\/product\/g-g-duju-pistoletas-gtp-9-black-desert-tan\/"},"modified":"2025-06-07T16:56:27","modified_gmt":"2025-06-07T13:56:27","slug":"g-g-duju-pistoletas-gtp-9-black-desert-tan","status":"publish","type":"product","link":"https:\/\/kingarms.ee\/lt\/product\/g-g-duju-pistoletas-gtp-9-black-desert-tan\/","title":{"rendered":"G &amp; G DUJ\u0172 PISTOLETAS GTP 9 BLACK DESERT TAN"},"content":{"rendered":"","protected":false},"excerpt":{"rendered":"<p>G &amp; G DUJ\u0172 PISTOLETAS GTP 9 BLACK DESERT TAN<\/p>\n<p>Duj\u0173 pistoletas gtp9<br \/>\nRealios sistemos i\u0161p\u016btimas<br \/>\nPolimero konstrukcija<br \/>\nSriegin\u0117 statin\u0117<br \/>\n22 raund\u0173 \u017eurnalas<br \/>\nPagal barel\u012f standartinis 20mm gele\u017einkeli\u0173<br \/>\nBicurious skaidri\u0173 i\u0161leidimo ir \u017eurnalo i\u0161leidimo mygtukai<br \/>\nNaujovi\u0161ka reguliuojama apyni\u0173 sistema<br \/>\nSureguliuokite \u0161uol\u012f nuo snukio \u012frankiu, saugomu galiniame dir\u017eelyje (120 skirting\u0173 reguliavim\u0173)<br \/>\nNaujas keramikos s\u016bkurinis cilindro vo\u017etuvas, kuris u\u017ekirs keli\u0105 \u0161al\u010diams, pastatytiems cilindro viduje<br \/>\nGaisro re\u017eimas: saugus ir vienas \u0161\u016bvis<br \/>\nPridedamas kietas ne\u0161iojimo d\u0117klas<br \/>\nIlgis 215mm<br \/>\nSvoris 765g<br \/>\nJuoda \/ dykumos \u012fdegio spalva<\/p>\n","protected":false},"featured_media":118515,"template":"","meta":{"_acf_changed":false},"product_brand":[],"product_cat":[1138],"product_tag":[],"class_list":{"0":"post-150483","1":"product","2":"type-product","3":"status-publish","4":"has-post-thumbnail","6":"product_cat-airsoft-pistols","8":"first","9":"instock","10":"taxable","11":"shipping-taxable","12":"purchasable","13":"product-type-simple"},"acf":[],"_links":{"self":[{"href":"https:\/\/kingarms.ee\/lt\/wp-json\/wp\/v2\/product\/150483","targetHints":{"allow":["GET"]}}],"collection":[{"href":"https:\/\/kingarms.ee\/lt\/wp-json\/wp\/v2\/product"}],"about":[{"href":"https:\/\/kingarms.ee\/lt\/wp-json\/wp\/v2\/types\/product"}],"wp:featuredmedia":[{"embeddable":true,"href":"https:\/\/kingarms.ee\/lt\/wp-json\/wp\/v2\/media\/118515"}],"wp:attachment":[{"href":"https:\/\/kingarms.ee\/lt\/wp-json\/wp\/v2\/media?parent=150483"}],"wp:term":[{"taxonomy":"product_brand","embeddable":true,"href":"https:\/\/kingarms.ee\/lt\/wp-json\/wp\/v2\/product_brand?post=150483"},{"taxonomy":"product_cat","embeddable":true,"href":"https:\/\/kingarms.ee\/lt\/wp-json\/wp\/v2\/product_cat?post=150483"},{"taxonomy":"product_tag","embeddable":true,"href":"https:\/\/kingarms.ee\/lt\/wp-json\/wp\/v2\/product_tag?post=150483"}],"curies":[{"name":"wp","href":"https:\/\/api.w.org\/{rel}","templated":true}]}}