{"id":150486,"date":"2022-10-17T15:47:10","date_gmt":"2025-06-07T14:13:36","guid":{"rendered":"https:\/\/kingarms.ee\/product\/lietaus-kostiumas\/"},"modified":"2025-06-07T17:13:36","modified_gmt":"2025-06-07T14:13:36","slug":"lietaus-kostiumas","status":"publish","type":"product","link":"https:\/\/kingarms.ee\/lt\/product\/lietaus-kostiumas\/","title":{"rendered":"Lietaus kostiumas"},"content":{"rendered":"","protected":false},"excerpt":{"rendered":"<p>striuk\u0117 su pasl\u0117ptu ZIP ir 2 spaudos mygtukais<br \/>\n2 pasl\u0117ptos klubo ki\u0161en\u0117s<br \/>\npasl\u0117ptas gaubtas apykakl\u0117je su virveliu ir u\u017etrauktuku<br \/>\natgalin\u0117 ventiliacija su tinkleliu<br \/>\nventiliacijos kilpos pa\u017eastyje<br \/>\nPaspauskite mygtukus ant rankov\u0117s ir<br \/>\nU\u017estrigimas ant juosmens<br \/>\nkeln\u0117s su elastine liemeniu<br \/>\n2 pasl\u0117ptos ply\u0161in\u0117s ki\u0161en\u0117s \u0161onuose<br \/>\nApatinis hem, reguliuojamas paspaudimo mygtukais<\/p>\n","protected":false},"featured_media":124746,"template":"","meta":{"_acf_changed":false},"product_brand":[],"product_cat":[1225,1227],"product_tag":[],"class_list":{"0":"post-150486","1":"product","2":"type-product","3":"status-publish","4":"has-post-thumbnail","6":"product_cat-drabuziai-ir-avalyne","7":"product_cat-rinkiniai","9":"first","10":"instock","11":"sale","12":"purchasable","13":"product-type-simple"},"acf":[],"_links":{"self":[{"href":"https:\/\/kingarms.ee\/lt\/wp-json\/wp\/v2\/product\/150486","targetHints":{"allow":["GET"]}}],"collection":[{"href":"https:\/\/kingarms.ee\/lt\/wp-json\/wp\/v2\/product"}],"about":[{"href":"https:\/\/kingarms.ee\/lt\/wp-json\/wp\/v2\/types\/product"}],"wp:featuredmedia":[{"embeddable":true,"href":"https:\/\/kingarms.ee\/lt\/wp-json\/wp\/v2\/media\/124746"}],"wp:attachment":[{"href":"https:\/\/kingarms.ee\/lt\/wp-json\/wp\/v2\/media?parent=150486"}],"wp:term":[{"taxonomy":"product_brand","embeddable":true,"href":"https:\/\/kingarms.ee\/lt\/wp-json\/wp\/v2\/product_brand?post=150486"},{"taxonomy":"product_cat","embeddable":true,"href":"https:\/\/kingarms.ee\/lt\/wp-json\/wp\/v2\/product_cat?post=150486"},{"taxonomy":"product_tag","embeddable":true,"href":"https:\/\/kingarms.ee\/lt\/wp-json\/wp\/v2\/product_tag?post=150486"}],"curies":[{"name":"wp","href":"https:\/\/api.w.org\/{rel}","templated":true}]}}