{"id":150491,"date":"2022-04-30T08:40:22","date_gmt":"2025-06-07T14:18:36","guid":{"rendered":"https:\/\/kingarms.ee\/product\/sck-medziokles-peilis\/"},"modified":"2025-06-07T17:18:36","modified_gmt":"2025-06-07T14:18:36","slug":"sck-medziokles-peilis","status":"publish","type":"product","link":"https:\/\/kingarms.ee\/lt\/product\/sck-medziokles-peilis\/","title":{"rendered":"SCK MED\u017dIOKL\u0116S PEILIS"},"content":{"rendered":"","protected":false},"excerpt":{"rendered":"<p>Med\u017eiokl\u0117s peilis<br \/>\nNer\u016bdijan\u010dio plieno juodas peilis<br \/>\nGumuota polimero Juoda rankena<br \/>\nKieto d\u0117klo polimerinis kotas su dir\u017eu ir \u0161laun\u0173 kilpomis<br \/>\nA\u0161men\u0173 ilgis 180mm<br \/>\nBendras ilgis 305 mm (332 mm su skiautele)<br \/>\nSvoris: 220g (300g su skiautele)<\/p>\n","protected":false},"featured_media":118489,"template":"","meta":{"_acf_changed":false},"product_brand":[],"product_cat":[1259,1258],"product_tag":[],"class_list":{"0":"post-150491","1":"product","2":"type-product","3":"status-publish","4":"has-post-thumbnail","6":"product_cat-peiliai","7":"product_cat-peiliai-genejimo-pjuklas","9":"first","10":"onbackorder","11":"taxable","12":"shipping-taxable","13":"product-type-simple"},"acf":[],"_links":{"self":[{"href":"https:\/\/kingarms.ee\/lt\/wp-json\/wp\/v2\/product\/150491","targetHints":{"allow":["GET"]}}],"collection":[{"href":"https:\/\/kingarms.ee\/lt\/wp-json\/wp\/v2\/product"}],"about":[{"href":"https:\/\/kingarms.ee\/lt\/wp-json\/wp\/v2\/types\/product"}],"wp:featuredmedia":[{"embeddable":true,"href":"https:\/\/kingarms.ee\/lt\/wp-json\/wp\/v2\/media\/118489"}],"wp:attachment":[{"href":"https:\/\/kingarms.ee\/lt\/wp-json\/wp\/v2\/media?parent=150491"}],"wp:term":[{"taxonomy":"product_brand","embeddable":true,"href":"https:\/\/kingarms.ee\/lt\/wp-json\/wp\/v2\/product_brand?post=150491"},{"taxonomy":"product_cat","embeddable":true,"href":"https:\/\/kingarms.ee\/lt\/wp-json\/wp\/v2\/product_cat?post=150491"},{"taxonomy":"product_tag","embeddable":true,"href":"https:\/\/kingarms.ee\/lt\/wp-json\/wp\/v2\/product_tag?post=150491"}],"curies":[{"name":"wp","href":"https:\/\/api.w.org\/{rel}","templated":true}]}}