{"id":150495,"date":"2022-04-30T08:37:35","date_gmt":"2025-06-07T14:21:48","guid":{"rendered":"https:\/\/kingarms.ee\/product\/sck-drugelio-peilis\/"},"modified":"2025-06-07T17:21:48","modified_gmt":"2025-06-07T14:21:48","slug":"sck-drugelio-peilis","status":"publish","type":"product","link":"https:\/\/kingarms.ee\/lt\/product\/sck-drugelio-peilis\/","title":{"rendered":"SCK drugelio peilis"},"content":{"rendered":"","protected":false},"excerpt":{"rendered":"<p>Drugelio peilis<br \/>\nU\u017edaras ilgis 135mm<br \/>\nBendras ilgis 228mm<br \/>\nSvoris 130g<br \/>\nNer\u016bdijan\u010dio plieno a\u0161menys<br \/>\nMetalin\u0117 rankena<\/p>\n","protected":false},"featured_media":118479,"template":"","meta":{"_acf_changed":false},"product_brand":[],"product_cat":[1259,1258],"product_tag":[],"class_list":{"0":"post-150495","1":"product","2":"type-product","3":"status-publish","4":"has-post-thumbnail","6":"product_cat-peiliai","7":"product_cat-peiliai-genejimo-pjuklas","9":"first","10":"onbackorder","11":"taxable","12":"shipping-taxable","13":"product-type-simple"},"acf":[],"_links":{"self":[{"href":"https:\/\/kingarms.ee\/lt\/wp-json\/wp\/v2\/product\/150495","targetHints":{"allow":["GET"]}}],"collection":[{"href":"https:\/\/kingarms.ee\/lt\/wp-json\/wp\/v2\/product"}],"about":[{"href":"https:\/\/kingarms.ee\/lt\/wp-json\/wp\/v2\/types\/product"}],"wp:featuredmedia":[{"embeddable":true,"href":"https:\/\/kingarms.ee\/lt\/wp-json\/wp\/v2\/media\/118479"}],"wp:attachment":[{"href":"https:\/\/kingarms.ee\/lt\/wp-json\/wp\/v2\/media?parent=150495"}],"wp:term":[{"taxonomy":"product_brand","embeddable":true,"href":"https:\/\/kingarms.ee\/lt\/wp-json\/wp\/v2\/product_brand?post=150495"},{"taxonomy":"product_cat","embeddable":true,"href":"https:\/\/kingarms.ee\/lt\/wp-json\/wp\/v2\/product_cat?post=150495"},{"taxonomy":"product_tag","embeddable":true,"href":"https:\/\/kingarms.ee\/lt\/wp-json\/wp\/v2\/product_tag?post=150495"}],"curies":[{"name":"wp","href":"https:\/\/api.w.org\/{rel}","templated":true}]}}