{"id":150497,"date":"2022-10-17T13:26:00","date_gmt":"2025-06-07T14:22:32","guid":{"rendered":"https:\/\/kingarms.ee\/product\/miegmaisis-us-style-2-daliu\/"},"modified":"2025-06-07T17:22:32","modified_gmt":"2025-06-07T14:22:32","slug":"miegmaisis-us-style-2-daliu","status":"publish","type":"product","link":"https:\/\/kingarms.ee\/lt\/product\/miegmaisis-us-style-2-daliu\/","title":{"rendered":"Miegmai\u0161is US Style 2 dali\u0173"},"content":{"rendered":"<p>Miegmai\u0161is US Style 2 dali\u0173<\/p>\n<p>&nbsp;<\/p>\n","protected":false},"excerpt":{"rendered":"<p>I\u0161orinis miegmai\u0161is:<br \/>\nVir\u0161utin\u0117 Med\u017eiaga: 100% Poliesteris<br \/>\nVandeniui atsparus Ripstop Audinys<br \/>\nVidin\u0117 med\u017eiaga: 100% poliesteris<br \/>\nU\u017epildas: 100% poliesteris (150g \/ kv)<br \/>\nMatmenys: 217-80-50 cm<br \/>\nSvoris: 1.100 g<\/p>\n<p>Vidinis miegmai\u0161is:<br \/>\nVir\u0161utin\u0117 Med\u017eiaga: 100% Poliesteris<br \/>\nVandeniui atsparus Ripstop Audinys<br \/>\nVidin\u0117 med\u017eiaga: 100% poliesteris<br \/>\nU\u017epildas: 100% poliesteris (200g \/ kv)<br \/>\nMatmenys: 200-80-50 cm<br \/>\nSvoris: 2.140 g<\/p>\n<p>Siuntimo Krep\u0161ys: 100% Poliesteris (Oksfordas)<br \/>\nSupakuota: 56-32-35 cm<br \/>\nSvoris: 3.340 g<br \/>\nMinimali temperat\u016bra: iki-20C<\/p>\n","protected":false},"featured_media":124371,"template":"","meta":{"_acf_changed":false},"product_brand":[],"product_cat":[1238],"product_tag":[],"class_list":{"0":"post-150497","1":"product","2":"type-product","3":"status-publish","4":"has-post-thumbnail","6":"product_cat-miegmaisiai","8":"first","9":"onbackorder","10":"taxable","11":"shipping-taxable","12":"product-type-simple"},"acf":[],"_links":{"self":[{"href":"https:\/\/kingarms.ee\/lt\/wp-json\/wp\/v2\/product\/150497","targetHints":{"allow":["GET"]}}],"collection":[{"href":"https:\/\/kingarms.ee\/lt\/wp-json\/wp\/v2\/product"}],"about":[{"href":"https:\/\/kingarms.ee\/lt\/wp-json\/wp\/v2\/types\/product"}],"wp:featuredmedia":[{"embeddable":true,"href":"https:\/\/kingarms.ee\/lt\/wp-json\/wp\/v2\/media\/124371"}],"wp:attachment":[{"href":"https:\/\/kingarms.ee\/lt\/wp-json\/wp\/v2\/media?parent=150497"}],"wp:term":[{"taxonomy":"product_brand","embeddable":true,"href":"https:\/\/kingarms.ee\/lt\/wp-json\/wp\/v2\/product_brand?post=150497"},{"taxonomy":"product_cat","embeddable":true,"href":"https:\/\/kingarms.ee\/lt\/wp-json\/wp\/v2\/product_cat?post=150497"},{"taxonomy":"product_tag","embeddable":true,"href":"https:\/\/kingarms.ee\/lt\/wp-json\/wp\/v2\/product_tag?post=150497"}],"curies":[{"name":"wp","href":"https:\/\/api.w.org\/{rel}","templated":true}]}}