{"id":150529,"date":"2022-10-10T16:11:27","date_gmt":"2025-06-07T14:44:12","guid":{"rendered":"https:\/\/kingarms.ee\/product\/ziemos-pirstines-sub40-realtree-m-9-mechanix\/"},"modified":"2025-06-07T17:44:12","modified_gmt":"2025-06-07T14:44:12","slug":"ziemos-pirstines-sub40-realtree-m-9-mechanix","status":"publish","type":"product","link":"https:\/\/kingarms.ee\/lt\/product\/ziemos-pirstines-sub40-realtree-m-9-mechanix\/","title":{"rendered":"\u017diemos pir\u0161tin\u0117s sub40 RealTree M\/9 Mechanix"},"content":{"rendered":"","protected":false},"excerpt":{"rendered":"<p>\u017diemos pir\u0161tin\u0117s sub40 RealTree M\/9 Mechanix<\/p>\n<p>* Lengvas \u012fjungimo \/ i\u0161jungimo elastini\u0173 rankogali\u0173 dizainas u\u017etikrina, kad pir\u0161tin\u0117s u\u017esid\u0117t\u0173 nukritus temperat\u016brai<br \/>\n* Realtree Edge&#8217;s kamuflia\u017eas modelis leid\u017eia jums mi\u0161inys su vietov\u0117s<br \/>\n* 4Og 3M Thinsulate oma efektyviai sulaiko \u0161ilum\u0105, i\u0161laikydama rankas \u0161iltas<br \/>\n* Lanksti vandeniui atspari membrana<br \/>\n* Atsparus dilimui nyk\u0161\u010dio balno sutvirtinimas sunkiam k\u0117limui.<br \/>\n* Reljefinis trigerio pir\u0161to dizainas palengvina grupavim\u0105, kad padidint\u0173 vikrum\u0105 ten, kur tai svarbu<br \/>\n* Pakabinama spyna \u2464 neslystantis silicio atspaudas pagerina j\u016bs\u0173 sukibim\u0105 lauke.<br \/>\n* * Patvari sintetin\u0117 oda, u\u017epildyta jutiklinio ekrano technologija, skirta valdyti j\u016bs\u0173 \u012frenginius.<br \/>\n* 3 mm putplas\u010dio palmi\u0173 pamink\u0161tinimas suteikia komfort\u0105 ir palengv\u0117jim\u0105 traukiant \u012frankius lauke.<br \/>\n* Nuimamas spyruoklinis spaustukas palaiko pir\u0161tines kartu ir tvarkingai.<\/p>\n","protected":false},"featured_media":124339,"template":"","meta":{"_acf_changed":false},"product_brand":[],"product_cat":[1234],"product_tag":[],"class_list":{"0":"post-150529","1":"product","2":"type-product","3":"status-publish","4":"has-post-thumbnail","6":"product_cat-pirstines","8":"first","9":"instock","10":"sale","11":"purchasable","12":"product-type-simple"},"acf":[],"_links":{"self":[{"href":"https:\/\/kingarms.ee\/lt\/wp-json\/wp\/v2\/product\/150529","targetHints":{"allow":["GET"]}}],"collection":[{"href":"https:\/\/kingarms.ee\/lt\/wp-json\/wp\/v2\/product"}],"about":[{"href":"https:\/\/kingarms.ee\/lt\/wp-json\/wp\/v2\/types\/product"}],"wp:featuredmedia":[{"embeddable":true,"href":"https:\/\/kingarms.ee\/lt\/wp-json\/wp\/v2\/media\/124339"}],"wp:attachment":[{"href":"https:\/\/kingarms.ee\/lt\/wp-json\/wp\/v2\/media?parent=150529"}],"wp:term":[{"taxonomy":"product_brand","embeddable":true,"href":"https:\/\/kingarms.ee\/lt\/wp-json\/wp\/v2\/product_brand?post=150529"},{"taxonomy":"product_cat","embeddable":true,"href":"https:\/\/kingarms.ee\/lt\/wp-json\/wp\/v2\/product_cat?post=150529"},{"taxonomy":"product_tag","embeddable":true,"href":"https:\/\/kingarms.ee\/lt\/wp-json\/wp\/v2\/product_tag?post=150529"}],"curies":[{"name":"wp","href":"https:\/\/api.w.org\/{rel}","templated":true}]}}