{"id":150538,"date":"2022-10-10T16:11:27","date_gmt":"2025-06-07T14:51:50","guid":{"rendered":"https:\/\/kingarms.ee\/product\/ziemos-pirstines-sub20-realtree-didelis-12-mechaninis\/"},"modified":"2025-06-07T17:51:50","modified_gmt":"2025-06-07T14:51:50","slug":"ziemos-pirstines-sub20-realtree-didelis-12-mechaninis","status":"publish","type":"product","link":"https:\/\/kingarms.ee\/lt\/product\/ziemos-pirstines-sub20-realtree-didelis-12-mechaninis\/","title":{"rendered":"\u017diemos pir\u0161tin\u0117s SUB20 Realtree didelis \/ 12 mechaninis"},"content":{"rendered":"","protected":false},"excerpt":{"rendered":"<p>\u017diemos pir\u0161tin\u0117s SUB20 Realtree didelis \/ 12 mechaninis<\/p>\n<p>* I\u0161pl\u0117stin\u0117 rankogali\u0173 su kabliu ir kilpa rie\u0161o u\u017edarymo<br \/>\n* Sunkioji vilnos konstrukcija su vandeniui atspariu mink\u0161tu apvalkalu, apsaugan\u010diu rankas<br \/>\n* Sunkioji vilnos konstrukcija su vandeniui atspariu mink\u0161tu apvalkalu, apsaugan\u010diu rankas<br \/>\n* PrimaLoft olio Aukso izoliacija<br \/>\n* Tvirtas Armorteksas oma palm\u0117 atspari vandeniui<br \/>\n* * Jutiklinis ekranas gali rodomuoju pir\u0161tu<\/p>\n","protected":false},"featured_media":124331,"template":"","meta":{"_acf_changed":false},"product_brand":[],"product_cat":[1234],"product_tag":[],"class_list":{"0":"post-150538","1":"product","2":"type-product","3":"status-publish","4":"has-post-thumbnail","6":"product_cat-pirstines","8":"first","9":"instock","10":"sale","11":"purchasable","12":"product-type-simple"},"acf":[],"_links":{"self":[{"href":"https:\/\/kingarms.ee\/lt\/wp-json\/wp\/v2\/product\/150538","targetHints":{"allow":["GET"]}}],"collection":[{"href":"https:\/\/kingarms.ee\/lt\/wp-json\/wp\/v2\/product"}],"about":[{"href":"https:\/\/kingarms.ee\/lt\/wp-json\/wp\/v2\/types\/product"}],"wp:featuredmedia":[{"embeddable":true,"href":"https:\/\/kingarms.ee\/lt\/wp-json\/wp\/v2\/media\/124331"}],"wp:attachment":[{"href":"https:\/\/kingarms.ee\/lt\/wp-json\/wp\/v2\/media?parent=150538"}],"wp:term":[{"taxonomy":"product_brand","embeddable":true,"href":"https:\/\/kingarms.ee\/lt\/wp-json\/wp\/v2\/product_brand?post=150538"},{"taxonomy":"product_cat","embeddable":true,"href":"https:\/\/kingarms.ee\/lt\/wp-json\/wp\/v2\/product_cat?post=150538"},{"taxonomy":"product_tag","embeddable":true,"href":"https:\/\/kingarms.ee\/lt\/wp-json\/wp\/v2\/product_tag?post=150538"}],"curies":[{"name":"wp","href":"https:\/\/api.w.org\/{rel}","templated":true}]}}