{"id":150548,"date":"2022-04-29T14:01:11","date_gmt":"2025-06-07T15:00:10","guid":{"rendered":"https:\/\/kingarms.ee\/product\/royal-universalus-dirzo-deklas-juodas\/"},"modified":"2025-06-07T18:00:10","modified_gmt":"2025-06-07T15:00:10","slug":"royal-universalus-dirzo-deklas-juodas","status":"publish","type":"product","link":"https:\/\/kingarms.ee\/lt\/product\/royal-universalus-dirzo-deklas-juodas\/","title":{"rendered":"ROYAL UNIVERSALUS DIR\u017dO D\u0116KLAS JUODAS"},"content":{"rendered":"","protected":false},"excerpt":{"rendered":"<p>Royal universalus dir\u017eo d\u0117klas juodas<\/p>\n<p>Universalus dir\u017eo d\u0117klas reguliuojamas tik vir\u0161utiniame u\u017esegime maks matmenys: plotis 107mm auk\u0161tis 188mm gylis 36mm tinka tiek de\u0161iniarankiams, tiek kairiarankiams juoda spalva<\/p>\n","protected":false},"featured_media":118335,"template":"","meta":{"_acf_changed":false},"product_brand":[],"product_cat":[1163],"product_tag":[],"class_list":{"0":"post-150548","1":"product","2":"type-product","3":"status-publish","4":"has-post-thumbnail","6":"product_cat-kabur","8":"first","9":"instock","10":"purchasable","11":"product-type-simple"},"acf":[],"_links":{"self":[{"href":"https:\/\/kingarms.ee\/lt\/wp-json\/wp\/v2\/product\/150548","targetHints":{"allow":["GET"]}}],"collection":[{"href":"https:\/\/kingarms.ee\/lt\/wp-json\/wp\/v2\/product"}],"about":[{"href":"https:\/\/kingarms.ee\/lt\/wp-json\/wp\/v2\/types\/product"}],"wp:featuredmedia":[{"embeddable":true,"href":"https:\/\/kingarms.ee\/lt\/wp-json\/wp\/v2\/media\/118335"}],"wp:attachment":[{"href":"https:\/\/kingarms.ee\/lt\/wp-json\/wp\/v2\/media?parent=150548"}],"wp:term":[{"taxonomy":"product_brand","embeddable":true,"href":"https:\/\/kingarms.ee\/lt\/wp-json\/wp\/v2\/product_brand?post=150548"},{"taxonomy":"product_cat","embeddable":true,"href":"https:\/\/kingarms.ee\/lt\/wp-json\/wp\/v2\/product_cat?post=150548"},{"taxonomy":"product_tag","embeddable":true,"href":"https:\/\/kingarms.ee\/lt\/wp-json\/wp\/v2\/product_tag?post=150548"}],"curies":[{"name":"wp","href":"https:\/\/api.w.org\/{rel}","templated":true}]}}