{"id":150557,"date":"2021-07-03T16:11:04","date_gmt":"2025-06-07T15:16:08","guid":{"rendered":"https:\/\/kingarms.ee\/product\/sautuvas-gbb-auksinis-erelis\/"},"modified":"2025-06-07T18:16:08","modified_gmt":"2025-06-07T15:16:08","slug":"sautuvas-gbb-auksinis-erelis","status":"publish","type":"product","link":"https:\/\/kingarms.ee\/lt\/product\/sautuvas-gbb-auksinis-erelis\/","title":{"rendered":"\u0160autuvas GBB (Auksinis erelis)"},"content":{"rendered":"<p><img loading=\"lazy\" decoding=\"async\" class=\"alignnone size-medium wp-image-32427\" src=\"https:\/\/kingarms.ee\/wp-content\/uploads\/2021\/07\/golden-eagle-gas-pump-action-rifle-ge-m870tl-300x300.jpg\" alt=\"\" width=\"300\" height=\"300\" srcset=\"https:\/\/kingarms.ee\/wp-content\/uploads\/2021\/07\/golden-eagle-gas-pump-action-rifle-ge-m870tl-300x300.jpg 300w, https:\/\/kingarms.ee\/wp-content\/uploads\/2021\/07\/golden-eagle-gas-pump-action-rifle-ge-m870tl-150x150.jpg 150w, https:\/\/kingarms.ee\/wp-content\/uploads\/2021\/07\/golden-eagle-gas-pump-action-rifle-ge-m870tl.jpg 500w\" sizes=\"auto, (max-width: 300px) 100vw, 300px\" \/><\/p>\n","protected":false},"excerpt":{"rendered":"<p>\u0160autuvas GBB (Auksinis erelis)<\/p>\n<p>Dujinis \u0161autuvas<\/p>\n<p>Standartinis 20mm vir\u0161 gele\u017eies, taikymo sritis<\/p>\n<p>GALIMYB\u0116 VIENU METU I\u0160\u0160AUTI 3 ARBA 6 KULKAS<\/p>\n<p>\u0160AUTUVO KORPUSO TALPA 30 KULK\u0172<\/p>\n<p>KOMPLEKTE 6 RANKOV\u0116S<\/p>\n<p>Kietas metalas<\/p>\n<p>6 POZICIJOS KABAL<\/p>\n<p>Ry\u0161ys<\/p>\n<p>Ilgis 880mm-960mm<\/p>\n<p>Svoris 2600g<\/p>\n<p>JUODA SPALVA<\/p>\n","protected":false},"featured_media":120480,"template":"","meta":{"_acf_changed":false},"product_brand":[],"product_cat":[1140],"product_tag":[1318],"class_list":{"0":"post-150557","1":"product","2":"type-product","3":"status-publish","4":"has-post-thumbnail","6":"product_cat-sautuvai","7":"product_tag-4blss3ph-lt","9":"first","10":"onbackorder","11":"sale","12":"taxable","13":"shipping-taxable","14":"product-type-simple"},"acf":[],"_links":{"self":[{"href":"https:\/\/kingarms.ee\/lt\/wp-json\/wp\/v2\/product\/150557","targetHints":{"allow":["GET"]}}],"collection":[{"href":"https:\/\/kingarms.ee\/lt\/wp-json\/wp\/v2\/product"}],"about":[{"href":"https:\/\/kingarms.ee\/lt\/wp-json\/wp\/v2\/types\/product"}],"wp:featuredmedia":[{"embeddable":true,"href":"https:\/\/kingarms.ee\/lt\/wp-json\/wp\/v2\/media\/120480"}],"wp:attachment":[{"href":"https:\/\/kingarms.ee\/lt\/wp-json\/wp\/v2\/media?parent=150557"}],"wp:term":[{"taxonomy":"product_brand","embeddable":true,"href":"https:\/\/kingarms.ee\/lt\/wp-json\/wp\/v2\/product_brand?post=150557"},{"taxonomy":"product_cat","embeddable":true,"href":"https:\/\/kingarms.ee\/lt\/wp-json\/wp\/v2\/product_cat?post=150557"},{"taxonomy":"product_tag","embeddable":true,"href":"https:\/\/kingarms.ee\/lt\/wp-json\/wp\/v2\/product_tag?post=150557"}],"curies":[{"name":"wp","href":"https:\/\/api.w.org\/{rel}","templated":true}]}}