{"id":150569,"date":"2022-10-10T15:26:45","date_gmt":"2025-06-08T07:58:14","guid":{"rendered":"https:\/\/kingarms.ee\/product\/urf-striuke-alyvuogiu-drab-emersongear\/"},"modified":"2025-06-08T10:58:14","modified_gmt":"2025-06-08T07:58:14","slug":"urf-striuke-alyvuogiu-drab-emersongear","status":"publish","type":"product","link":"https:\/\/kingarms.ee\/lt\/product\/urf-striuke-alyvuogiu-drab-emersongear\/","title":{"rendered":"Urf Striuk\u0117 Alyvuogi\u0173 Drab EmersonGear"},"content":{"rendered":"","protected":false},"excerpt":{"rendered":"<p>Urf Striuk\u0117 Alyvuogi\u0173 Drab EmersonGear<\/p>\n<p>Lengva pamink\u0161tinta striuk\u0117<br \/>\nfleece vidinis<br \/>\natsparus v\u0117jui ir vandeniui<br \/>\n100% poliesteris<br \/>\nPasl\u0117ptas gaubtas<br \/>\ndvigubas u\u017etrauktukas<br \/>\nelastingas \u0161oninis Audinys<br \/>\n3 priekin\u0117s ki\u0161en\u0117s su u\u017etrauktuku (1 vertikalios ant kr\u016btin\u0117s)<br \/>\n1 ki\u0161en\u0117 su u\u017etrauktuku su i\u0161oriniu velcro ant kiekvienos rankov\u0117s<br \/>\n1 kartus u\u017esegama ma\u017ea ki\u0161en\u0117 ant kairiojo dilbio<br \/>\n2 kartus neu\u017edaromos Vidin\u0117s ki\u0161en\u0117s<br \/>\nrankogaliai su skyle nyk\u0161\u010diui<br \/>\nalyvuogi\u0173 drab spalva<\/p>\n","protected":false},"featured_media":134377,"template":"","meta":{"_acf_changed":false},"product_brand":[],"product_cat":[1229],"product_tag":[],"class_list":{"0":"post-150569","1":"product","2":"type-product","3":"status-publish","4":"has-post-thumbnail","6":"product_cat-striuke","8":"first","9":"instock","10":"sale","11":"purchasable","12":"product-type-variable"},"acf":[],"_links":{"self":[{"href":"https:\/\/kingarms.ee\/lt\/wp-json\/wp\/v2\/product\/150569","targetHints":{"allow":["GET"]}}],"collection":[{"href":"https:\/\/kingarms.ee\/lt\/wp-json\/wp\/v2\/product"}],"about":[{"href":"https:\/\/kingarms.ee\/lt\/wp-json\/wp\/v2\/types\/product"}],"wp:featuredmedia":[{"embeddable":true,"href":"https:\/\/kingarms.ee\/lt\/wp-json\/wp\/v2\/media\/134377"}],"wp:attachment":[{"href":"https:\/\/kingarms.ee\/lt\/wp-json\/wp\/v2\/media?parent=150569"}],"wp:term":[{"taxonomy":"product_brand","embeddable":true,"href":"https:\/\/kingarms.ee\/lt\/wp-json\/wp\/v2\/product_brand?post=150569"},{"taxonomy":"product_cat","embeddable":true,"href":"https:\/\/kingarms.ee\/lt\/wp-json\/wp\/v2\/product_cat?post=150569"},{"taxonomy":"product_tag","embeddable":true,"href":"https:\/\/kingarms.ee\/lt\/wp-json\/wp\/v2\/product_tag?post=150569"}],"curies":[{"name":"wp","href":"https:\/\/api.w.org\/{rel}","templated":true}]}}