{"id":150588,"date":"2022-10-10T15:26:45","date_gmt":"2025-06-08T08:04:01","guid":{"rendered":"https:\/\/kingarms.ee\/product\/striuke-ruda-emersongear\/"},"modified":"2025-06-08T11:04:01","modified_gmt":"2025-06-08T08:04:01","slug":"striuke-ruda-emersongear","status":"publish","type":"product","link":"https:\/\/kingarms.ee\/lt\/product\/striuke-ruda-emersongear\/","title":{"rendered":"Striuk\u0117 Ruda EmersonGear"},"content":{"rendered":"","protected":false},"excerpt":{"rendered":"<p>Striuk\u0117 Ruda EmersonGear<\/p>\n<p>Vilnos vidin\u0117 striuk\u0117<br \/>\natsparus v\u0117jui ir vandeniui<br \/>\n100% poliesteris<br \/>\nPasl\u0117ptas gaubtas<br \/>\nzip u\u017edarymas<br \/>\n2 priekin\u0117s ki\u0161en\u0117s<br \/>\nvelcro u\u017e id<br \/>\n1 galin\u0117 ki\u0161en\u0117 su dvigubu u\u017etrauktuku<br \/>\nki\u0161en\u0117 ir velcro ant kiekvienos rankov\u0117s<br \/>\nreguliuojami rankogaliai<br \/>\nventiliacijos u\u017etrauktukas kiekvienoje pus\u0117je<br \/>\ndidelis dydis<br \/>\nruda spalva<\/p>\n","protected":false},"featured_media":134373,"template":"","meta":{"_acf_changed":false},"product_brand":[],"product_cat":[1229],"product_tag":[],"class_list":{"0":"post-150588","1":"product","2":"type-product","3":"status-publish","4":"has-post-thumbnail","6":"product_cat-striuke","8":"first","9":"instock","10":"sale","11":"purchasable","12":"product-type-variable"},"acf":[],"_links":{"self":[{"href":"https:\/\/kingarms.ee\/lt\/wp-json\/wp\/v2\/product\/150588","targetHints":{"allow":["GET"]}}],"collection":[{"href":"https:\/\/kingarms.ee\/lt\/wp-json\/wp\/v2\/product"}],"about":[{"href":"https:\/\/kingarms.ee\/lt\/wp-json\/wp\/v2\/types\/product"}],"wp:featuredmedia":[{"embeddable":true,"href":"https:\/\/kingarms.ee\/lt\/wp-json\/wp\/v2\/media\/134373"}],"wp:attachment":[{"href":"https:\/\/kingarms.ee\/lt\/wp-json\/wp\/v2\/media?parent=150588"}],"wp:term":[{"taxonomy":"product_brand","embeddable":true,"href":"https:\/\/kingarms.ee\/lt\/wp-json\/wp\/v2\/product_brand?post=150588"},{"taxonomy":"product_cat","embeddable":true,"href":"https:\/\/kingarms.ee\/lt\/wp-json\/wp\/v2\/product_cat?post=150588"},{"taxonomy":"product_tag","embeddable":true,"href":"https:\/\/kingarms.ee\/lt\/wp-json\/wp\/v2\/product_tag?post=150588"}],"curies":[{"name":"wp","href":"https:\/\/api.w.org\/{rel}","templated":true}]}}