{"id":150596,"date":"2022-10-10T15:26:33","date_gmt":"2025-06-08T08:08:16","guid":{"rendered":"https:\/\/kingarms.ee\/product\/dviguba-grupe-vhf-uhf-fm-radio-baofeng\/"},"modified":"2025-06-08T11:08:16","modified_gmt":"2025-06-08T08:08:16","slug":"dviguba-grupe-vhf-uhf-fm-radio-baofeng","status":"publish","type":"product","link":"https:\/\/kingarms.ee\/lt\/product\/dviguba-grupe-vhf-uhf-fm-radio-baofeng\/","title":{"rendered":"Dviguba grup\u0117 VHF\/UHF FM Radio Baofeng"},"content":{"rendered":"","protected":false},"excerpt":{"rendered":"<p>Dviguba grup\u0117 VHF\/UHF FM Radio Baofeng<\/p>\n<p>128 kanalai<br \/>\nda\u017eni\u0173:<br \/>\n&#8211; vhf 136-174 mhz<br \/>\n&#8211; uhf 400-470 mhz<br \/>\n-fm 65-108MHz<br \/>\nperdavimo galia: 10-5 V<br \/>\nantenos var\u017ea: 50 oma<br \/>\nap\u0161viestas lcd ekranas<br \/>\nvir\u0161utinis LED \u017eibintuv\u0117lis (fiksuota arba mirksinti lemput\u0117)<br \/>\npridedama ausin\u0117 ir mikrofonas su ptt ir spaustuku<br \/>\npridedamas Rankinis ne\u0161iojimo dir\u017eas<br \/>\ngalinis klipas \u012ftrauktas<br \/>\nkompiuteris programuojamas kabeliu parduodamas atskirai<br \/>\nmatmenys: 62mm 134mm 32mm (su antena 270mm)<br \/>\nsvoris: 250g<br \/>\nli-ion 7.4 V 2200mAh baterija ir stalo \u012fkroviklis<\/p>\n","protected":false},"featured_media":136571,"template":"","meta":{"_acf_changed":false},"product_brand":[],"product_cat":[1269],"product_tag":[],"class_list":{"0":"post-150596","1":"product","2":"type-product","3":"status-publish","4":"has-post-thumbnail","6":"product_cat-imtuvai","8":"first","9":"onbackorder","10":"product-type-simple"},"acf":[],"_links":{"self":[{"href":"https:\/\/kingarms.ee\/lt\/wp-json\/wp\/v2\/product\/150596","targetHints":{"allow":["GET"]}}],"collection":[{"href":"https:\/\/kingarms.ee\/lt\/wp-json\/wp\/v2\/product"}],"about":[{"href":"https:\/\/kingarms.ee\/lt\/wp-json\/wp\/v2\/types\/product"}],"wp:featuredmedia":[{"embeddable":true,"href":"https:\/\/kingarms.ee\/lt\/wp-json\/wp\/v2\/media\/136571"}],"wp:attachment":[{"href":"https:\/\/kingarms.ee\/lt\/wp-json\/wp\/v2\/media?parent=150596"}],"wp:term":[{"taxonomy":"product_brand","embeddable":true,"href":"https:\/\/kingarms.ee\/lt\/wp-json\/wp\/v2\/product_brand?post=150596"},{"taxonomy":"product_cat","embeddable":true,"href":"https:\/\/kingarms.ee\/lt\/wp-json\/wp\/v2\/product_cat?post=150596"},{"taxonomy":"product_tag","embeddable":true,"href":"https:\/\/kingarms.ee\/lt\/wp-json\/wp\/v2\/product_tag?post=150596"}],"curies":[{"name":"wp","href":"https:\/\/api.w.org\/{rel}","templated":true}]}}