{"id":150600,"date":"2022-04-26T13:17:59","date_gmt":"2025-06-08T08:12:02","guid":{"rendered":"https:\/\/kingarms.ee\/product\/cm-515-tamsi-zeme-cyma\/"},"modified":"2025-06-08T11:12:02","modified_gmt":"2025-06-08T08:12:02","slug":"cm-515-tamsi-zeme-cyma","status":"publish","type":"product","link":"https:\/\/kingarms.ee\/lt\/product\/cm-515-tamsi-zeme-cyma\/","title":{"rendered":"CM.515 TAMSI \u017dEM\u0116 CYMA"},"content":{"rendered":"","protected":false},"excerpt":{"rendered":"<p>CM.515 TAMSI \u017dEM\u0116 CYMA <\/p>\n<p>Svoris: 1880 g<br \/>\nSpalva: tamsi \u017eem\u0117<br \/>\nMed\u017eiaga: plienas, aliuminis, ABS<br \/>\nGaisro re\u017eimas: vienas, Automatinis<br \/>\n\u017durnalo modelis: hi-cap<br \/>\n\u017durnalo Med\u017eiaga: ABS<br \/>\nAkumuliatorius komplekte: taip<br \/>\nAkumuliatoriaus tipas: speciali j\u0117ga<br \/>\nAkumuliatoriaus tipas: NiMH<br \/>\nAkumuliatoriaus jungties tipas: Ma\u017eas Tamiya<br \/>\nAkumuliatoriaus element\u0173 tipas: mini<br \/>\nPavar\u0173 d\u0117\u017e\u0117s versija: v. 2<br \/>\nGuoliai tipas: plieno stumdomas<br \/>\nGuoli\u0173 skersmuo: 8 mm<br \/>\nStatin\u0117s sriegio tipas: prie\u0161 laikrod\u017eio rodykl\u0119<br \/>\nIlgis: 792 mm<br \/>\n\u017durnalo talpa: 300 BBs<br \/>\nAkumuliatoriaus \u012ftampa V: 8,4<br \/>\nAkumuliatoriaus talpa mAh: 1100<br \/>\nVidin\u0117s statin\u0117s ilgis: 380 mm<br \/>\nSnukio energija: 1,34-1,49 J<br \/>\nSnukio greitis fps: 380-400<br \/>\nStatin\u0117s sriegio skersmuo mm: 14<\/p>\n","protected":false},"featured_media":117282,"template":"","meta":{"_acf_changed":false},"product_brand":[],"product_cat":[1139],"product_tag":[1318],"class_list":{"0":"post-150600","1":"product","2":"type-product","3":"status-publish","4":"has-post-thumbnail","6":"product_cat-elektro-pneumatiniai-ginklai","7":"product_tag-4blss3ph-lt","9":"first","10":"onbackorder","11":"product-type-simple"},"acf":[],"_links":{"self":[{"href":"https:\/\/kingarms.ee\/lt\/wp-json\/wp\/v2\/product\/150600","targetHints":{"allow":["GET"]}}],"collection":[{"href":"https:\/\/kingarms.ee\/lt\/wp-json\/wp\/v2\/product"}],"about":[{"href":"https:\/\/kingarms.ee\/lt\/wp-json\/wp\/v2\/types\/product"}],"wp:featuredmedia":[{"embeddable":true,"href":"https:\/\/kingarms.ee\/lt\/wp-json\/wp\/v2\/media\/117282"}],"wp:attachment":[{"href":"https:\/\/kingarms.ee\/lt\/wp-json\/wp\/v2\/media?parent=150600"}],"wp:term":[{"taxonomy":"product_brand","embeddable":true,"href":"https:\/\/kingarms.ee\/lt\/wp-json\/wp\/v2\/product_brand?post=150600"},{"taxonomy":"product_cat","embeddable":true,"href":"https:\/\/kingarms.ee\/lt\/wp-json\/wp\/v2\/product_cat?post=150600"},{"taxonomy":"product_tag","embeddable":true,"href":"https:\/\/kingarms.ee\/lt\/wp-json\/wp\/v2\/product_tag?post=150600"}],"curies":[{"name":"wp","href":"https:\/\/api.w.org\/{rel}","templated":true}]}}