{"id":150604,"date":"2022-10-10T15:26:23","date_gmt":"2025-06-08T08:16:09","guid":{"rendered":"https:\/\/kingarms.ee\/product\/lankas-krepsys-camo-royal\/"},"modified":"2025-06-08T11:16:09","modified_gmt":"2025-06-08T08:16:09","slug":"lankas-krepsys-camo-royal","status":"publish","type":"product","link":"https:\/\/kingarms.ee\/lt\/product\/lankas-krepsys-camo-royal\/","title":{"rendered":"Lankas krep\u0161ys Camo [royal]"},"content":{"rendered":"","protected":false},"excerpt":{"rendered":"<p>Lankas krep\u0161ys Camo [royal]<br \/>\nLankas krep\u0161ys<br \/>\nzip u\u017edarymas<br \/>\ni\u0161orin\u0117 ki\u0161en\u0117 rodykl\u0117ms su u\u017etrauktuku<br \/>\nmatmenys 110cm ir 47cm<br \/>\ncamo dizainas<\/p>\n","protected":false},"featured_media":124166,"template":"","meta":{"_acf_changed":false},"product_brand":[],"product_cat":[1151,1155],"product_tag":[],"class_list":{"0":"post-150604","1":"product","2":"type-product","3":"status-publish","4":"has-post-thumbnail","6":"product_cat-lankai-ir-skersiniai","7":"product_cat-priedai","9":"first","10":"instock","11":"purchasable","12":"product-type-simple"},"acf":[],"_links":{"self":[{"href":"https:\/\/kingarms.ee\/lt\/wp-json\/wp\/v2\/product\/150604","targetHints":{"allow":["GET"]}}],"collection":[{"href":"https:\/\/kingarms.ee\/lt\/wp-json\/wp\/v2\/product"}],"about":[{"href":"https:\/\/kingarms.ee\/lt\/wp-json\/wp\/v2\/types\/product"}],"wp:featuredmedia":[{"embeddable":true,"href":"https:\/\/kingarms.ee\/lt\/wp-json\/wp\/v2\/media\/124166"}],"wp:attachment":[{"href":"https:\/\/kingarms.ee\/lt\/wp-json\/wp\/v2\/media?parent=150604"}],"wp:term":[{"taxonomy":"product_brand","embeddable":true,"href":"https:\/\/kingarms.ee\/lt\/wp-json\/wp\/v2\/product_brand?post=150604"},{"taxonomy":"product_cat","embeddable":true,"href":"https:\/\/kingarms.ee\/lt\/wp-json\/wp\/v2\/product_cat?post=150604"},{"taxonomy":"product_tag","embeddable":true,"href":"https:\/\/kingarms.ee\/lt\/wp-json\/wp\/v2\/product_tag?post=150604"}],"curies":[{"name":"wp","href":"https:\/\/api.w.org\/{rel}","templated":true}]}}