{"id":150609,"date":"2022-04-26T13:17:45","date_gmt":"2025-06-08T08:19:04","guid":{"rendered":"https:\/\/kingarms.ee\/product\/multi-mission-molle-priekinis-skydelis-multicamo-8fields\/"},"modified":"2025-06-08T11:19:04","modified_gmt":"2025-06-08T08:19:04","slug":"multi-mission-molle-priekinis-skydelis-multicamo-8fields","status":"publish","type":"product","link":"https:\/\/kingarms.ee\/lt\/product\/multi-mission-molle-priekinis-skydelis-multicamo-8fields\/","title":{"rendered":"\u201eMulti Mission Molle\u201c priekinis skydelis \u201eMulticamo 8fields\u201c"},"content":{"rendered":"","protected":false},"excerpt":{"rendered":"<p>\u201eMulti Mission Molle\u201c priekinis skydelis \u201eMulticamo 8fields\u201c<\/p>\n<p>Keli\u0173 misij\u0173 mai\u0161elis gali tur\u0117ti 5.56\/.223 stiliaus \u017eurnalai (M4 \/ AR &#8211; 15 \/ M16 \/ ACR \/ FAMAS\/SCAR-L \/ TAVOR \/ SA80 \/ Galil \/ tipas 89 \/ F2000 \/ rugpj\u016btis), 7.62\/.308 (HK417 \/ G3 \/ SR25 \/ M14 \/ AK47\/FAL\/SCAR-H \/ SSR), vieno ar dvigubo kamino pistoleto d\u0117tuv\u0117s, \u0161autuvo sviediniai ar daugelis kit\u0173 pried\u0173 (\u017eibintuv\u0117liai, peiliai, Daugiafunkciniai \u012frankiai, raketos, radijo imtuvai, Granatos, \u0161vyt\u0117jimo lazdel\u0117s). Suderinamas su visomis MOLLE platformomis.<\/p>\n","protected":false},"featured_media":117470,"template":"","meta":{"_acf_changed":false},"product_brand":[],"product_cat":[1240,1242],"product_tag":[],"class_list":{"0":"post-150609","1":"product","2":"type-product","3":"status-publish","4":"has-post-thumbnail","6":"product_cat-maiseliai-krepsiai-ir-dirzeliai","7":"product_cat-sandeliavimo-kisenes","9":"first","10":"instock","11":"purchasable","12":"product-type-simple"},"acf":[],"_links":{"self":[{"href":"https:\/\/kingarms.ee\/lt\/wp-json\/wp\/v2\/product\/150609","targetHints":{"allow":["GET"]}}],"collection":[{"href":"https:\/\/kingarms.ee\/lt\/wp-json\/wp\/v2\/product"}],"about":[{"href":"https:\/\/kingarms.ee\/lt\/wp-json\/wp\/v2\/types\/product"}],"wp:featuredmedia":[{"embeddable":true,"href":"https:\/\/kingarms.ee\/lt\/wp-json\/wp\/v2\/media\/117470"}],"wp:attachment":[{"href":"https:\/\/kingarms.ee\/lt\/wp-json\/wp\/v2\/media?parent=150609"}],"wp:term":[{"taxonomy":"product_brand","embeddable":true,"href":"https:\/\/kingarms.ee\/lt\/wp-json\/wp\/v2\/product_brand?post=150609"},{"taxonomy":"product_cat","embeddable":true,"href":"https:\/\/kingarms.ee\/lt\/wp-json\/wp\/v2\/product_cat?post=150609"},{"taxonomy":"product_tag","embeddable":true,"href":"https:\/\/kingarms.ee\/lt\/wp-json\/wp\/v2\/product_tag?post=150609"}],"curies":[{"name":"wp","href":"https:\/\/api.w.org\/{rel}","templated":true}]}}