{"id":150621,"date":"2022-10-10T15:26:07","date_gmt":"2025-06-08T08:25:43","guid":{"rendered":"https:\/\/kingarms.ee\/product\/mpls-mokestis-taktinis-salmas-sviesos-naktinis-evoliucija\/"},"modified":"2025-06-08T11:25:43","modified_gmt":"2025-06-08T08:25:43","slug":"mpls-mokestis-taktinis-salmas-sviesos-naktinis-evoliucija","status":"publish","type":"product","link":"https:\/\/kingarms.ee\/lt\/product\/mpls-mokestis-taktinis-salmas-sviesos-naktinis-evoliucija\/","title":{"rendered":"Mpls Mokestis Taktinis \u0160almas \u0160viesos [Naktinis Evoliucija]"},"content":{"rendered":"","protected":false},"excerpt":{"rendered":"<p>Mpls Mokestis Taktinis \u0160almas \u0160viesos [Naktinis Evoliucija]<\/p>\n<p>Naktinis evoliucija airsoft MPLS mokestis Taktinis \u0161almas \u0161viesiai tamsiai \u017eem\u0117<br \/>\npagaminta su 360 laipsni\u0173 laikikliu, naktin\u0117s evoliucijos \u0161almo lemput\u0117 padeda esant silpnam ap\u0161vietimui ir tvirtinama ant mich Tipo \u0161alm\u0173.<\/p>\n","protected":false},"featured_media":124223,"template":"","meta":{"_acf_changed":false},"product_brand":[],"product_cat":[1172],"product_tag":[],"class_list":{"0":"post-150621","1":"product","2":"type-product","3":"status-publish","4":"has-post-thumbnail","6":"product_cat-priekiniai-zibintai","8":"first","9":"instock","10":"purchasable","11":"product-type-simple"},"acf":[],"_links":{"self":[{"href":"https:\/\/kingarms.ee\/lt\/wp-json\/wp\/v2\/product\/150621","targetHints":{"allow":["GET"]}}],"collection":[{"href":"https:\/\/kingarms.ee\/lt\/wp-json\/wp\/v2\/product"}],"about":[{"href":"https:\/\/kingarms.ee\/lt\/wp-json\/wp\/v2\/types\/product"}],"wp:featuredmedia":[{"embeddable":true,"href":"https:\/\/kingarms.ee\/lt\/wp-json\/wp\/v2\/media\/124223"}],"wp:attachment":[{"href":"https:\/\/kingarms.ee\/lt\/wp-json\/wp\/v2\/media?parent=150621"}],"wp:term":[{"taxonomy":"product_brand","embeddable":true,"href":"https:\/\/kingarms.ee\/lt\/wp-json\/wp\/v2\/product_brand?post=150621"},{"taxonomy":"product_cat","embeddable":true,"href":"https:\/\/kingarms.ee\/lt\/wp-json\/wp\/v2\/product_cat?post=150621"},{"taxonomy":"product_tag","embeddable":true,"href":"https:\/\/kingarms.ee\/lt\/wp-json\/wp\/v2\/product_tag?post=150621"}],"curies":[{"name":"wp","href":"https:\/\/api.w.org\/{rel}","templated":true}]}}