{"id":150632,"date":"2022-04-26T13:17:45","date_gmt":"2025-06-08T08:31:35","guid":{"rendered":"https:\/\/kingarms.ee\/product\/keliu-budas-nesioja-organizatoriu-coyote-8fields\/"},"modified":"2025-06-08T11:31:35","modified_gmt":"2025-06-08T08:31:35","slug":"keliu-budas-nesioja-organizatoriu-coyote-8fields","status":"publish","type":"product","link":"https:\/\/kingarms.ee\/lt\/product\/keliu-budas-nesioja-organizatoriu-coyote-8fields\/","title":{"rendered":"Keli\u0173 b\u016bdas ne\u0161ioja organizatori\u0173 \u201eCoyote 8fields\u201c"},"content":{"rendered":"","protected":false},"excerpt":{"rendered":"<p>Keli\u0173 b\u016bdas ne\u0161ioja organizatori\u0173 \u201eCoyote 8fields\u201c<\/p>\n<p>Organizatorius EDC puikiai tinka telefonams, raktams, GPS \u012frenginiams, papildomiems \u0161oviniams, skaitmeniniams fotoaparatams, medicinos reikmenims ir kitiems reikalingiems \u012frankiams laikyti. Turi greitai pasiekiam\u0105 priekin\u0119 velcro ki\u0161en\u0119, vidines slydimo ki\u0161enes, rakt\u0173 pakabuko dir\u017e\u0105, elastines kilpas, kad viskas b\u016bt\u0173 vienoje vietoje. Galima lengvai pritvirtinti prie bet koki\u0173 kuprin\u0117s dir\u017e\u0173, dir\u017e\u0173 ar MOLLE platform\u0173.  <\/p>\n","protected":false},"featured_media":117576,"template":"","meta":{"_acf_changed":false},"product_brand":[],"product_cat":[1246,1240],"product_tag":[],"class_list":{"0":"post-150632","1":"product","2":"type-product","3":"status-publish","4":"has-post-thumbnail","6":"product_cat-kisenes","7":"product_cat-maiseliai-krepsiai-ir-dirzeliai","9":"first","10":"onbackorder","11":"product-type-simple"},"acf":[],"_links":{"self":[{"href":"https:\/\/kingarms.ee\/lt\/wp-json\/wp\/v2\/product\/150632","targetHints":{"allow":["GET"]}}],"collection":[{"href":"https:\/\/kingarms.ee\/lt\/wp-json\/wp\/v2\/product"}],"about":[{"href":"https:\/\/kingarms.ee\/lt\/wp-json\/wp\/v2\/types\/product"}],"wp:featuredmedia":[{"embeddable":true,"href":"https:\/\/kingarms.ee\/lt\/wp-json\/wp\/v2\/media\/117576"}],"wp:attachment":[{"href":"https:\/\/kingarms.ee\/lt\/wp-json\/wp\/v2\/media?parent=150632"}],"wp:term":[{"taxonomy":"product_brand","embeddable":true,"href":"https:\/\/kingarms.ee\/lt\/wp-json\/wp\/v2\/product_brand?post=150632"},{"taxonomy":"product_cat","embeddable":true,"href":"https:\/\/kingarms.ee\/lt\/wp-json\/wp\/v2\/product_cat?post=150632"},{"taxonomy":"product_tag","embeddable":true,"href":"https:\/\/kingarms.ee\/lt\/wp-json\/wp\/v2\/product_tag?post=150632"}],"curies":[{"name":"wp","href":"https:\/\/api.w.org\/{rel}","templated":true}]}}