{"id":150643,"date":"2022-10-03T16:15:20","date_gmt":"2025-06-08T08:36:31","guid":{"rendered":"https:\/\/kingarms.ee\/product\/22-mm-begio-lygis\/"},"modified":"2025-06-08T11:36:31","modified_gmt":"2025-06-08T08:36:31","slug":"22-mm-begio-lygis","status":"publish","type":"product","link":"https:\/\/kingarms.ee\/lt\/product\/22-mm-begio-lygis\/","title":{"rendered":"22 mm b\u0117gio lygis"},"content":{"rendered":"","protected":false},"excerpt":{"rendered":"<p>22 mm b\u0117gio lygis<\/p>\n<p>22 mm guls\u010diukas-naudinga priemon\u0117, palengvinanti teisingos \u0161autuvo pad\u0117ties \u012fvertinim\u0105 prie\u0161 \u0161audant ir mokanti taisyklingos \u0161audymo laikysenos.<br \/>\nGuls\u010diuko korpusas pagamintas i\u0161 patvaraus anoduoto aliuminio, atsparaus oro s\u0105lygoms ir \u012fbr\u0117\u017eimams. Ai\u0161kus atskaitos ta\u0161kas leid\u017eia greitai patikrinti ginklo pad\u0117t\u012f prie\u0161 \u0161audant, prakti\u0161kai nenuleid\u017eiant aki\u0173 nuo taikinio. Lengvas ir kompakti\u0161kas dizainas neturi \u012ftakos ginklo svoriui.  <\/p>\n","protected":false},"featured_media":123638,"template":"","meta":{"_acf_changed":false},"product_brand":[],"product_cat":[1169],"product_tag":[],"class_list":{"0":"post-150643","1":"product","2":"type-product","3":"status-publish","4":"has-post-thumbnail","6":"product_cat-tvirtinimo-elementai","8":"first","9":"onbackorder","10":"product-type-simple"},"acf":[],"_links":{"self":[{"href":"https:\/\/kingarms.ee\/lt\/wp-json\/wp\/v2\/product\/150643","targetHints":{"allow":["GET"]}}],"collection":[{"href":"https:\/\/kingarms.ee\/lt\/wp-json\/wp\/v2\/product"}],"about":[{"href":"https:\/\/kingarms.ee\/lt\/wp-json\/wp\/v2\/types\/product"}],"wp:featuredmedia":[{"embeddable":true,"href":"https:\/\/kingarms.ee\/lt\/wp-json\/wp\/v2\/media\/123638"}],"wp:attachment":[{"href":"https:\/\/kingarms.ee\/lt\/wp-json\/wp\/v2\/media?parent=150643"}],"wp:term":[{"taxonomy":"product_brand","embeddable":true,"href":"https:\/\/kingarms.ee\/lt\/wp-json\/wp\/v2\/product_brand?post=150643"},{"taxonomy":"product_cat","embeddable":true,"href":"https:\/\/kingarms.ee\/lt\/wp-json\/wp\/v2\/product_cat?post=150643"},{"taxonomy":"product_tag","embeddable":true,"href":"https:\/\/kingarms.ee\/lt\/wp-json\/wp\/v2\/product_tag?post=150643"}],"curies":[{"name":"wp","href":"https:\/\/api.w.org\/{rel}","templated":true}]}}