{"id":150647,"date":"2022-10-03T16:15:20","date_gmt":"2025-06-08T08:38:51","guid":{"rendered":"https:\/\/kingarms.ee\/product\/snuggy-galvos-atrama-snugpak\/"},"modified":"2025-06-08T11:38:51","modified_gmt":"2025-06-08T08:38:51","slug":"snuggy-galvos-atrama-snugpak","status":"publish","type":"product","link":"https:\/\/kingarms.ee\/lt\/product\/snuggy-galvos-atrama-snugpak\/","title":{"rendered":"Snuggy Galvos Atrama [Snugpak]"},"content":{"rendered":"","protected":false},"excerpt":{"rendered":"<p>Snuggy Galvos Atrama [Snugpak]<\/p>\n<p>Itin lengva ir kompakti\u0161ka pagalv\u0117, kuri \u012fsideda \u012f save, kad b\u016bt\u0173 paprasta laikyti, ta\u010diau puikiai palaiko galv\u0105 ir kakl\u0105.<\/p>\n","protected":false},"featured_media":123650,"template":"","meta":{"_acf_changed":false},"product_brand":[],"product_cat":[1263],"product_tag":[],"class_list":{"0":"post-150647","1":"product","2":"type-product","3":"status-publish","4":"has-post-thumbnail","6":"product_cat-kelioniu-prekes","8":"first","9":"instock","10":"purchasable","11":"product-type-simple"},"acf":[],"_links":{"self":[{"href":"https:\/\/kingarms.ee\/lt\/wp-json\/wp\/v2\/product\/150647","targetHints":{"allow":["GET"]}}],"collection":[{"href":"https:\/\/kingarms.ee\/lt\/wp-json\/wp\/v2\/product"}],"about":[{"href":"https:\/\/kingarms.ee\/lt\/wp-json\/wp\/v2\/types\/product"}],"wp:featuredmedia":[{"embeddable":true,"href":"https:\/\/kingarms.ee\/lt\/wp-json\/wp\/v2\/media\/123650"}],"wp:attachment":[{"href":"https:\/\/kingarms.ee\/lt\/wp-json\/wp\/v2\/media?parent=150647"}],"wp:term":[{"taxonomy":"product_brand","embeddable":true,"href":"https:\/\/kingarms.ee\/lt\/wp-json\/wp\/v2\/product_brand?post=150647"},{"taxonomy":"product_cat","embeddable":true,"href":"https:\/\/kingarms.ee\/lt\/wp-json\/wp\/v2\/product_cat?post=150647"},{"taxonomy":"product_tag","embeddable":true,"href":"https:\/\/kingarms.ee\/lt\/wp-json\/wp\/v2\/product_tag?post=150647"}],"curies":[{"name":"wp","href":"https:\/\/api.w.org\/{rel}","templated":true}]}}