{"id":150652,"date":"2022-04-26T13:17:32","date_gmt":"2025-06-08T08:44:03","guid":{"rendered":"https:\/\/kingarms.ee\/product\/universalus-frag-granata-maiselis-multicamo-8fields\/"},"modified":"2025-06-08T11:44:03","modified_gmt":"2025-06-08T08:44:03","slug":"universalus-frag-granata-maiselis-multicamo-8fields","status":"publish","type":"product","link":"https:\/\/kingarms.ee\/lt\/product\/universalus-frag-granata-maiselis-multicamo-8fields\/","title":{"rendered":"UNIVERSALUS FRAG GRANATA MAI\u0160ELIS MULTICAMO 8FIELDS"},"content":{"rendered":"","protected":false},"excerpt":{"rendered":"<p>UNIVERSALUS FRAG GRANATA MAI\u0160ELIS MULTICAMO 8FIELDS<\/p>\n<p>Mai\u0161elis turi kiau\u0161ini\u0173 rankin\u0119 granat\u0105 ar daugel\u012f kit\u0173 pried\u0173. Suderinamas su visomis MOLLE platformomis.<\/p>\n","protected":false},"featured_media":117664,"template":"","meta":{"_acf_changed":false},"product_brand":[],"product_cat":[1240,1242],"product_tag":[],"class_list":{"0":"post-150652","1":"product","2":"type-product","3":"status-publish","4":"has-post-thumbnail","6":"product_cat-maiseliai-krepsiai-ir-dirzeliai","7":"product_cat-sandeliavimo-kisenes","9":"first","10":"instock","11":"purchasable","12":"product-type-simple"},"acf":[],"_links":{"self":[{"href":"https:\/\/kingarms.ee\/lt\/wp-json\/wp\/v2\/product\/150652","targetHints":{"allow":["GET"]}}],"collection":[{"href":"https:\/\/kingarms.ee\/lt\/wp-json\/wp\/v2\/product"}],"about":[{"href":"https:\/\/kingarms.ee\/lt\/wp-json\/wp\/v2\/types\/product"}],"wp:featuredmedia":[{"embeddable":true,"href":"https:\/\/kingarms.ee\/lt\/wp-json\/wp\/v2\/media\/117664"}],"wp:attachment":[{"href":"https:\/\/kingarms.ee\/lt\/wp-json\/wp\/v2\/media?parent=150652"}],"wp:term":[{"taxonomy":"product_brand","embeddable":true,"href":"https:\/\/kingarms.ee\/lt\/wp-json\/wp\/v2\/product_brand?post=150652"},{"taxonomy":"product_cat","embeddable":true,"href":"https:\/\/kingarms.ee\/lt\/wp-json\/wp\/v2\/product_cat?post=150652"},{"taxonomy":"product_tag","embeddable":true,"href":"https:\/\/kingarms.ee\/lt\/wp-json\/wp\/v2\/product_tag?post=150652"}],"curies":[{"name":"wp","href":"https:\/\/api.w.org\/{rel}","templated":true}]}}