{"id":150678,"date":"2022-04-26T13:17:19","date_gmt":"2025-06-08T09:14:39","guid":{"rendered":"https:\/\/kingarms.ee\/product\/atidarykite-virsutine-dviguba-pistoleto-mag-maiseli-coyote-8fields\/"},"modified":"2025-06-08T12:14:39","modified_gmt":"2025-06-08T09:14:39","slug":"atidarykite-virsutine-dviguba-pistoleto-mag-maiseli-coyote-8fields","status":"publish","type":"product","link":"https:\/\/kingarms.ee\/lt\/product\/atidarykite-virsutine-dviguba-pistoleto-mag-maiseli-coyote-8fields\/","title":{"rendered":"Atidarykite vir\u0161utin\u0119 dvigub\u0105 pistoleto mag mai\u0161el\u012f \u201eCoyote 8fields\u201c"},"content":{"rendered":"","protected":false},"excerpt":{"rendered":"<p>Atidarykite vir\u0161utin\u0119 dvigub\u0105 pistoleto mag mai\u0161el\u012f \u201eCoyote 8fields\u201c<\/p>\n<p>\u0160is atviras vir\u0161utinis dvigubas pistoleto magnetas gali b\u016bti pritvirtintas naudojant \u201eMolle\u201c sistem\u0105.<br \/>\nII gaminama i\u0161 labai lengvos ir patvarios med\u017eiagos, yra visi\u0161kai atspari vandeniui, o kiekviena ki\u0161en\u0117 turi apatin\u0117s spalvos suderintas i\u0161leidimo \u012fvores<br \/>\nAr saugykla gali skirtis pagal dyd\u012f \u017eurnalas, \u017eibintuv\u0117lis, peilis ir kt.<br \/>\nAnt pus\u0117s yra sulaikymo dir\u017eeliai, kurie suteikia pakankamai \u012ftampos, kad \u017eurnalas b\u016bt\u0173 vietoje.<br \/>\nGumin\u0117 virv\u0117 vir\u0161uje yra visi\u0161kai reguliuojama skirtingo \u017eurnalo ilgio.<\/p>\n","protected":false},"featured_media":117758,"template":"","meta":{"_acf_changed":false},"product_brand":[],"product_cat":[1240,1242],"product_tag":[],"class_list":{"0":"post-150678","1":"product","2":"type-product","3":"status-publish","4":"has-post-thumbnail","6":"product_cat-maiseliai-krepsiai-ir-dirzeliai","7":"product_cat-sandeliavimo-kisenes","9":"first","10":"instock","11":"purchasable","12":"product-type-simple"},"acf":[],"_links":{"self":[{"href":"https:\/\/kingarms.ee\/lt\/wp-json\/wp\/v2\/product\/150678","targetHints":{"allow":["GET"]}}],"collection":[{"href":"https:\/\/kingarms.ee\/lt\/wp-json\/wp\/v2\/product"}],"about":[{"href":"https:\/\/kingarms.ee\/lt\/wp-json\/wp\/v2\/types\/product"}],"wp:featuredmedia":[{"embeddable":true,"href":"https:\/\/kingarms.ee\/lt\/wp-json\/wp\/v2\/media\/117758"}],"wp:attachment":[{"href":"https:\/\/kingarms.ee\/lt\/wp-json\/wp\/v2\/media?parent=150678"}],"wp:term":[{"taxonomy":"product_brand","embeddable":true,"href":"https:\/\/kingarms.ee\/lt\/wp-json\/wp\/v2\/product_brand?post=150678"},{"taxonomy":"product_cat","embeddable":true,"href":"https:\/\/kingarms.ee\/lt\/wp-json\/wp\/v2\/product_cat?post=150678"},{"taxonomy":"product_tag","embeddable":true,"href":"https:\/\/kingarms.ee\/lt\/wp-json\/wp\/v2\/product_tag?post=150678"}],"curies":[{"name":"wp","href":"https:\/\/api.w.org\/{rel}","templated":true}]}}