{"id":150695,"date":"2024-01-17T12:16:33","date_gmt":"2025-06-08T10:51:32","guid":{"rendered":"https:\/\/kingarms.ee\/product\/kuprine-65l\/"},"modified":"2025-06-08T13:51:32","modified_gmt":"2025-06-08T10:51:32","slug":"kuprine-65l","status":"publish","type":"product","link":"https:\/\/kingarms.ee\/lt\/product\/kuprine-65l\/","title":{"rendered":"Kuprin\u0117 65L"},"content":{"rendered":"","protected":false},"excerpt":{"rendered":"<p>Kuprin\u0117 65L<\/p>\n<p>reguliuojami, pamink\u0161tinti pe\u010di\u0173 dir\u017eeliai<br \/>\nreguliuojamas u\u017esegamas juosmens dir\u017eas<br \/>\n1 vir\u0161utin\u0117 ne\u0161iojimo rankena<br \/>\nkilpos skydelis apytiksliai. 15 kart\u0173 2,5 cm galin\u0117 pus\u0117<br \/>\nDangtis 1 fiksuota ki\u0161en\u0117 su atvartu ir<br \/>\nu\u017esegamas dir\u017eelis ir 1 priekin\u0117 i\u0161traukiama ki\u0161en\u0117<br \/>\nkablio kilpa ir 1 didel\u0117 ki\u0161en\u0117 su u\u017etrauktuku<br \/>\nu\u017e<br \/>\natskiriamas pagrindinis skyrius<br \/>\napatinis stal\u010dius (eilut\u0117)<br \/>\ni\u0161orinis u\u017etrauktukas, skirtas patekti \u012f apatin\u012f stal\u010di\u0173<br \/>\ndviguba virvel\u0117 pagrindin\u0117je kameroje<br \/>\nplok\u0161\u010dias \u012fd\u0117klo stal\u010dius, pvz.<br \/>\nmiegojimo d\u0117klas<br \/>\naliuminio stabilumo strypo vir\u0161us viduje<br \/>\n2 \u0161onin\u0117s ki\u0161en\u0117s su atvartu ir dir\u017eeliu<br \/>\nma\u017ea ki\u0161en\u0117 su kabliu<br \/>\napatin\u0117 priekin\u0117 dalis<br \/>\n\u012fvair\u016bs tvirtinimo dir\u017eeliai, 4 priekinio paspaudimo u\u017edarymas<br \/>\nTalpa: Apytiksliai. 65 l<br \/>\nMatmenys: apytiksliai. 43 cm 63 cm 21 cm<br \/>\nSvoris: apytiksliai. 1,3 kg<br \/>\nMed\u017eiaga: 100% poliesteris   <\/p>\n","protected":false},"featured_media":134407,"template":"","meta":{"_acf_changed":false},"product_brand":[],"product_cat":[1243,1240],"product_tag":[],"class_list":{"0":"post-150695","1":"product","2":"type-product","3":"status-publish","4":"has-post-thumbnail","6":"product_cat-kuprines","7":"product_cat-maiseliai-krepsiai-ir-dirzeliai","9":"first","10":"instock","11":"taxable","12":"shipping-taxable","13":"purchasable","14":"product-type-simple"},"acf":[],"_links":{"self":[{"href":"https:\/\/kingarms.ee\/lt\/wp-json\/wp\/v2\/product\/150695","targetHints":{"allow":["GET"]}}],"collection":[{"href":"https:\/\/kingarms.ee\/lt\/wp-json\/wp\/v2\/product"}],"about":[{"href":"https:\/\/kingarms.ee\/lt\/wp-json\/wp\/v2\/types\/product"}],"wp:featuredmedia":[{"embeddable":true,"href":"https:\/\/kingarms.ee\/lt\/wp-json\/wp\/v2\/media\/134407"}],"wp:attachment":[{"href":"https:\/\/kingarms.ee\/lt\/wp-json\/wp\/v2\/media?parent=150695"}],"wp:term":[{"taxonomy":"product_brand","embeddable":true,"href":"https:\/\/kingarms.ee\/lt\/wp-json\/wp\/v2\/product_brand?post=150695"},{"taxonomy":"product_cat","embeddable":true,"href":"https:\/\/kingarms.ee\/lt\/wp-json\/wp\/v2\/product_cat?post=150695"},{"taxonomy":"product_tag","embeddable":true,"href":"https:\/\/kingarms.ee\/lt\/wp-json\/wp\/v2\/product_tag?post=150695"}],"curies":[{"name":"wp","href":"https:\/\/api.w.org\/{rel}","templated":true}]}}