{"id":150699,"date":"2024-01-03T14:34:46","date_gmt":"2025-06-08T11:06:15","guid":{"rendered":"https:\/\/kingarms.ee\/product\/crossfire-ii-2-7h32-r-1-v-pleksas-sukurys\/"},"modified":"2025-06-08T14:06:15","modified_gmt":"2025-06-08T11:06:15","slug":"crossfire-ii-2-7h32-r-1-v-pleksas-sukurys","status":"publish","type":"product","link":"https:\/\/kingarms.ee\/lt\/product\/crossfire-ii-2-7h32-r-1-v-pleksas-sukurys\/","title":{"rendered":"Crossfire II 2-7h32 R 1 v-PLEKSAS (s\u016bkurys)"},"content":{"rendered":"","protected":false},"excerpt":{"rendered":"<p>Crossfire II 2-7h32 R 1 v-PLEKSAS (s\u016bkurys)<\/p>\n<p>&#8222;Vortekrossfire II 2-7h32 1 &#8222;&#8221;v-pleks&#8221; yra modernus kintamo didinimo optinis taikiklis, skirtas \u0161oniniams ginklams \u0161audyti.<\/p>\n<p>Visi\u0161kai Naujo dizaino taikymo sritis vir\u0161ija visus \u0161ios kain\u0173 grup\u0117s veiklos standartus. Ry\u0161kus ir ai\u0161kus vaizdas, momentinis fokusavimas, keli\u0173 l\u0119\u0161i\u0173 dangos ir pa\u017eangus MOA bok\u0161to nulio nustatymas u\u017etikrina puik\u0173 naudojim\u0105. Vientisas korpusas pagamintas i\u0161 anoduoto duraliuminio, tod\u0117l yra atsparus pa\u017eeidimams ir ginklo atatrankai. Vamzdis u\u017edarytas ir u\u017epildytas sausomis azoto dujomis. D\u0117l to Skoop atsparus Rasai (vidiniam garavimui) ir oro s\u0105lygoms (lietui ir sniegui).    <\/p>\n<p>Colio ilgio vamzdis leid\u017eia labai pla\u010diai reguliuoti reg\u0117jim\u0105 tarp 60 MOA vertikaliai ir horizontaliai. Paralaksas gamykloje nustatytas 45 metr\u0173 auk\u0161tyje. Vienas paspaudimas pakei\u010dia nustatym\u0105 1\/4 MOA, visas cilindro sukimasis perkelia taikin\u012f 15 MOA.  <\/p>\n<p>Didelis i\u0161\u0117jimo vyzd\u017eio atstumas leid\u017eia \u012frengti optik\u0105 ar\u010diau cilindro i\u0161\u0117jimo, o tai da\u017enai praktikuojama su sportiniais karabinais.<\/p>\n<p>Tarp neabejotin\u0173 prana\u0161um\u0173 yra greito statini\u0173 atstatymo sistema, leid\u017eianti atkurti pradinius nustatymus. Bok\u0161tai yra padengti dangteliais, kurie susij\u0119 su nustatym\u0173 keitimu ir apsaugo b\u016bgnus nuo pa\u017eeidim\u0173. V-PLEKSO taikiklis yra universalus ir labai populiarus taikini\u0173 tinklas, skirtas vis\u0173 r\u016b\u0161i\u0173 \u0161audymui ar med\u017eioklei.  <\/p>\n<p>Funkcijos:<\/p>\n<p>Antirefleksin\u0117s dangos u\u017etikrina didel\u012f \u0161viesos pralaidum\u0105,<br \/>\nUniversalus V-Plekso \u017evilgsnio vaizdas antriniame akyse,<br \/>\nVieno gabalo orlaivio anoduotas aliuminio vamzdis,<br \/>\nbepakopis didinimo reguliavimas,<br \/>\nArmorTek-kieta danga, apsauganti i\u0161orin\u012f objektyv\u0105 nuo \u012fbr\u0117\u017eim\u0173 ir ne\u0161varum\u0173,<br \/>\nrit\u0117s su greito atstatymo sistema,<br \/>\nVandeniui atsparus dizainas.<\/p>\n","protected":false},"featured_media":133363,"template":"","meta":{"_acf_changed":false},"product_brand":[],"product_cat":[1276,1164],"product_tag":[],"class_list":{"0":"post-150699","1":"product","2":"type-product","3":"status-publish","4":"has-post-thumbnail","6":"product_cat-optiniai-taikiniai","7":"product_cat-vaizdai","9":"first","10":"onbackorder","11":"taxable","12":"shipping-taxable","13":"product-type-simple"},"acf":[],"_links":{"self":[{"href":"https:\/\/kingarms.ee\/lt\/wp-json\/wp\/v2\/product\/150699","targetHints":{"allow":["GET"]}}],"collection":[{"href":"https:\/\/kingarms.ee\/lt\/wp-json\/wp\/v2\/product"}],"about":[{"href":"https:\/\/kingarms.ee\/lt\/wp-json\/wp\/v2\/types\/product"}],"wp:featuredmedia":[{"embeddable":true,"href":"https:\/\/kingarms.ee\/lt\/wp-json\/wp\/v2\/media\/133363"}],"wp:attachment":[{"href":"https:\/\/kingarms.ee\/lt\/wp-json\/wp\/v2\/media?parent=150699"}],"wp:term":[{"taxonomy":"product_brand","embeddable":true,"href":"https:\/\/kingarms.ee\/lt\/wp-json\/wp\/v2\/product_brand?post=150699"},{"taxonomy":"product_cat","embeddable":true,"href":"https:\/\/kingarms.ee\/lt\/wp-json\/wp\/v2\/product_cat?post=150699"},{"taxonomy":"product_tag","embeddable":true,"href":"https:\/\/kingarms.ee\/lt\/wp-json\/wp\/v2\/product_tag?post=150699"}],"curies":[{"name":"wp","href":"https:\/\/api.w.org\/{rel}","templated":true}]}}