{"id":150703,"date":"2023-07-07T19:28:55","date_gmt":"2025-06-08T11:22:47","guid":{"rendered":"https:\/\/kingarms.ee\/product\/siluminio-fotoaparato-modulis-skirtas-ismaniajam-telefonui-hikmicro\/"},"modified":"2025-06-08T14:25:27","modified_gmt":"2025-06-08T11:25:27","slug":"siluminio-fotoaparato-modulis-skirtas-ismaniajam-telefonui-hikmicro","status":"publish","type":"product","link":"https:\/\/kingarms.ee\/lt\/product\/siluminio-fotoaparato-modulis-skirtas-ismaniajam-telefonui-hikmicro\/","title":{"rendered":"\u0160iluminio fotoaparato modulis, skirtas i\u0161maniajam telefonui, \u201eHikmicro\u201c"},"content":{"rendered":"<p><img loading=\"lazy\" decoding=\"async\" class=\"alignnone size-full wp-image-80057\" src=\"https:\/\/kingarms.ee\/wp-content\/uploads\/2023\/07\/wid-W126148032.jpg\" alt=\"\" width=\"1400\" height=\"1400\" srcset=\"https:\/\/kingarms.ee\/wp-content\/uploads\/2023\/07\/wid-W126148032.jpg 1400w, https:\/\/kingarms.ee\/wp-content\/uploads\/2023\/07\/wid-W126148032-300x300.jpg 300w, https:\/\/kingarms.ee\/wp-content\/uploads\/2023\/07\/wid-W126148032-1024x1024.jpg 1024w, https:\/\/kingarms.ee\/wp-content\/uploads\/2023\/07\/wid-W126148032-150x150.jpg 150w, https:\/\/kingarms.ee\/wp-content\/uploads\/2023\/07\/wid-W126148032-768x768.jpg 768w, https:\/\/kingarms.ee\/wp-content\/uploads\/2023\/07\/wid-W126148032-500x500.jpg 500w\" sizes=\"auto, (max-width: 1400px) 100vw, 1400px\" \/><\/p>\n","protected":false},"excerpt":{"rendered":"<p>\u0160iluminio fotoaparato modulis, skirtas i\u0161maniajam telefonui, \u201eHikmicro\u201c<\/p>\n<ul>\n<li>160 \u00d7 120 skiriamoji geba<\/li>\n<li>NETD &lt;40 mK (@25cg), F # =1.0<\/li>\n<li>M\u00f5\u00f5tet\u00e4psus \u00b10.5 \u2103 (30 \u00b0C kuni 45 \u00b0C) ; \u00b12 \u00b0C (5 \u00b0C kuni 30 \u00b0C, 45 \u00b0C kuni 100 \u00b0C)<\/li>\n<li>USB Type-C liides (Android)<\/li>\n<li>Kaal 26g<\/li>\n<li>IP40<\/li>\n<\/ul>\n","protected":false},"featured_media":129663,"template":"","meta":{"_acf_changed":false},"product_brand":[],"product_cat":[1182],"product_tag":[],"class_list":{"0":"post-150703","1":"product","2":"type-product","3":"status-publish","4":"has-post-thumbnail","6":"product_cat-silumines-kameros","8":"first","9":"instock","10":"taxable","11":"shipping-taxable","12":"purchasable","13":"product-type-simple"},"acf":[],"_links":{"self":[{"href":"https:\/\/kingarms.ee\/lt\/wp-json\/wp\/v2\/product\/150703","targetHints":{"allow":["GET"]}}],"collection":[{"href":"https:\/\/kingarms.ee\/lt\/wp-json\/wp\/v2\/product"}],"about":[{"href":"https:\/\/kingarms.ee\/lt\/wp-json\/wp\/v2\/types\/product"}],"wp:featuredmedia":[{"embeddable":true,"href":"https:\/\/kingarms.ee\/lt\/wp-json\/wp\/v2\/media\/129663"}],"wp:attachment":[{"href":"https:\/\/kingarms.ee\/lt\/wp-json\/wp\/v2\/media?parent=150703"}],"wp:term":[{"taxonomy":"product_brand","embeddable":true,"href":"https:\/\/kingarms.ee\/lt\/wp-json\/wp\/v2\/product_brand?post=150703"},{"taxonomy":"product_cat","embeddable":true,"href":"https:\/\/kingarms.ee\/lt\/wp-json\/wp\/v2\/product_cat?post=150703"},{"taxonomy":"product_tag","embeddable":true,"href":"https:\/\/kingarms.ee\/lt\/wp-json\/wp\/v2\/product_tag?post=150703"}],"curies":[{"name":"wp","href":"https:\/\/api.w.org\/{rel}","templated":true}]}}