{"id":150705,"date":"2022-10-03T16:15:09","date_gmt":"2025-06-08T11:24:05","guid":{"rendered":"https:\/\/kingarms.ee\/product\/dekorayvine-katana-4\/"},"modified":"2025-06-08T14:24:05","modified_gmt":"2025-06-08T11:24:05","slug":"dekorayvine-katana-4","status":"publish","type":"product","link":"https:\/\/kingarms.ee\/lt\/product\/dekorayvine-katana-4\/","title":{"rendered":"DeKORAYVIN\u0117 KATANA"},"content":{"rendered":"","protected":false},"excerpt":{"rendered":"<p>\u012fkv\u0117ptas tsuyuri kanao Kardo<\/p>\n<p>i\u0161 anime serijos demon slayer-kimetsu no yaiba plieno a\u0161menys mediniai tsuka ir scabbard<\/p>\n<p>metalo tsuba<\/p>\n<p>bendras ilgis 980 mm (1030 mm su skiautele)<\/p>\n<p>A\u0161men\u0173 ilgis 680mm<\/p>\n<p>svoris 730g (930g su skiautele)<\/p>\n","protected":false},"featured_media":123790,"template":"","meta":{"_acf_changed":false},"product_brand":[],"product_cat":[1271],"product_tag":[],"class_list":{"0":"post-150705","1":"product","2":"type-product","3":"status-publish","4":"has-post-thumbnail","6":"product_cat-katana-tanto-lt","8":"first","9":"instock","10":"purchasable","11":"product-type-simple"},"acf":[],"_links":{"self":[{"href":"https:\/\/kingarms.ee\/lt\/wp-json\/wp\/v2\/product\/150705","targetHints":{"allow":["GET"]}}],"collection":[{"href":"https:\/\/kingarms.ee\/lt\/wp-json\/wp\/v2\/product"}],"about":[{"href":"https:\/\/kingarms.ee\/lt\/wp-json\/wp\/v2\/types\/product"}],"wp:featuredmedia":[{"embeddable":true,"href":"https:\/\/kingarms.ee\/lt\/wp-json\/wp\/v2\/media\/123790"}],"wp:attachment":[{"href":"https:\/\/kingarms.ee\/lt\/wp-json\/wp\/v2\/media?parent=150705"}],"wp:term":[{"taxonomy":"product_brand","embeddable":true,"href":"https:\/\/kingarms.ee\/lt\/wp-json\/wp\/v2\/product_brand?post=150705"},{"taxonomy":"product_cat","embeddable":true,"href":"https:\/\/kingarms.ee\/lt\/wp-json\/wp\/v2\/product_cat?post=150705"},{"taxonomy":"product_tag","embeddable":true,"href":"https:\/\/kingarms.ee\/lt\/wp-json\/wp\/v2\/product_tag?post=150705"}],"curies":[{"name":"wp","href":"https:\/\/api.w.org\/{rel}","templated":true}]}}