{"id":150706,"date":"2023-07-02T13:00:45","date_gmt":"2025-06-08T11:24:15","guid":{"rendered":"https:\/\/kingarms.ee\/product\/telescopetaburet-zygio-kede-kingarms\/"},"modified":"2025-06-08T14:24:15","modified_gmt":"2025-06-08T11:24:15","slug":"telescopetaburet-zygio-kede-kingarms","status":"publish","type":"product","link":"https:\/\/kingarms.ee\/lt\/product\/telescopetaburet-zygio-kede-kingarms\/","title":{"rendered":"\u201eTelescopetaburet\u201c \u017eygio k\u0117d\u0117 (\u201eKingarms\u201c)"},"content":{"rendered":"<p><img loading=\"lazy\" decoding=\"async\" class=\"alignnone size-full wp-image-79580\" src=\"https:\/\/kingarms.ee\/wp-content\/uploads\/2023\/07\/180912131.webp\" alt=\"\" width=\"630\" height=\"630\" srcset=\"https:\/\/kingarms.ee\/wp-content\/uploads\/2023\/07\/180912131.webp 630w, https:\/\/kingarms.ee\/wp-content\/uploads\/2023\/07\/180912131-300x300.webp 300w, https:\/\/kingarms.ee\/wp-content\/uploads\/2023\/07\/180912131-150x150.webp 150w, https:\/\/kingarms.ee\/wp-content\/uploads\/2023\/07\/180912131-500x500.webp 500w\" sizes=\"auto, (max-width: 630px) 100vw, 630px\" \/><\/p>\n","protected":false},"excerpt":{"rendered":"<p>\u201eTelescopetaburet\u201c \u017eygio k\u0117d\u0117 (\u201eKingarms\u201c)<\/p>\n<p>Teleskopin\u0117 k\u0117d\u0117 pagaminta i\u0161 auk\u0161tos kokyb\u0117s plastiko, atsidaro grei\u010diau nei per 5 sekundes. Labai kompakti\u0161kas ir lengvas, galima \u012fd\u0117ti \u012f kuprin\u0119 ar krep\u0161\u012f. K\u0117d\u0117je sumontuotos surenkamos konstrukcijos, kurios u\u017etikrina plat\u0173 jos panaudojimo spektr\u0105: \u017evejyba, piknikas, med\u017eiokl\u0117, vie\u0161asis transportas, pasivaik\u0161\u010diojimai lauke, alternatyva \u012fprastoms k\u0117d\u0117ms pagyvenusiems \u017emon\u0117ms, \u017eygiai p\u0117s\u010diomis ir turizmas.  <\/p>\n<p>Funkcija:<\/p>\n<p>svoris: 995 g<br \/>\nskersmuo: 25 cm<br \/>\nauk\u0161tis i\u0161skleidus iki 47 cm<br \/>\nstoris sulankstytas: 6 cm<br \/>\natlenkus atlaiko iki 150 kg apkrov\u0105<br \/>\npridedamas dir\u017eelis ir ne\u0161iojimo rankena<br \/>\nauk\u0161\u010dio reguliavimo parinktis<\/p>\n","protected":false},"featured_media":132524,"template":"","meta":{"_acf_changed":false},"product_brand":[],"product_cat":[1263],"product_tag":[],"class_list":{"0":"post-150706","1":"product","2":"type-product","3":"status-publish","4":"has-post-thumbnail","6":"product_cat-kelioniu-prekes","8":"first","9":"outofstock","10":"taxable","11":"shipping-taxable","12":"purchasable","13":"product-type-simple"},"acf":[],"_links":{"self":[{"href":"https:\/\/kingarms.ee\/lt\/wp-json\/wp\/v2\/product\/150706","targetHints":{"allow":["GET"]}}],"collection":[{"href":"https:\/\/kingarms.ee\/lt\/wp-json\/wp\/v2\/product"}],"about":[{"href":"https:\/\/kingarms.ee\/lt\/wp-json\/wp\/v2\/types\/product"}],"wp:featuredmedia":[{"embeddable":true,"href":"https:\/\/kingarms.ee\/lt\/wp-json\/wp\/v2\/media\/132524"}],"wp:attachment":[{"href":"https:\/\/kingarms.ee\/lt\/wp-json\/wp\/v2\/media?parent=150706"}],"wp:term":[{"taxonomy":"product_brand","embeddable":true,"href":"https:\/\/kingarms.ee\/lt\/wp-json\/wp\/v2\/product_brand?post=150706"},{"taxonomy":"product_cat","embeddable":true,"href":"https:\/\/kingarms.ee\/lt\/wp-json\/wp\/v2\/product_cat?post=150706"},{"taxonomy":"product_tag","embeddable":true,"href":"https:\/\/kingarms.ee\/lt\/wp-json\/wp\/v2\/product_tag?post=150706"}],"curies":[{"name":"wp","href":"https:\/\/api.w.org\/{rel}","templated":true}]}}