{"id":150707,"date":"2022-10-03T16:15:09","date_gmt":"2025-06-08T11:24:28","guid":{"rendered":"https:\/\/kingarms.ee\/product\/dekorayvine-katana-5\/"},"modified":"2025-06-08T14:24:28","modified_gmt":"2025-06-08T11:24:28","slug":"dekorayvine-katana-5","status":"publish","type":"product","link":"https:\/\/kingarms.ee\/lt\/product\/dekorayvine-katana-5\/","title":{"rendered":"DeKORAYVIN\u0117 KATANA"},"content":{"rendered":"","protected":false},"excerpt":{"rendered":"<p>\u012fkv\u0117ptas uduki Arata kardas<\/p>\n<p>i\u0161 anime serijos tsukiuta<\/p>\n<p>plieno a\u0161menys<\/p>\n<p>medinis tsuka ir \u0161a\u0161as<\/p>\n<p>metalo tsuba<\/p>\n<p>bendras ilgis 970 mm (1040 mm su skiautele)<\/p>\n<p>A\u0161men\u0173 ilgis 680mm<\/p>\n<p>svoris 690g (95g su skiautele)<\/p>\n","protected":false},"featured_media":123794,"template":"","meta":{"_acf_changed":false},"product_brand":[],"product_cat":[1271],"product_tag":[],"class_list":{"0":"post-150707","1":"product","2":"type-product","3":"status-publish","4":"has-post-thumbnail","6":"product_cat-katana-tanto-lt","8":"first","9":"onbackorder","10":"product-type-simple"},"acf":[],"_links":{"self":[{"href":"https:\/\/kingarms.ee\/lt\/wp-json\/wp\/v2\/product\/150707","targetHints":{"allow":["GET"]}}],"collection":[{"href":"https:\/\/kingarms.ee\/lt\/wp-json\/wp\/v2\/product"}],"about":[{"href":"https:\/\/kingarms.ee\/lt\/wp-json\/wp\/v2\/types\/product"}],"wp:featuredmedia":[{"embeddable":true,"href":"https:\/\/kingarms.ee\/lt\/wp-json\/wp\/v2\/media\/123794"}],"wp:attachment":[{"href":"https:\/\/kingarms.ee\/lt\/wp-json\/wp\/v2\/media?parent=150707"}],"wp:term":[{"taxonomy":"product_brand","embeddable":true,"href":"https:\/\/kingarms.ee\/lt\/wp-json\/wp\/v2\/product_brand?post=150707"},{"taxonomy":"product_cat","embeddable":true,"href":"https:\/\/kingarms.ee\/lt\/wp-json\/wp\/v2\/product_cat?post=150707"},{"taxonomy":"product_tag","embeddable":true,"href":"https:\/\/kingarms.ee\/lt\/wp-json\/wp\/v2\/product_tag?post=150707"}],"curies":[{"name":"wp","href":"https:\/\/api.w.org\/{rel}","templated":true}]}}