{"id":150710,"date":"2023-06-29T11:40:13","date_gmt":"2023-06-29T08:40:13","guid":{"rendered":"https:\/\/kingarms.ee\/product\/panther-801-rinkinys-borner\/"},"modified":"2025-06-08T14:26:55","modified_gmt":"2025-06-08T11:26:55","slug":"panther-801-rinkinys-borner","status":"publish","type":"product","link":"https:\/\/kingarms.ee\/lt\/product\/panther-801-rinkinys-borner\/","title":{"rendered":"Panther 801 rinkinys (Borner)"},"content":{"rendered":"<p><img loading=\"lazy\" decoding=\"async\" class=\"alignnone size-full wp-image-148250\" src=\"https:\/\/kingarms.ee\/wp-content\/uploads\/2023\/06\/764d6c11473f38fe8f5034a8bbff5446.jpeg\" alt=\"\" width=\"1000\" height=\"750\" srcset=\"https:\/\/kingarms.ee\/wp-content\/uploads\/2023\/06\/764d6c11473f38fe8f5034a8bbff5446.jpeg 1000w, https:\/\/kingarms.ee\/wp-content\/uploads\/2023\/06\/764d6c11473f38fe8f5034a8bbff5446-300x225.jpeg 300w, https:\/\/kingarms.ee\/wp-content\/uploads\/2023\/06\/764d6c11473f38fe8f5034a8bbff5446-768x576.jpeg 768w, https:\/\/kingarms.ee\/wp-content\/uploads\/2023\/06\/764d6c11473f38fe8f5034a8bbff5446-500x375.jpeg 500w, https:\/\/kingarms.ee\/wp-content\/uploads\/2023\/06\/764d6c11473f38fe8f5034a8bbff5446-150x113.jpeg 150w\" sizes=\"auto, (max-width: 1000px) 100vw, 1000px\" \/><\/p>\n","protected":false},"excerpt":{"rendered":"<p>Panther 801 (Borner)<\/p>\n<p>Med\u017eiagos korpusas: metalo lydiniai<br \/>\nCO2 cilindras 12 g<br \/>\nKaset\u0117s d\u0117klo talpa 19 plienini\u0173 rutuli\u0173<br \/>\nkalibras 4,5 mm (.177)<br \/>\nPradinis greitis (m \/ s) 120<br \/>\nEnergija (J) &lt; 3.0<br \/>\nSvoris (g) 750<\/p>\n","protected":false},"featured_media":148254,"template":"","meta":{"_acf_changed":false},"product_brand":[],"product_cat":[1143],"product_tag":[],"class_list":{"0":"post-150710","1":"product","2":"type-product","3":"status-publish","4":"has-post-thumbnail","6":"product_cat-rankinis-ginklas","8":"first","9":"instock","10":"taxable","11":"shipping-taxable","12":"purchasable","13":"product-type-simple"},"acf":[],"_links":{"self":[{"href":"https:\/\/kingarms.ee\/lt\/wp-json\/wp\/v2\/product\/150710","targetHints":{"allow":["GET"]}}],"collection":[{"href":"https:\/\/kingarms.ee\/lt\/wp-json\/wp\/v2\/product"}],"about":[{"href":"https:\/\/kingarms.ee\/lt\/wp-json\/wp\/v2\/types\/product"}],"wp:featuredmedia":[{"embeddable":true,"href":"https:\/\/kingarms.ee\/lt\/wp-json\/wp\/v2\/media\/148254"}],"wp:attachment":[{"href":"https:\/\/kingarms.ee\/lt\/wp-json\/wp\/v2\/media?parent=150710"}],"wp:term":[{"taxonomy":"product_brand","embeddable":true,"href":"https:\/\/kingarms.ee\/lt\/wp-json\/wp\/v2\/product_brand?post=150710"},{"taxonomy":"product_cat","embeddable":true,"href":"https:\/\/kingarms.ee\/lt\/wp-json\/wp\/v2\/product_cat?post=150710"},{"taxonomy":"product_tag","embeddable":true,"href":"https:\/\/kingarms.ee\/lt\/wp-json\/wp\/v2\/product_tag?post=150710"}],"curies":[{"name":"wp","href":"https:\/\/api.w.org\/{rel}","templated":true}]}}